{"id":14920,"date":"2025-06-17T02:21:43","date_gmt":"2025-06-17T01:21:43","guid":{"rendered":"https:\/\/swiss-education-company.ch\/vagas\/instrutor-de-maquilhagem\/"},"modified":"2025-06-17T02:21:50","modified_gmt":"2025-06-17T01:21:50","slug":"instrutor-de-maquilhagem","status":"publish","type":"page","link":"https:\/\/swiss-education-company.ch\/pt\/vagas\/instrutor-de-maquilhagem\/","title":{"rendered":"Instrutor de maquilhagem"},"content":{"rendered":"\t\t<div data-elementor-type=\"wp-page\" data-elementor-id=\"14920\" class=\"elementor elementor-14920 elementor-11528\" data-elementor-post-type=\"page\">\n\t\t\t\t<div class=\"elementor-element elementor-element-45c244f e-flex e-con-boxed e-con e-parent\" data-id=\"45c244f\" data-element_type=\"container\" data-e-type=\"container\">\n\t\t\t\t\t<div class=\"e-con-inner\">\n\t\t<div class=\"elementor-element elementor-element-9a1b2bf e-con-full e-flex e-con e-child\" data-id=\"9a1b2bf\" data-element_type=\"container\" data-e-type=\"container\">\n\t\t\t\t<div class=\"elementor-element elementor-element-354d985 elementor-widget elementor-widget-text-editor\" data-id=\"354d985\" data-element_type=\"widget\" data-e-type=\"widget\" data-settings=\"{&quot;ekit_we_effect_on&quot;:&quot;none&quot;}\" data-widget_type=\"text-editor.default\">\n\t\t\t\t<div class=\"elementor-widget-container\">\n\t\t\t\t\t\t\t\t\t<p>Procuramos uma maquilhadora para a nossa <a href=\"https:\/\/swiss-beauty-and-hair-academy.ch\/make-up-schule\/\">escola de maquilhagem<\/a> com efeito imediato ou por acordo:<\/p>\t\t\t\t\t\t\t\t<\/div>\n\t\t\t\t<\/div>\n\t\t\t\t<div class=\"elementor-element elementor-element-655da6e elementor-widget elementor-widget-heading\" data-id=\"655da6e\" data-element_type=\"widget\" data-e-type=\"widget\" data-settings=\"{&quot;ekit_we_effect_on&quot;:&quot;none&quot;}\" data-widget_type=\"heading.default\">\n\t\t\t\t<div class=\"elementor-widget-container\">\n\t\t\t\t\t<h1 class=\"elementor-heading-title elementor-size-default\">Professor de maquilhagem, a tempo parcial, m\/f<\/h1>\t\t\t\t<\/div>\n\t\t\t\t<\/div>\n\t\t\t\t<div class=\"elementor-element elementor-element-6383298 elementor-widget elementor-widget-text-editor\" data-id=\"6383298\" data-element_type=\"widget\" data-e-type=\"widget\" data-settings=\"{&quot;ekit_we_effect_on&quot;:&quot;none&quot;}\" data-widget_type=\"text-editor.default\">\n\t\t\t\t<div class=\"elementor-widget-container\">\n\t\t\t\t\t\t\t\t\t<p>Procura-se: Professor de maquilhagem<\/p>\t\t\t\t\t\t\t\t<\/div>\n\t\t\t\t<\/div>\n\t\t\t\t<\/div>\n\t\t<div class=\"elementor-element elementor-element-4364a93 e-con-full e-flex e-con e-child\" data-id=\"4364a93\" data-element_type=\"container\" data-e-type=\"container\">\n\t\t\t\t<div class=\"elementor-element elementor-element-1ee8155 elementor-widget elementor-widget-image\" data-id=\"1ee8155\" data-element_type=\"widget\" data-e-type=\"widget\" data-settings=\"{&quot;ekit_we_effect_on&quot;:&quot;none&quot;}\" data-widget_type=\"image.default\">\n\t\t\t\t<div class=\"elementor-widget-container\">\n\t\t\t\t\t\t\t\t\t\t\t\t\t\t\t<img fetchpriority=\"high\" decoding=\"async\" width=\"640\" height=\"427\" src=\"https:\/\/swiss-education-company.ch\/wp-content\/uploads\/2022\/06\/top_kosmetik-6.jpg\" class=\"attachment-large size-large wp-image-14272\" alt=\"\" srcset=\"https:\/\/swiss-education-company.ch\/wp-content\/uploads\/2022\/06\/top_kosmetik-6.jpg 640w, https:\/\/swiss-education-company.ch\/wp-content\/uploads\/2022\/06\/top_kosmetik-6-300x200.jpg 300w, https:\/\/swiss-education-company.ch\/wp-content\/uploads\/2022\/06\/top_kosmetik-6-600x400.jpg 600w\" sizes=\"(max-width: 640px) 100vw, 640px\" \/>\t\t\t\t\t\t\t\t\t\t\t\t\t\t\t<\/div>\n\t\t\t\t<\/div>\n\t\t\t\t<\/div>\n\t\t\t\t\t<\/div>\n\t\t\t\t<\/div>\n\t\t<div class=\"elementor-element elementor-element-66277a7 e-flex e-con-boxed e-con e-parent\" data-id=\"66277a7\" data-element_type=\"container\" data-e-type=\"container\" data-settings=\"{&quot;background_background&quot;:&quot;classic&quot;}\">\n\t\t\t\t\t<div class=\"e-con-inner\">\n\t\t\t\t<div class=\"elementor-element elementor-element-3c49755 elementor-widget elementor-widget-text-editor\" data-id=\"3c49755\" data-element_type=\"widget\" data-e-type=\"widget\" data-settings=\"{&quot;ekit_we_effect_on&quot;:&quot;none&quot;}\" data-widget_type=\"text-editor.default\">\n\t\t\t\t<div class=\"elementor-widget-container\">\n\t\t\t\t\t\t\t\t\t<h3>Tarefas:<\/h3><ul><li>Forma\u00e7\u00e3o te\u00f3rica e pr\u00e1tica dos participantes no curso<\/li><li>Prepara\u00e7\u00e3o e p\u00f3s-processamento das tuas pr\u00f3prias aulas<\/li><li>Realiza\u00e7\u00e3o de exames pr\u00e1ticos e te\u00f3ricos<\/li><\/ul><h3>Requisitos:<\/h3><ul><li>Conhecimentos lingu\u00edsticos: Franc\u00eas e ingl\u00eas e, opcionalmente, outras l\u00ednguas<\/li><li>Forma\u00e7\u00e3o como maquilhador e, pelo menos, 2-3 anos de experi\u00eancia profissional<\/li><li>Forma\u00e7\u00e3o complementar no dom\u00ednio da maquilhagem (por exemplo, exame de mestre-artes\u00e3o)<\/li><li>Experi\u00eancia na forma\u00e7\u00e3o de aprendizes ou adultos<\/li><li>Autoridade natural e paci\u00eancia<\/li><\/ul><h3>N\u00f3s oferecemos-te:<\/h3><ul><li>Uma equipa bem organizada e um ambiente de trabalho agrad\u00e1vel<\/li><li>Condi\u00e7\u00f5es de trabalho interessantes<\/li><li>Potencial de desenvolvimento e de assun\u00e7\u00e3o de maiores responsabilidades<\/li><li>Carga hor\u00e1ria a tempo parcial de cerca de 20 a 40% (dependendo das compet\u00eancias lingu\u00edsticas e do n\u00famero de aulas)<\/li><\/ul><p>Vives na Su\u00ed\u00e7a ou na UE e despert\u00e1mos o teu interesse? Ent\u00e3o esperamos receber a tua candidatura completa com fotografia por e-mail para a posi\u00e7\u00e3o de instrutor de maquilhagem. <\/p><p><strong>Swiss Beauty Academy, D\u00fcbendorfstrasse 2, 8051 Zurique, Email: <a href=\"mailto:hr@sbacademy.ch\">hr@sbacademy.ch<\/a><\/strong><\/p>\t\t\t\t\t\t\t\t<\/div>\n\t\t\t\t<\/div>\n\t\t\t\t\t<\/div>\n\t\t\t\t<\/div>\n\t\t\t\t<\/div>\n\t\t","protected":false},"excerpt":{"rendered":"<p>Procuramos uma maquilhadora para a nossa escola de maquilhagem com efeito imediato ou por acordo: Professor de maquilhagem, a tempo parcial, m\/f Procura-se: Professor de maquilhagem Tarefas: Forma\u00e7\u00e3o te\u00f3rica e pr\u00e1tica dos participantes no curso Prepara\u00e7\u00e3o e p\u00f3s-processamento das tuas pr\u00f3prias aulas Realiza\u00e7\u00e3o de exames pr\u00e1ticos e te\u00f3ricos Requisitos: Conhecimentos lingu\u00edsticos: Franc\u00eas e ingl\u00eas e, [&hellip;]<\/p>\n","protected":false},"author":5,"featured_media":0,"parent":14740,"menu_order":0,"comment_status":"closed","ping_status":"closed","template":"","meta":{"_seopress_robots_primary_cat":"","_seopress_titles_title":"","_seopress_titles_desc":"","_seopress_robots_index":"","site-sidebar-layout":"no-sidebar","site-content-layout":"page-builder","ast-site-content-layout":"full-width-container","site-content-style":"unboxed","site-sidebar-style":"unboxed","ast-global-header-display":"","ast-banner-title-visibility":"","ast-main-header-display":"","ast-hfb-above-header-display":"","ast-hfb-below-header-display":"","ast-hfb-mobile-header-display":"","site-post-title":"disabled","ast-breadcrumbs-content":"","ast-featured-img":"disabled","footer-sml-layout":"","ast-disable-related-posts":"","theme-transparent-header-meta":"default","adv-header-id-meta":"","stick-header-meta":"","header-above-stick-meta":"","header-main-stick-meta":"","header-below-stick-meta":"","astra-migrate-meta-layouts":"default","ast-page-background-enabled":"default","ast-page-background-meta":{"desktop":{"background-color":"var(--ast-global-color-4)","background-image":"","background-repeat":"repeat","background-position":"center center","background-size":"auto","background-attachment":"scroll","background-type":"","background-media":"","overlay-type":"","overlay-color":"","overlay-opacity":"","overlay-gradient":""},"tablet":{"background-color":"","background-image":"","background-repeat":"repeat","background-position":"center center","background-size":"auto","background-attachment":"scroll","background-type":"","background-media":"","overlay-type":"","overlay-color":"","overlay-opacity":"","overlay-gradient":""},"mobile":{"background-color":"","background-image":"","background-repeat":"repeat","background-position":"center center","background-size":"auto","background-attachment":"scroll","background-type":"","background-media":"","overlay-type":"","overlay-color":"","overlay-opacity":"","overlay-gradient":""}},"ast-content-background-meta":{"desktop":{"background-color":"var(--ast-global-color-5)","background-image":"","background-repeat":"repeat","background-position":"center center","background-size":"auto","background-attachment":"scroll","background-type":"","background-media":"","overlay-type":"","overlay-color":"","overlay-opacity":"","overlay-gradient":""},"tablet":{"background-color":"var(--ast-global-color-5)","background-image":"","background-repeat":"repeat","background-position":"center center","background-size":"auto","background-attachment":"scroll","background-type":"","background-media":"","overlay-type":"","overlay-color":"","overlay-opacity":"","overlay-gradient":""},"mobile":{"background-color":"var(--ast-global-color-5)","background-image":"","background-repeat":"repeat","background-position":"center center","background-size":"auto","background-attachment":"scroll","background-type":"","background-media":"","overlay-type":"","overlay-color":"","overlay-opacity":"","overlay-gradient":""}},"footnotes":""},"class_list":["post-14920","page","type-page","status-publish","hentry"],"_links":{"self":[{"href":"https:\/\/swiss-education-company.ch\/pt\/wp-json\/wp\/v2\/pages\/14920","targetHints":{"allow":["GET"]}}],"collection":[{"href":"https:\/\/swiss-education-company.ch\/pt\/wp-json\/wp\/v2\/pages"}],"about":[{"href":"https:\/\/swiss-education-company.ch\/pt\/wp-json\/wp\/v2\/types\/page"}],"author":[{"embeddable":true,"href":"https:\/\/swiss-education-company.ch\/pt\/wp-json\/wp\/v2\/users\/5"}],"replies":[{"embeddable":true,"href":"https:\/\/swiss-education-company.ch\/pt\/wp-json\/wp\/v2\/comments?post=14920"}],"version-history":[{"count":1,"href":"https:\/\/swiss-education-company.ch\/pt\/wp-json\/wp\/v2\/pages\/14920\/revisions"}],"predecessor-version":[{"id":14921,"href":"https:\/\/swiss-education-company.ch\/pt\/wp-json\/wp\/v2\/pages\/14920\/revisions\/14921"}],"up":[{"embeddable":true,"href":"https:\/\/swiss-education-company.ch\/pt\/wp-json\/wp\/v2\/pages\/14740"}],"wp:attachment":[{"href":"https:\/\/swiss-education-company.ch\/pt\/wp-json\/wp\/v2\/media?parent=14920"}],"curies":[{"name":"wp","href":"https:\/\/api.w.org\/{rel}","templated":true}]}}