{"id":14894,"date":"2025-06-17T02:21:11","date_gmt":"2025-06-17T01:21:11","guid":{"rendered":"https:\/\/swiss-education-company.ch\/vagas\/professor-de-massagem\/"},"modified":"2025-06-17T02:21:16","modified_gmt":"2025-06-17T01:21:16","slug":"professor-de-massagem","status":"publish","type":"page","link":"https:\/\/swiss-education-company.ch\/pt\/vagas\/professor-de-massagem\/","title":{"rendered":"Professor de massagem"},"content":{"rendered":"<div class=\"pdfprnt-buttons pdfprnt-buttons-page pdfprnt-top-right\"><a href=\"javascript: imageToPdf(14894)\" class=\"pdfprnt-button pdfprnt-button-pdf\" target=\"_self\" ><img decoding=\"async\" src=\"https:\/\/swiss-education-company.ch\/wp-content\/plugins\/pdf-print\/images\/pdf.png\" alt=\"image_pdf\" title=\"View PDF\" \/><\/a><a href=\"https:\/\/swiss-education-company.ch\/pt\/wp-json\/wp\/v2\/pages\/14894?print=print\" class=\"pdfprnt-button pdfprnt-button-print\" target=\"_blank\" ><img decoding=\"async\" src=\"https:\/\/swiss-education-company.ch\/wp-content\/plugins\/pdf-print\/images\/print.png\" alt=\"image_print\" title=\"Print Content\" \/><\/a><\/div>\t\t<div data-elementor-type=\"wp-page\" data-elementor-id=\"14894\" class=\"elementor elementor-14894 elementor-11611\" data-elementor-post-type=\"page\">\n\t\t\t\t<div class=\"elementor-element elementor-element-14d43942 e-flex e-con-boxed e-con e-parent\" data-id=\"14d43942\" data-element_type=\"container\" data-e-type=\"container\">\n\t\t\t\t\t<div class=\"e-con-inner\">\n\t\t<div class=\"elementor-element elementor-element-4c17213 e-con-full e-flex e-con e-child\" data-id=\"4c17213\" data-element_type=\"container\" data-e-type=\"container\">\n\t\t\t\t<div class=\"elementor-element elementor-element-11b9a852 elementor-widget elementor-widget-text-editor\" data-id=\"11b9a852\" data-element_type=\"widget\" data-e-type=\"widget\" data-settings=\"{&quot;ekit_we_effect_on&quot;:&quot;none&quot;}\" data-widget_type=\"text-editor.default\">\n\t\t\t\t<div class=\"elementor-widget-container\">\n\t\t\t\t\t\t\t\t\t<p>Procuramos um novo membro para a nossa <a title=\"Escola de massagem da Swiss Beauty Academy\" href=\"https:\/\/swiss-beauty-and-hair-academy.ch\/massageschule\/\">escola de massagem<\/a> com efeito imediato ou por acordo:<\/p>\t\t\t\t\t\t\t\t<\/div>\n\t\t\t\t<\/div>\n\t\t\t\t<div class=\"elementor-element elementor-element-232923a3 elementor-widget elementor-widget-heading\" data-id=\"232923a3\" data-element_type=\"widget\" data-e-type=\"widget\" data-settings=\"{&quot;ekit_we_effect_on&quot;:&quot;none&quot;}\" data-widget_type=\"heading.default\">\n\t\t\t\t<div class=\"elementor-widget-container\">\n\t\t\t\t\t<h1 class=\"elementor-heading-title elementor-size-default\">Professor de massagem, a tempo parcial, m\/f<\/h1>\t\t\t\t<\/div>\n\t\t\t\t<\/div>\n\t\t\t\t<\/div>\n\t\t<div class=\"elementor-element elementor-element-1fc56f38 e-con-full e-flex e-con e-child\" data-id=\"1fc56f38\" data-element_type=\"container\" data-e-type=\"container\">\n\t\t\t\t<div class=\"elementor-element elementor-element-438f5501 elementor-widget elementor-widget-image\" data-id=\"438f5501\" data-element_type=\"widget\" data-e-type=\"widget\" data-settings=\"{&quot;ekit_we_effect_on&quot;:&quot;none&quot;}\" data-widget_type=\"image.default\">\n\t\t\t\t<div class=\"elementor-widget-container\">\n\t\t\t\t\t\t\t\t\t\t\t\t\t\t\t<img fetchpriority=\"high\" decoding=\"async\" width=\"1024\" height=\"771\" src=\"https:\/\/swiss-education-company.ch\/wp-content\/uploads\/2024\/01\/massage-schule-escola-de-massagem-escuela-de-masaje-scuola-di-massaggio-massage-school-00-1024x771.jpg\" class=\"attachment-large size-large wp-image-14494\" alt=\"\" srcset=\"https:\/\/swiss-education-company.ch\/wp-content\/uploads\/2024\/01\/massage-schule-escola-de-massagem-escuela-de-masaje-scuola-di-massaggio-massage-school-00-1024x771.jpg 1024w, https:\/\/swiss-education-company.ch\/wp-content\/uploads\/2024\/01\/massage-schule-escola-de-massagem-escuela-de-masaje-scuola-di-massaggio-massage-school-00-300x226.jpg 300w, https:\/\/swiss-education-company.ch\/wp-content\/uploads\/2024\/01\/massage-schule-escola-de-massagem-escuela-de-masaje-scuola-di-massaggio-massage-school-00-768x578.jpg 768w, https:\/\/swiss-education-company.ch\/wp-content\/uploads\/2024\/01\/massage-schule-escola-de-massagem-escuela-de-masaje-scuola-di-massaggio-massage-school-00-1536x1157.jpg 1536w, https:\/\/swiss-education-company.ch\/wp-content\/uploads\/2024\/01\/massage-schule-escola-de-massagem-escuela-de-masaje-scuola-di-massaggio-massage-school-00-2048x1542.jpg 2048w\" sizes=\"(max-width: 1024px) 100vw, 1024px\" \/>\t\t\t\t\t\t\t\t\t\t\t\t\t\t\t<\/div>\n\t\t\t\t<\/div>\n\t\t\t\t<\/div>\n\t\t\t\t\t<\/div>\n\t\t\t\t<\/div>\n\t\t<div class=\"elementor-element elementor-element-11f19593 e-flex e-con-boxed e-con e-parent\" data-id=\"11f19593\" data-element_type=\"container\" data-e-type=\"container\" data-settings=\"{&quot;background_background&quot;:&quot;classic&quot;}\">\n\t\t\t\t\t<div class=\"e-con-inner\">\n\t\t\t\t<div class=\"elementor-element elementor-element-6052c39e elementor-widget elementor-widget-text-editor\" data-id=\"6052c39e\" data-element_type=\"widget\" data-e-type=\"widget\" data-settings=\"{&quot;ekit_we_effect_on&quot;:&quot;none&quot;}\" data-widget_type=\"text-editor.default\">\n\t\t\t\t<div class=\"elementor-widget-container\">\n\t\t\t\t\t\t\t\t\t<h3>Tarefas:<\/h3><ul><li>Forma\u00e7\u00e3o te\u00f3rica e pr\u00e1tica dos participantes no curso<\/li><li>Prepara\u00e7\u00e3o e p\u00f3s-processamento das tuas pr\u00f3prias aulas<\/li><li>Realiza\u00e7\u00e3o de exames pr\u00e1ticos e te\u00f3ricos<\/li><\/ul><h3>Requisitos:<\/h3><ul><li>Conhecimentos lingu\u00edsticos: Ingl\u00eas e espanhol e, opcionalmente, outras l\u00ednguas<\/li><li>Forma\u00e7\u00e3o como massagista e, pelo menos, 2-3 anos de experi\u00eancia profissional<\/li><li>Forma\u00e7\u00e3o complementar no dom\u00ednio da massagem (por exemplo, exame de mestre-artes\u00e3o)<\/li><li>Experi\u00eancia na forma\u00e7\u00e3o de aprendizes ou adultos<\/li><li>Autoridade natural e paci\u00eancia<\/li><li>Forma\u00e7\u00e3o complementar opcional como treinador, instrutor ou formador no dom\u00ednio da metodologia e da did\u00e1tica<\/li><\/ul><h3>N\u00f3s oferecemos-te:<\/h3><ul><li>Uma equipa bem organizada e um ambiente de trabalho agrad\u00e1vel<\/li><li>Condi\u00e7\u00f5es de trabalho interessantes<\/li><li>Potencial de desenvolvimento e de assun\u00e7\u00e3o de maiores responsabilidades<\/li><li>Carga hor\u00e1ria a tempo parcial de cerca de 20 a 40% (dependendo das compet\u00eancias lingu\u00edsticas e do n\u00famero de aulas)<\/li><\/ul><p><br>Vives na Su\u00ed\u00e7a ou na UE e est\u00e1s interessado? Ent\u00e3o esperamos receber a tua candidatura completa com fotografia por e-mail para a posi\u00e7\u00e3o de instrutor de massagem. <\/p><p><strong>Swiss Beauty Academy, D\u00fcbendorfstrasse 2, 8051 Zurique, Email: <a href=\"mailto:hr@sbacademy.ch\">hr@sbacademy.ch<\/a><\/strong><\/p>\t\t\t\t\t\t\t\t<\/div>\n\t\t\t\t<\/div>\n\t\t\t\t\t<\/div>\n\t\t\t\t<\/div>\n\t\t\t\t<\/div>\n\t\t","protected":false},"excerpt":{"rendered":"<p>Procuramos um novo membro para a nossa escola de massagem com efeito imediato ou por acordo: Professor de massagem, a tempo parcial, m\/f Tarefas: Forma\u00e7\u00e3o te\u00f3rica e pr\u00e1tica dos participantes no curso Prepara\u00e7\u00e3o e p\u00f3s-processamento das tuas pr\u00f3prias aulas Realiza\u00e7\u00e3o de exames pr\u00e1ticos e te\u00f3ricos Requisitos: Conhecimentos lingu\u00edsticos: Ingl\u00eas e espanhol e, opcionalmente, outras l\u00ednguas [&hellip;]<\/p>\n","protected":false},"author":5,"featured_media":0,"parent":14740,"menu_order":0,"comment_status":"closed","ping_status":"closed","template":"","meta":{"_seopress_robots_primary_cat":"","_seopress_titles_title":"","_seopress_titles_desc":"","_seopress_robots_index":"","_seopress_analysis_target_kw":"","site-sidebar-layout":"no-sidebar","site-content-layout":"page-builder","ast-site-content-layout":"full-width-container","site-content-style":"unboxed","site-sidebar-style":"unboxed","ast-global-header-display":"","ast-banner-title-visibility":"","ast-main-header-display":"","ast-hfb-above-header-display":"","ast-hfb-below-header-display":"","ast-hfb-mobile-header-display":"","site-post-title":"disabled","ast-breadcrumbs-content":"","ast-featured-img":"disabled","footer-sml-layout":"","ast-disable-related-posts":"","theme-transparent-header-meta":"default","adv-header-id-meta":"","stick-header-meta":"","header-above-stick-meta":"","header-main-stick-meta":"","header-below-stick-meta":"","astra-migrate-meta-layouts":"default","ast-page-background-enabled":"default","ast-page-background-meta":{"desktop":{"background-color":"var(--ast-global-color-4)","background-image":"","background-repeat":"repeat","background-position":"center center","background-size":"auto","background-attachment":"scroll","background-type":"","background-media":"","overlay-type":"","overlay-color":"","overlay-opacity":"","overlay-gradient":""},"tablet":{"background-color":"","background-image":"","background-repeat":"repeat","background-position":"center center","background-size":"auto","background-attachment":"scroll","background-type":"","background-media":"","overlay-type":"","overlay-color":"","overlay-opacity":"","overlay-gradient":""},"mobile":{"background-color":"","background-image":"","background-repeat":"repeat","background-position":"center center","background-size":"auto","background-attachment":"scroll","background-type":"","background-media":"","overlay-type":"","overlay-color":"","overlay-opacity":"","overlay-gradient":""}},"ast-content-background-meta":{"desktop":{"background-color":"var(--ast-global-color-5)","background-image":"","background-repeat":"repeat","background-position":"center center","background-size":"auto","background-attachment":"scroll","background-type":"","background-media":"","overlay-type":"","overlay-color":"","overlay-opacity":"","overlay-gradient":""},"tablet":{"background-color":"var(--ast-global-color-5)","background-image":"","background-repeat":"repeat","background-position":"center center","background-size":"auto","background-attachment":"scroll","background-type":"","background-media":"","overlay-type":"","overlay-color":"","overlay-opacity":"","overlay-gradient":""},"mobile":{"background-color":"var(--ast-global-color-5)","background-image":"","background-repeat":"repeat","background-position":"center center","background-size":"auto","background-attachment":"scroll","background-type":"","background-media":"","overlay-type":"","overlay-color":"","overlay-opacity":"","overlay-gradient":""}},"footnotes":""},"class_list":["post-14894","page","type-page","status-publish","hentry"],"_links":{"self":[{"href":"https:\/\/swiss-education-company.ch\/pt\/wp-json\/wp\/v2\/pages\/14894","targetHints":{"allow":["GET"]}}],"collection":[{"href":"https:\/\/swiss-education-company.ch\/pt\/wp-json\/wp\/v2\/pages"}],"about":[{"href":"https:\/\/swiss-education-company.ch\/pt\/wp-json\/wp\/v2\/types\/page"}],"author":[{"embeddable":true,"href":"https:\/\/swiss-education-company.ch\/pt\/wp-json\/wp\/v2\/users\/5"}],"replies":[{"embeddable":true,"href":"https:\/\/swiss-education-company.ch\/pt\/wp-json\/wp\/v2\/comments?post=14894"}],"version-history":[{"count":1,"href":"https:\/\/swiss-education-company.ch\/pt\/wp-json\/wp\/v2\/pages\/14894\/revisions"}],"predecessor-version":[{"id":14896,"href":"https:\/\/swiss-education-company.ch\/pt\/wp-json\/wp\/v2\/pages\/14894\/revisions\/14896"}],"up":[{"embeddable":true,"href":"https:\/\/swiss-education-company.ch\/pt\/wp-json\/wp\/v2\/pages\/14740"}],"wp:attachment":[{"href":"https:\/\/swiss-education-company.ch\/pt\/wp-json\/wp\/v2\/media?parent=14894"}],"curies":[{"name":"wp","href":"https:\/\/api.w.org\/{rel}","templated":true}]}}