{"id":14893,"date":"2025-06-17T02:21:11","date_gmt":"2025-06-17T01:21:11","guid":{"rendered":"https:\/\/swiss-education-company.ch\/vagas\/professora-especialista-em-design-de-unhas\/"},"modified":"2025-06-17T02:21:17","modified_gmt":"2025-06-17T01:21:17","slug":"professora-especialista-em-design-de-unhas","status":"publish","type":"page","link":"https:\/\/swiss-education-company.ch\/pt\/vagas\/professora-especialista-em-design-de-unhas\/","title":{"rendered":"Professora especialista em design de unhas"},"content":{"rendered":"\t\t<div data-elementor-type=\"wp-page\" data-elementor-id=\"14893\" class=\"elementor elementor-14893 elementor-11618\" data-elementor-post-type=\"page\">\n\t\t\t\t<div class=\"elementor-element elementor-element-4bd3986d e-flex e-con-boxed e-con e-parent\" data-id=\"4bd3986d\" data-element_type=\"container\" data-e-type=\"container\">\n\t\t\t\t\t<div class=\"e-con-inner\">\n\t\t<div class=\"elementor-element elementor-element-2add1849 e-con-full e-flex e-con e-child\" data-id=\"2add1849\" data-element_type=\"container\" data-e-type=\"container\">\n\t\t\t\t<div class=\"elementor-element elementor-element-6867f6ae elementor-widget elementor-widget-text-editor\" data-id=\"6867f6ae\" data-element_type=\"widget\" data-e-type=\"widget\" data-settings=\"{&quot;ekit_we_effect_on&quot;:&quot;none&quot;}\" data-widget_type=\"text-editor.default\">\n\t\t\t\t<div class=\"elementor-widget-container\">\n\t\t\t\t\t\t\t\t\t<p>Procuramos um <a title=\"Forma\u00e7\u00e3o em design de unhas - Forma\u00e7\u00e3o em design de unhas\" href=\"https:\/\/swiss-beauty-and-hair-academy.ch\/nageldesign-ausbildung\/\">Designer de Unhas para a nossa Escola de Design de Unhas<\/a> com efeito imediato ou por acordo:<\/p>\t\t\t\t\t\t\t\t<\/div>\n\t\t\t\t<\/div>\n\t\t\t\t<div class=\"elementor-element elementor-element-32461358 elementor-widget elementor-widget-heading\" data-id=\"32461358\" data-element_type=\"widget\" data-e-type=\"widget\" data-settings=\"{&quot;ekit_we_effect_on&quot;:&quot;none&quot;}\" data-widget_type=\"heading.default\">\n\t\t\t\t<div class=\"elementor-widget-container\">\n\t\t\t\t\t<h1 class=\"elementor-heading-title elementor-size-default\">Professor especialista em design de unhas, a tempo parcial<\/h1>\t\t\t\t<\/div>\n\t\t\t\t<\/div>\n\t\t\t\t<\/div>\n\t\t<div class=\"elementor-element elementor-element-da18811 e-con-full e-flex e-con e-child\" data-id=\"da18811\" data-element_type=\"container\" data-e-type=\"container\">\n\t\t\t\t<div class=\"elementor-element elementor-element-c9e5472 elementor-widget elementor-widget-image\" data-id=\"c9e5472\" data-element_type=\"widget\" data-e-type=\"widget\" data-settings=\"{&quot;ekit_we_effect_on&quot;:&quot;none&quot;}\" data-widget_type=\"image.default\">\n\t\t\t\t<div class=\"elementor-widget-container\">\n\t\t\t\t\t\t\t\t\t\t\t\t\t\t\t<img fetchpriority=\"high\" decoding=\"async\" width=\"626\" height=\"417\" src=\"https:\/\/swiss-education-company.ch\/wp-content\/uploads\/2022\/06\/beautician-filing-female-clients-nails-spa-beauty-salon_13339-236501.jpg\" class=\"attachment-large size-large wp-image-14284\" alt=\"\" srcset=\"https:\/\/swiss-education-company.ch\/wp-content\/uploads\/2022\/06\/beautician-filing-female-clients-nails-spa-beauty-salon_13339-236501.jpg 626w, https:\/\/swiss-education-company.ch\/wp-content\/uploads\/2022\/06\/beautician-filing-female-clients-nails-spa-beauty-salon_13339-236501-300x200.jpg 300w, https:\/\/swiss-education-company.ch\/wp-content\/uploads\/2022\/06\/beautician-filing-female-clients-nails-spa-beauty-salon_13339-236501-600x400.jpg 600w\" sizes=\"(max-width: 626px) 100vw, 626px\" \/>\t\t\t\t\t\t\t\t\t\t\t\t\t\t\t<\/div>\n\t\t\t\t<\/div>\n\t\t\t\t<\/div>\n\t\t\t\t\t<\/div>\n\t\t\t\t<\/div>\n\t\t<div class=\"elementor-element elementor-element-9637f40 e-flex e-con-boxed e-con e-parent\" data-id=\"9637f40\" data-element_type=\"container\" data-e-type=\"container\" data-settings=\"{&quot;background_background&quot;:&quot;classic&quot;}\">\n\t\t\t\t\t<div class=\"e-con-inner\">\n\t\t\t\t<div class=\"elementor-element elementor-element-31156ac1 elementor-widget elementor-widget-text-editor\" data-id=\"31156ac1\" data-element_type=\"widget\" data-e-type=\"widget\" data-settings=\"{&quot;ekit_we_effect_on&quot;:&quot;none&quot;}\" data-widget_type=\"text-editor.default\">\n\t\t\t\t<div class=\"elementor-widget-container\">\n\t\t\t\t\t\t\t\t\t<h3>Tarefas:<\/h3><ul><li>Forma\u00e7\u00e3o te\u00f3rica e pr\u00e1tica dos participantes no curso, de acordo com o programa de forma\u00e7\u00e3o <\/li><li>Prepara\u00e7\u00e3o de documentos, bem como prepara\u00e7\u00e3o e acompanhamento das tuas pr\u00f3prias aulas<\/li><li>Realiza\u00e7\u00e3o de exames pr\u00e1ticos e te\u00f3ricos<\/li><\/ul><h3>Requisitos:<\/h3><ul><li>Conhecimentos lingu\u00edsticos: Alem\u00e3o e ingl\u00eas &#8211; outras l\u00ednguas opcionais (especialmente espanhol e portugu\u00eas)<\/li><li>Forma\u00e7\u00e3o como designer de unhas e, pelo menos, 3 anos de experi\u00eancia profissional<\/li><li>Forma\u00e7\u00e3o complementar no dom\u00ednio das unhas e\/ou experi\u00eancia na forma\u00e7\u00e3o de aprendizes ou adultos<\/li><li>Interesse e talento para a profiss\u00e3o de professor especialista em manicura<\/li><\/ul><h3>N\u00f3s oferecemos-te:<\/h3><ul><li>Uma equipa bem organizada e um ambiente de trabalho agrad\u00e1vel<\/li><li>Condi\u00e7\u00f5es de trabalho interessantes<\/li><li>Potencial de desenvolvimento e de assun\u00e7\u00e3o de maiores responsabilidades<\/li><li>Carga hor\u00e1ria a tempo parcial de cerca de 20 a 40% (dependendo das compet\u00eancias lingu\u00edsticas e do n\u00famero de aulas)<\/li><\/ul><p>Vives na Su\u00ed\u00e7a ou na UE e despert\u00e1mos o teu interesse? Ent\u00e3o esperamos receber a tua candidatura completa com fotografia por e-mail. <\/p><p><strong>Swiss Beauty Academy, D\u00fcbendorfstrasse 2, 8051 Zurique, Email: <a href=\"mailto:hr@sbacademy.ch\">hr@sbacademy.ch<\/a><\/strong><\/p>\t\t\t\t\t\t\t\t<\/div>\n\t\t\t\t<\/div>\n\t\t\t\t\t<\/div>\n\t\t\t\t<\/div>\n\t\t\t\t<\/div>\n\t\t","protected":false},"excerpt":{"rendered":"<p>Procuramos um Designer de Unhas para a nossa Escola de Design de Unhas com efeito imediato ou por acordo: Professor especialista em design de unhas, a tempo parcial Tarefas: Forma\u00e7\u00e3o te\u00f3rica e pr\u00e1tica dos participantes no curso, de acordo com o programa de forma\u00e7\u00e3o Prepara\u00e7\u00e3o de documentos, bem como prepara\u00e7\u00e3o e acompanhamento das tuas pr\u00f3prias [&hellip;]<\/p>\n","protected":false},"author":5,"featured_media":0,"parent":14740,"menu_order":0,"comment_status":"closed","ping_status":"closed","template":"","meta":{"_seopress_robots_primary_cat":"","_seopress_titles_title":"","_seopress_titles_desc":"","_seopress_robots_index":"","site-sidebar-layout":"no-sidebar","site-content-layout":"page-builder","ast-site-content-layout":"full-width-container","site-content-style":"unboxed","site-sidebar-style":"unboxed","ast-global-header-display":"","ast-banner-title-visibility":"","ast-main-header-display":"","ast-hfb-above-header-display":"","ast-hfb-below-header-display":"","ast-hfb-mobile-header-display":"","site-post-title":"","ast-breadcrumbs-content":"","ast-featured-img":"disabled","footer-sml-layout":"","ast-disable-related-posts":"","theme-transparent-header-meta":"default","adv-header-id-meta":"","stick-header-meta":"","header-above-stick-meta":"","header-main-stick-meta":"","header-below-stick-meta":"","astra-migrate-meta-layouts":"default","ast-page-background-enabled":"default","ast-page-background-meta":{"desktop":{"background-color":"var(--ast-global-color-4)","background-image":"","background-repeat":"repeat","background-position":"center center","background-size":"auto","background-attachment":"scroll","background-type":"","background-media":"","overlay-type":"","overlay-color":"","overlay-opacity":"","overlay-gradient":""},"tablet":{"background-color":"","background-image":"","background-repeat":"repeat","background-position":"center center","background-size":"auto","background-attachment":"scroll","background-type":"","background-media":"","overlay-type":"","overlay-color":"","overlay-opacity":"","overlay-gradient":""},"mobile":{"background-color":"","background-image":"","background-repeat":"repeat","background-position":"center center","background-size":"auto","background-attachment":"scroll","background-type":"","background-media":"","overlay-type":"","overlay-color":"","overlay-opacity":"","overlay-gradient":""}},"ast-content-background-meta":{"desktop":{"background-color":"var(--ast-global-color-5)","background-image":"","background-repeat":"repeat","background-position":"center center","background-size":"auto","background-attachment":"scroll","background-type":"","background-media":"","overlay-type":"","overlay-color":"","overlay-opacity":"","overlay-gradient":""},"tablet":{"background-color":"var(--ast-global-color-5)","background-image":"","background-repeat":"repeat","background-position":"center center","background-size":"auto","background-attachment":"scroll","background-type":"","background-media":"","overlay-type":"","overlay-color":"","overlay-opacity":"","overlay-gradient":""},"mobile":{"background-color":"var(--ast-global-color-5)","background-image":"","background-repeat":"repeat","background-position":"center center","background-size":"auto","background-attachment":"scroll","background-type":"","background-media":"","overlay-type":"","overlay-color":"","overlay-opacity":"","overlay-gradient":""}},"footnotes":""},"class_list":["post-14893","page","type-page","status-publish","hentry"],"_links":{"self":[{"href":"https:\/\/swiss-education-company.ch\/pt\/wp-json\/wp\/v2\/pages\/14893","targetHints":{"allow":["GET"]}}],"collection":[{"href":"https:\/\/swiss-education-company.ch\/pt\/wp-json\/wp\/v2\/pages"}],"about":[{"href":"https:\/\/swiss-education-company.ch\/pt\/wp-json\/wp\/v2\/types\/page"}],"author":[{"embeddable":true,"href":"https:\/\/swiss-education-company.ch\/pt\/wp-json\/wp\/v2\/users\/5"}],"replies":[{"embeddable":true,"href":"https:\/\/swiss-education-company.ch\/pt\/wp-json\/wp\/v2\/comments?post=14893"}],"version-history":[{"count":1,"href":"https:\/\/swiss-education-company.ch\/pt\/wp-json\/wp\/v2\/pages\/14893\/revisions"}],"predecessor-version":[{"id":14895,"href":"https:\/\/swiss-education-company.ch\/pt\/wp-json\/wp\/v2\/pages\/14893\/revisions\/14895"}],"up":[{"embeddable":true,"href":"https:\/\/swiss-education-company.ch\/pt\/wp-json\/wp\/v2\/pages\/14740"}],"wp:attachment":[{"href":"https:\/\/swiss-education-company.ch\/pt\/wp-json\/wp\/v2\/media?parent=14893"}],"curies":[{"name":"wp","href":"https:\/\/api.w.org\/{rel}","templated":true}]}}