{"id":13255,"date":"2024-12-10T01:31:08","date_gmt":"2024-12-10T00:31:08","guid":{"rendered":"https:\/\/swiss-education-company.ch\/?page_id=13255"},"modified":"2024-12-10T01:42:24","modified_gmt":"2024-12-10T00:42:24","slug":"registo-com-fatura","status":"publish","type":"page","link":"https:\/\/swiss-education-company.ch\/pt\/sobre-nos\/registo-com-fatura\/","title":{"rendered":"registo com fatura"},"content":{"rendered":"\t\t<div data-elementor-type=\"wp-page\" data-elementor-id=\"13255\" class=\"elementor elementor-13255 elementor-11698\" data-elementor-post-type=\"page\">\n\t\t\t\t\t\t<section class=\"elementor-section elementor-top-section elementor-element elementor-element-31f5ddcb elementor-section-full_width elementor-section-height-default elementor-section-height-default\" data-id=\"31f5ddcb\" data-element_type=\"section\" data-e-type=\"section\">\n\t\t\t\t\t\t\t<div class=\"elementor-background-overlay\"><\/div>\n\t\t\t\t\t\t\t<div class=\"elementor-container elementor-column-gap-default\">\n\t\t\t\t\t<div class=\"elementor-column elementor-col-100 elementor-top-column elementor-element elementor-element-5f5da683\" data-id=\"5f5da683\" data-element_type=\"column\" data-e-type=\"column\">\n\t\t\t<div class=\"elementor-widget-wrap elementor-element-populated\">\n\t\t\t\t\t\t<div class=\"elementor-element elementor-element-735c372d elementor-widget elementor-widget-heading\" data-id=\"735c372d\" data-element_type=\"widget\" data-e-type=\"widget\" data-settings=\"{&quot;ekit_we_effect_on&quot;:&quot;none&quot;}\" data-widget_type=\"heading.default\">\n\t\t\t\t<div class=\"elementor-widget-container\">\n\t\t\t\t\t<h1 class=\"elementor-heading-title elementor-size-default\">Registo  <\/h1>\t\t\t\t<\/div>\n\t\t\t\t<\/div>\n\t\t\t\t\t<\/div>\n\t\t<\/div>\n\t\t\t\t\t<\/div>\n\t\t<\/section>\n\t\t\t\t<section class=\"elementor-section elementor-top-section elementor-element elementor-element-41403856 elementor-section-boxed elementor-section-height-default elementor-section-height-default\" data-id=\"41403856\" data-element_type=\"section\" data-e-type=\"section\" data-settings=\"{&quot;background_background&quot;:&quot;classic&quot;}\">\n\t\t\t\t\t\t\t<div class=\"elementor-background-overlay\"><\/div>\n\t\t\t\t\t\t\t<div class=\"elementor-container elementor-column-gap-default\">\n\t\t\t\t\t<div class=\"elementor-column elementor-col-33 elementor-top-column elementor-element elementor-element-29b2af6e\" data-id=\"29b2af6e\" data-element_type=\"column\" data-e-type=\"column\">\n\t\t\t<div class=\"elementor-widget-wrap\">\n\t\t\t\t\t\t\t<\/div>\n\t\t<\/div>\n\t\t\t\t<div class=\"elementor-column elementor-col-33 elementor-top-column elementor-element elementor-element-40511ce9\" data-id=\"40511ce9\" data-element_type=\"column\" data-e-type=\"column\" data-settings=\"{&quot;background_background&quot;:&quot;classic&quot;}\">\n\t\t\t<div class=\"elementor-widget-wrap elementor-element-populated\">\n\t\t\t\t\t\t<div class=\"elementor-element elementor-element-537ee62 elementor-widget elementor-widget-text-editor\" data-id=\"537ee62\" data-element_type=\"widget\" data-e-type=\"widget\" data-settings=\"{&quot;ekit_we_effect_on&quot;:&quot;none&quot;}\" data-widget_type=\"text-editor.default\">\n\t\t\t\t<div class=\"elementor-widget-container\">\n\t\t\t\t\t\t\t\t\t<p>Descarregue e imprima os formul\u00e1rios de inscri\u00e7\u00e3o (documentos PDF abaixo), preencha e assine-os e envie-os por correio para o seguinte endere\u00e7o<\/p>\t\t\t\t\t\t\t\t<\/div>\n\t\t\t\t<\/div>\n\t\t\t\t<div class=\"elementor-element elementor-element-065575d elementor-widget elementor-widget-text-editor\" data-id=\"065575d\" data-element_type=\"widget\" data-e-type=\"widget\" data-settings=\"{&quot;ekit_we_effect_on&quot;:&quot;none&quot;}\" data-widget_type=\"text-editor.default\">\n\t\t\t\t<div class=\"elementor-widget-container\">\n\t\t\t\t\t\t\t\t\t<p style=\"padding-left: 30px;\"><strong style=\"font-style: inherit;\">Endere\u00e7o postal:<br \/><\/strong><strong style=\"font-style: inherit;\">Swiss Education Company<br \/><\/strong><strong style=\"font-style: inherit;\">D\u00fcbendorfstrasse 2<br \/><\/strong><strong style=\"font-style: inherit;\">CH- 8051 Zurich<\/strong><\/p><p style=\"padding-left: 30px;\"><strong>Endere\u00e7o de correio eletr\u00f3nico:<br \/><\/strong><strong><span style=\"color: #000000;\"><a style=\"color: #000000; text-decoration: underline;\" href=\"mailto:info@secompany.ch\">info@secompany.ch<\/a><\/span><\/strong><\/p>\t\t\t\t\t\t\t\t<\/div>\n\t\t\t\t<\/div>\n\t\t\t\t<div class=\"elementor-element elementor-element-a028061 elementor-widget elementor-widget-shortcode\" data-id=\"a028061\" data-element_type=\"widget\" data-e-type=\"widget\" data-settings=\"{&quot;ekit_we_effect_on&quot;:&quot;none&quot;}\" data-widget_type=\"shortcode.default\">\n\t\t\t\t<div class=\"elementor-widget-container\">\n\t\t\t\t\t\t\t<div class=\"elementor-shortcode\"><div class='w3eden'><!-- WPDM Link Template: Default Template -->\n\n<div class=\"link-template-default card mb-2\">\n    <div class=\"card-body\">\n        <div class=\"media\">\n            <div class=\"mr-3 img-48\"><img decoding=\"async\" class=\"wpdm_icon\" alt=\"Icon\"   src=\"https:\/\/swiss-education-company.ch\/wp-content\/plugins\/download-manager\/assets\/file-type-icons\/pdf.png\" \/><\/div>\n            <div class=\"media-body\">\n                <h3 class=\"package-title\"><a href='https:\/\/swiss-education-company.ch\/pt\/download\/formulario-de-inscricao_portuguese-pdf\/'>Formul\u00e1rio de inscri\u00e7\u00e3o_Portuguese.pdf<\/a><\/h3>\n                <div class=\"text-muted text-small\"><i class=\"fas fa-copy\"><\/i> 1 file(s) <i class=\"fas fa-hdd ml-3\"><\/i> 342.75 KB<\/div>\n            <\/div>\n            <div class=\"ml-3\">\n                <a class='wpdm-download-link download-on-click btn btn-primary ' rel='nofollow' href='#' data-downloadurl=\"https:\/\/swiss-education-company.ch\/pt\/download\/formulario-de-inscricao_portuguese-pdf\/?wpdmdl=13260&refresh=69e14544a6e461776371012\">descarregar<\/a>\n            <\/div>\n        <\/div>\n    <\/div>\n<\/div>\n\n<\/div><\/div>\n\t\t\t\t\t\t<\/div>\n\t\t\t\t<\/div>\n\t\t\t\t<div class=\"elementor-element elementor-element-6240ed9c elementor-widget elementor-widget-text-editor\" data-id=\"6240ed9c\" data-element_type=\"widget\" data-e-type=\"widget\" data-settings=\"{&quot;ekit_we_effect_on&quot;:&quot;none&quot;}\" data-widget_type=\"text-editor.default\">\n\t\t\t\t<div class=\"elementor-widget-container\">\n\t\t\t\t\t\t\t\t\t<p>Em alternativa, preencha o seguinte formul\u00e1rio para que possamos enviar-lhe os documentos do curso, incluindo os formul\u00e1rios de inscri\u00e7\u00e3o, por correio e por correio eletr\u00f3nico. Pode tamb\u00e9m utilizar o formul\u00e1rio de contacto para colocar quest\u00f5es sobre os nossos cursos.<\/p>\t\t\t\t\t\t\t\t<\/div>\n\t\t\t\t<\/div>\n\t\t\t\t<div class=\"elementor-element elementor-element-4781aec8 elementor-widget elementor-widget-elementskit-contact-form7\" data-id=\"4781aec8\" data-element_type=\"widget\" data-e-type=\"widget\" data-settings=\"{&quot;ekit_we_effect_on&quot;:&quot;none&quot;}\" data-widget_type=\"elementskit-contact-form7.default\">\n\t\t\t\t<div class=\"elementor-widget-container\">\n\t\t\t\t\t<div class=\"ekit-wid-con\" ><div class=\"ekit-form\">\n<div class=\"wpcf7 no-js\" id=\"wpcf7-f12963-p13255-o1\" lang=\"pt-PT\" dir=\"ltr\" data-wpcf7-id=\"12963\">\n<div class=\"screen-reader-response\"><p role=\"status\" aria-live=\"polite\" aria-atomic=\"true\"><\/p> <ul><\/ul><\/div>\n<form action=\"\/pt\/sobre-nos\/registo-com-fatura\/#wpcf7-f12963-p13255-o1\" method=\"post\" class=\"wpcf7-form init\" aria-label=\"Formul\u00e1rio de contacto\" novalidate=\"novalidate\" data-status=\"init\">\n<fieldset class=\"hidden-fields-container\"><input type=\"hidden\" name=\"_wpcf7\" value=\"12963\" \/><input type=\"hidden\" name=\"_wpcf7_version\" value=\"6.1.5\" \/><input type=\"hidden\" name=\"_wpcf7_locale\" value=\"pt_PT\" \/><input type=\"hidden\" name=\"_wpcf7_unit_tag\" value=\"wpcf7-f12963-p13255-o1\" \/><input type=\"hidden\" name=\"_wpcf7_container_post\" value=\"13255\" \/><input type=\"hidden\" name=\"_wpcf7_posted_data_hash\" value=\"\" \/><input type=\"hidden\" name=\"_wpcf7cf_hidden_group_fields\" value=\"[]\" \/><input type=\"hidden\" name=\"_wpcf7cf_hidden_groups\" value=\"[]\" \/><input type=\"hidden\" name=\"_wpcf7cf_visible_groups\" value=\"[]\" \/><input type=\"hidden\" name=\"_wpcf7cf_repeaters\" value=\"[]\" \/><input type=\"hidden\" name=\"_wpcf7cf_steps\" value=\"{}\" \/><input type=\"hidden\" name=\"_wpcf7cf_options\" value=\"{&quot;form_id&quot;:12963,&quot;conditions&quot;:[{&quot;then_field&quot;:&quot;group-912&quot;,&quot;and_rules&quot;:[{&quot;if_field&quot;:&quot;radio-604&quot;,&quot;operator&quot;:&quot;equals&quot;,&quot;if_value&quot;:&quot;Su\\u00ed\\u00e7a&quot;}]},{&quot;then_field&quot;:&quot;group-912&quot;,&quot;and_rules&quot;:[{&quot;if_field&quot;:&quot;radio-604&quot;,&quot;operator&quot;:&quot;equals&quot;,&quot;if_value&quot;:&quot;Principado de Liechtenstein&quot;}]},{&quot;then_field&quot;:&quot;group-785&quot;,&quot;and_rules&quot;:[{&quot;if_field&quot;:&quot;radio-608&quot;,&quot;operator&quot;:&quot;equals&quot;,&quot;if_value&quot;:&quot;Sim&quot;},{&quot;if_field&quot;:&quot;radio-604&quot;,&quot;operator&quot;:&quot;equals&quot;,&quot;if_value&quot;:&quot;Su\\u00ed\\u00e7a&quot;}]},{&quot;then_field&quot;:&quot;group-785&quot;,&quot;and_rules&quot;:[{&quot;if_field&quot;:&quot;radio-608&quot;,&quot;operator&quot;:&quot;equals&quot;,&quot;if_value&quot;:&quot;Sim&quot;},{&quot;if_field&quot;:&quot;radio-604&quot;,&quot;operator&quot;:&quot;equals&quot;,&quot;if_value&quot;:&quot;Principado de Liechtenstein&quot;}]}],&quot;settings&quot;:{&quot;animation&quot;:&quot;yes&quot;,&quot;animation_intime&quot;:200,&quot;animation_outtime&quot;:200,&quot;conditions_ui&quot;:&quot;normal&quot;,&quot;notice_dismissed&quot;:false}}\" \/>\n<\/fieldset>\n<div class=\"bmg-contact-form-wrap\">\n\t<p><label><strong>Nome do curso - As suas perguntas:<\/strong><\/label>\n\t<\/p>\n\t<div class=\"bmg-field\">\n\t\t<p><span class=\"wpcf7-form-control-wrap\" data-name=\"your-message\"><textarea cols=\"40\" rows=\"10\" maxlength=\"2000\" class=\"wpcf7-form-control wpcf7-textarea wpcf7-validates-as-required\" aria-required=\"true\" aria-invalid=\"false\" name=\"your-message\"><\/textarea><\/span>\n\t\t<\/p>\n\t\t<p><label><strong>Localiza\u00e7\u00e3o:<\/strong><\/label>\n\t\t<\/p>\n\t\t<div class=\"bmg-field\">\n\t\t\t<p><span class=\"wpcf7-form-control-wrap\" data-name=\"radio-605\"><span class=\"wpcf7-form-control wpcf7-radio\"><span class=\"wpcf7-list-item first\"><input type=\"radio\" name=\"radio-605\" value=\"Zurique (Su\u00ed\u00e7a)\" \/><span class=\"wpcf7-list-item-label\">Zurique (Su\u00ed\u00e7a)<\/span><\/span><span class=\"wpcf7-list-item last\"><input type=\"radio\" name=\"radio-605\" value=\"Lausanne (Su\u00ed\u00e7a)\" \/><span class=\"wpcf7-list-item-label\">Lausanne (Su\u00ed\u00e7a)<\/span><\/span><\/span><\/span>\n\t\t\t<\/p>\n\t\t<\/div>\n\t\t<p><label><strong>Reuni\u00e3o de aconselhamento e meio dia de experimenta\u00e7\u00e3o:<\/strong><\/label>\n\t\t<\/p>\n\t\t<div class=\"bmg-field\">\n\t\t\t<p><span class=\"wpcf7-form-control-wrap\" data-name=\"radio-607\"><span class=\"wpcf7-form-control wpcf7-radio\"><span class=\"wpcf7-list-item first\"><input type=\"radio\" name=\"radio-607\" value=\"Estou interessado\" \/><span class=\"wpcf7-list-item-label\">Estou interessado<\/span><\/span><span class=\"wpcf7-list-item last\"><input type=\"radio\" name=\"radio-607\" value=\"N\u00e3o, obrigado!\" \/><span class=\"wpcf7-list-item-label\">N\u00e3o, obrigado!<\/span><\/span><\/span><\/span>\n\t\t\t<\/p>\n\t\t<\/div>\n\t\t<p><label><strong>Pa\u00eds - O Seu Domic\u00edlio:<\/strong><\/label>\n\t\t<\/p>\n\t\t<div class=\"bmg-field\">\n\t\t\t<p><span class=\"wpcf7-form-control-wrap\" data-name=\"radio-604\"><span class=\"wpcf7-form-control wpcf7-radio\"><span class=\"wpcf7-list-item first\"><input type=\"radio\" name=\"radio-604\" value=\"Su\u00ed\u00e7a\" \/><span class=\"wpcf7-list-item-label\">Su\u00ed\u00e7a<\/span><\/span><span class=\"wpcf7-list-item\"><input type=\"radio\" name=\"radio-604\" value=\"Principado de Liechtenstein\" \/><span class=\"wpcf7-list-item-label\">Principado de Liechtenstein<\/span><\/span><span class=\"wpcf7-list-item\"><input type=\"radio\" name=\"radio-604\" value=\"Alemanha\" \/><span class=\"wpcf7-list-item-label\">Alemanha<\/span><\/span><span class=\"wpcf7-list-item\"><input type=\"radio\" name=\"radio-604\" value=\"\u00c1ustria\" \/><span class=\"wpcf7-list-item-label\">\u00c1ustria<\/span><\/span><span class=\"wpcf7-list-item last\"><input type=\"radio\" name=\"radio-604\" value=\"Outro Pa\u00eds\" \/><span class=\"wpcf7-list-item-label\">Outro Pa\u00eds<\/span><\/span><\/span><\/span>\n\t\t\t<\/p>\n\t\t<\/div>\n\t\t<div data-id=\"group-912\" data-orig_data_id=\"group-912\"  class=\"\" data-class=\"wpcf7cf_group\">\n\t\t\t<p><label><strong>Receber informa\u00e7\u00e3o por correio:<\/strong><\/label>\n\t\t\t<\/p>\n\t\t\t<div class=\"bmg-field\">\n\t\t\t\t<p><span class=\"wpcf7-form-control-wrap\" data-name=\"radio-608\"><span class=\"wpcf7-form-control wpcf7-radio\"><span class=\"wpcf7-list-item first\"><input type=\"radio\" name=\"radio-608\" value=\"Sim\" \/><span class=\"wpcf7-list-item-label\">Sim<\/span><\/span><span class=\"wpcf7-list-item last\"><input type=\"radio\" name=\"radio-608\" value=\"N\u00e3o\" \/><span class=\"wpcf7-list-item-label\">N\u00e3o<\/span><\/span><\/span><\/span>\n\t\t\t\t<\/p>\n\t\t\t<\/div>\n\t\t<\/div>\n\t\t<p><label><strong>Contato:<\/strong><\/label>\n\t\t<\/p>\n\t\t<div class=\"bmg-field\">\n\t\t\t<p><span class=\"wpcf7-form-control-wrap\" data-name=\"radio-568\"><span class=\"wpcf7-form-control wpcf7-radio\"><span class=\"wpcf7-list-item first\"><input type=\"radio\" name=\"radio-568\" value=\"Sra.\" \/><span class=\"wpcf7-list-item-label\">Sra.<\/span><\/span><span class=\"wpcf7-list-item\"><input type=\"radio\" name=\"radio-568\" value=\"Sr.\" \/><span class=\"wpcf7-list-item-label\">Sr.<\/span><\/span><span class=\"wpcf7-list-item last\"><input type=\"radio\" name=\"radio-568\" value=\"outros\" \/><span class=\"wpcf7-list-item-label\">outros<\/span><\/span><\/span><\/span>\n\t\t\t<\/p>\n\t\t<\/div>\n\t\t<p><label>Nome *<\/label>\n\t\t<\/p>\n\t\t<div class=\"bmg-field\">\n\t\t\t<p><span class=\"wpcf7-form-control-wrap\" data-name=\"Firstname\"><input size=\"40\" maxlength=\"400\" class=\"wpcf7-form-control wpcf7-text wpcf7-validates-as-required\" aria-required=\"true\" aria-invalid=\"false\" value=\"\" type=\"text\" name=\"Firstname\" \/><\/span>\n\t\t\t<\/p>\n\t\t<\/div>\n\t\t<p><label>Sobrenome*<\/label>\n\t\t<\/p>\n\t\t<div class=\"bmg-field\">\n\t\t\t<p><span class=\"wpcf7-form-control-wrap\" data-name=\"Lastname\"><input size=\"40\" maxlength=\"400\" class=\"wpcf7-form-control wpcf7-text wpcf7-validates-as-required\" aria-required=\"true\" aria-invalid=\"false\" value=\"\" type=\"text\" name=\"Lastname\" \/><\/span>\n\t\t\t<\/p>\n\t\t<\/div>\n\t\t<div data-id=\"group-785\" data-orig_data_id=\"group-785\"  class=\"\" data-class=\"wpcf7cf_group\">\n\t\t\t<p><label>Rua com o n\u00famero*<\/label>\n\t\t\t<\/p>\n\t\t\t<div class=\"bmg-field\">\n\t\t\t\t<p><span class=\"wpcf7-form-control-wrap\" data-name=\"Street\"><input size=\"40\" maxlength=\"400\" class=\"wpcf7-form-control wpcf7-text wpcf7-validates-as-required\" aria-required=\"true\" aria-invalid=\"false\" value=\"\" type=\"text\" name=\"Street\" \/><\/span>\n\t\t\t\t<\/p>\n\t\t\t<\/div>\n\t\t\t<p><label>C\u00f3digo postal*<\/label>\n\t\t\t<\/p>\n\t\t\t<div class=\"bmg-field\">\n\t\t\t\t<p><span class=\"wpcf7-form-control-wrap\" data-name=\"ZipCode\"><input size=\"40\" maxlength=\"400\" class=\"wpcf7-form-control wpcf7-text wpcf7-validates-as-required\" aria-required=\"true\" aria-invalid=\"false\" value=\"\" type=\"text\" name=\"ZipCode\" \/><\/span>\n\t\t\t\t<\/p>\n\t\t\t<\/div>\n\t\t\t<p><label>Cidade*<\/label>\n\t\t\t<\/p>\n\t\t\t<div class=\"bmg-field\">\n\t\t\t\t<p><span class=\"wpcf7-form-control-wrap\" data-name=\"text-870\"><input size=\"40\" maxlength=\"400\" class=\"wpcf7-form-control wpcf7-text wpcf7-validates-as-required\" aria-required=\"true\" aria-invalid=\"false\" value=\"\" type=\"text\" name=\"text-870\" \/><\/span>\n\t\t\t\t<\/p>\n\t\t\t<\/div>\n\t\t<\/div>\n\t\t<p><label>E-Mail*<\/label>\n\t\t<\/p>\n\t\t<div class=\"bmg-field\">\n\t\t\t<p><span class=\"wpcf7-form-control-wrap\" data-name=\"email-930\"><input size=\"40\" maxlength=\"400\" class=\"wpcf7-form-control wpcf7-email wpcf7-validates-as-required wpcf7-text wpcf7-validates-as-email\" aria-required=\"true\" aria-invalid=\"false\" value=\"\" type=\"email\" name=\"email-930\" \/><\/span>\n\t\t\t<\/p>\n\t\t<\/div>\n\t\t<p><label>Telefone*<\/label>\n\t\t<\/p>\n\t\t<div class=\"bmg-field\">\n\t\t\t<p><span class=\"wpcf7-form-control-wrap\" data-name=\"tel-354\"><input size=\"40\" maxlength=\"400\" class=\"wpcf7-form-control wpcf7-tel wpcf7-validates-as-required wpcf7-text wpcf7-validates-as-tel\" aria-required=\"true\" aria-invalid=\"false\" value=\"\" type=\"tel\" name=\"tel-354\" \/><\/span>\n\t\t\t<\/p>\n\t\t<\/div>\n\t\t<div class=\"\"bmg-submit>\n\t\t\t<p><input class=\"wpcf7-form-control wpcf7-submit has-spinner\" type=\"submit\" value=\"Tudo\" \/>\n\t\t\t<\/p>\n\t\t<\/div>\n\t<\/div>\n<\/div><div class=\"wpcf7-response-output\" aria-hidden=\"true\"><\/div>\n<\/form>\n<\/div>\n<\/div><\/div>\t\t\t\t<\/div>\n\t\t\t\t<\/div>\n\t\t\t\t<div class=\"elementor-element elementor-element-6c3e5aff elementor-widget elementor-widget-text-editor\" data-id=\"6c3e5aff\" data-element_type=\"widget\" data-e-type=\"widget\" data-settings=\"{&quot;ekit_we_effect_on&quot;:&quot;none&quot;}\" data-widget_type=\"text-editor.default\">\n\t\t\t\t<div class=\"elementor-widget-container\">\n\t\t\t\t\t\t\t\t\t<p>Teremos todo o gosto em enviar-lhe os documentos solicitados e o formul\u00e1rio de registo por correio eletr\u00f3nico e, opcionalmente, por correio para os destinat\u00e1rios na Su\u00ed\u00e7a e no Liechtenstein.<\/p>\t\t\t\t\t\t\t\t<\/div>\n\t\t\t\t<\/div>\n\t\t\t\t\t<\/div>\n\t\t<\/div>\n\t\t\t\t<div class=\"elementor-column elementor-col-33 elementor-top-column elementor-element elementor-element-4b9398a0\" data-id=\"4b9398a0\" data-element_type=\"column\" data-e-type=\"column\">\n\t\t\t<div class=\"elementor-widget-wrap\">\n\t\t\t\t\t\t\t<\/div>\n\t\t<\/div>\n\t\t\t\t\t<\/div>\n\t\t<\/section>\n\t\t\t\t<\/div>\n\t\t","protected":false},"excerpt":{"rendered":"<p>Registo Descarregue e imprima os formul\u00e1rios de inscri\u00e7\u00e3o (documentos PDF abaixo), preencha e assine-os e envie-os por correio para o seguinte endere\u00e7o Endere\u00e7o postal:Swiss Education CompanyD\u00fcbendorfstrasse 2CH- 8051 Zurich Endere\u00e7o de correio eletr\u00f3nico:info@secompany.ch Em alternativa, preencha o seguinte formul\u00e1rio para que possamos enviar-lhe os documentos do curso, incluindo os formul\u00e1rios de inscri\u00e7\u00e3o, por correio e [&hellip;]<\/p>\n","protected":false},"author":5,"featured_media":0,"parent":13204,"menu_order":0,"comment_status":"closed","ping_status":"closed","template":"","meta":{"_seopress_robots_primary_cat":"","_seopress_titles_title":"","_seopress_titles_desc":"","_seopress_robots_index":"","site-sidebar-layout":"no-sidebar","site-content-layout":"page-builder","ast-site-content-layout":"full-width-container","site-content-style":"unboxed","site-sidebar-style":"unboxed","ast-global-header-display":"","ast-banner-title-visibility":"","ast-main-header-display":"","ast-hfb-above-header-display":"","ast-hfb-below-header-display":"","ast-hfb-mobile-header-display":"","site-post-title":"disabled","ast-breadcrumbs-content":"","ast-featured-img":"disabled","footer-sml-layout":"","ast-disable-related-posts":"","theme-transparent-header-meta":"default","adv-header-id-meta":"","stick-header-meta":"","header-above-stick-meta":"","header-main-stick-meta":"","header-below-stick-meta":"","astra-migrate-meta-layouts":"set","ast-page-background-enabled":"default","ast-page-background-meta":{"desktop":{"background-color":"var(--ast-global-color-4)","background-image":"","background-repeat":"repeat","background-position":"center center","background-size":"auto","background-attachment":"scroll","background-type":"","background-media":"","overlay-type":"","overlay-color":"","overlay-opacity":"","overlay-gradient":""},"tablet":{"background-color":"","background-image":"","background-repeat":"repeat","background-position":"center center","background-size":"auto","background-attachment":"scroll","background-type":"","background-media":"","overlay-type":"","overlay-color":"","overlay-opacity":"","overlay-gradient":""},"mobile":{"background-color":"","background-image":"","background-repeat":"repeat","background-position":"center center","background-size":"auto","background-attachment":"scroll","background-type":"","background-media":"","overlay-type":"","overlay-color":"","overlay-opacity":"","overlay-gradient":""}},"ast-content-background-meta":{"desktop":{"background-color":"var(--ast-global-color-5)","background-image":"","background-repeat":"repeat","background-position":"center center","background-size":"auto","background-attachment":"scroll","background-type":"","background-media":"","overlay-type":"","overlay-color":"","overlay-opacity":"","overlay-gradient":""},"tablet":{"background-color":"var(--ast-global-color-5)","background-image":"","background-repeat":"repeat","background-position":"center center","background-size":"auto","background-attachment":"scroll","background-type":"","background-media":"","overlay-type":"","overlay-color":"","overlay-opacity":"","overlay-gradient":""},"mobile":{"background-color":"var(--ast-global-color-5)","background-image":"","background-repeat":"repeat","background-position":"center center","background-size":"auto","background-attachment":"scroll","background-type":"","background-media":"","overlay-type":"","overlay-color":"","overlay-opacity":"","overlay-gradient":""}},"footnotes":""},"class_list":["post-13255","page","type-page","status-publish","hentry"],"_links":{"self":[{"href":"https:\/\/swiss-education-company.ch\/pt\/wp-json\/wp\/v2\/pages\/13255","targetHints":{"allow":["GET"]}}],"collection":[{"href":"https:\/\/swiss-education-company.ch\/pt\/wp-json\/wp\/v2\/pages"}],"about":[{"href":"https:\/\/swiss-education-company.ch\/pt\/wp-json\/wp\/v2\/types\/page"}],"author":[{"embeddable":true,"href":"https:\/\/swiss-education-company.ch\/pt\/wp-json\/wp\/v2\/users\/5"}],"replies":[{"embeddable":true,"href":"https:\/\/swiss-education-company.ch\/pt\/wp-json\/wp\/v2\/comments?post=13255"}],"version-history":[{"count":3,"href":"https:\/\/swiss-education-company.ch\/pt\/wp-json\/wp\/v2\/pages\/13255\/revisions"}],"predecessor-version":[{"id":13264,"href":"https:\/\/swiss-education-company.ch\/pt\/wp-json\/wp\/v2\/pages\/13255\/revisions\/13264"}],"up":[{"embeddable":true,"href":"https:\/\/swiss-education-company.ch\/pt\/wp-json\/wp\/v2\/pages\/13204"}],"wp:attachment":[{"href":"https:\/\/swiss-education-company.ch\/pt\/wp-json\/wp\/v2\/media?parent=13255"}],"curies":[{"name":"wp","href":"https:\/\/api.w.org\/{rel}","templated":true}]}}