{"id":14938,"date":"2025-06-17T02:21:54","date_gmt":"2025-06-17T01:21:54","guid":{"rendered":"https:\/\/swiss-education-company.ch\/offerte-di-lavoro\/tirocinante-addetto-alle-vendite-e-allamministrazione\/"},"modified":"2025-06-17T02:22:01","modified_gmt":"2025-06-17T01:22:01","slug":"tirocinante-addetto-alle-vendite-e-allamministrazione","status":"publish","type":"page","link":"https:\/\/swiss-education-company.ch\/it\/offerte-di-lavoro\/tirocinante-addetto-alle-vendite-e-allamministrazione\/","title":{"rendered":"Tirocinante, addetto alle vendite e all&#8217;amministrazione"},"content":{"rendered":"\t\t<div data-elementor-type=\"wp-page\" data-elementor-id=\"14938\" class=\"elementor elementor-14938 elementor-11545\" data-elementor-post-type=\"page\">\n\t\t\t\t<div class=\"elementor-element elementor-element-76cd1a38 e-flex e-con-boxed e-con e-parent\" data-id=\"76cd1a38\" data-element_type=\"container\" data-e-type=\"container\">\n\t\t\t\t\t<div class=\"e-con-inner\">\n\t\t<div class=\"elementor-element elementor-element-fbeceb6 e-con-full e-flex e-con e-child\" data-id=\"fbeceb6\" data-element_type=\"container\" data-e-type=\"container\">\n\t\t\t\t<div class=\"elementor-element elementor-element-6c44455b elementor-widget elementor-widget-text-editor\" data-id=\"6c44455b\" data-element_type=\"widget\" data-e-type=\"widget\" data-settings=\"{&quot;ekit_we_effect_on&quot;:&quot;none&quot;}\" data-widget_type=\"text-editor.default\">\n\t\t\t\t<div class=\"elementor-widget-container\">\n\t\t\t\t\t\t\t\t\t<p>Stiamo cercando un nuovo membro del personale per la nostra scuola tecnica multiculturale:<\/p>\t\t\t\t\t\t\t\t<\/div>\n\t\t\t\t<\/div>\n\t\t\t\t<div class=\"elementor-element elementor-element-6828aab9 elementor-widget elementor-widget-heading\" data-id=\"6828aab9\" data-element_type=\"widget\" data-e-type=\"widget\" data-settings=\"{&quot;ekit_we_effect_on&quot;:&quot;none&quot;}\" data-widget_type=\"heading.default\">\n\t\t\t\t<div class=\"elementor-widget-container\">\n\t\t\t\t\t<h1 class=\"elementor-heading-title elementor-size-default\">Tirocinante, addetto alle vendite e all'amministrazione<\/h1>\t\t\t\t<\/div>\n\t\t\t\t<\/div>\n\t\t\t\t<\/div>\n\t\t<div class=\"elementor-element elementor-element-58b2f574 e-con-full e-flex e-con e-child\" data-id=\"58b2f574\" data-element_type=\"container\" data-e-type=\"container\">\n\t\t\t\t<div class=\"elementor-element elementor-element-45a007ca elementor-widget elementor-widget-image\" data-id=\"45a007ca\" data-element_type=\"widget\" data-e-type=\"widget\" data-settings=\"{&quot;ekit_we_effect_on&quot;:&quot;none&quot;}\" data-widget_type=\"image.default\">\n\t\t\t\t<div class=\"elementor-widget-container\">\n\t\t\t\t\t\t\t\t\t\t\t\t\t\t\t<img fetchpriority=\"high\" decoding=\"async\" width=\"1024\" height=\"681\" src=\"https:\/\/swiss-education-company.ch\/wp-content\/uploads\/2022\/07\/kimberly-farmer-luaakcuanvi-unsplash-1-1024x681.jpg\" class=\"attachment-large size-large wp-image-14305\" alt=\"\" srcset=\"https:\/\/swiss-education-company.ch\/wp-content\/uploads\/2022\/07\/kimberly-farmer-luaakcuanvi-unsplash-1-1024x681.jpg 1024w, https:\/\/swiss-education-company.ch\/wp-content\/uploads\/2022\/07\/kimberly-farmer-luaakcuanvi-unsplash-1-300x199.jpg 300w, https:\/\/swiss-education-company.ch\/wp-content\/uploads\/2022\/07\/kimberly-farmer-luaakcuanvi-unsplash-1-768x511.jpg 768w, https:\/\/swiss-education-company.ch\/wp-content\/uploads\/2022\/07\/kimberly-farmer-luaakcuanvi-unsplash-1-1536x1021.jpg 1536w, https:\/\/swiss-education-company.ch\/wp-content\/uploads\/2022\/07\/kimberly-farmer-luaakcuanvi-unsplash-1-2048x1362.jpg 2048w, https:\/\/swiss-education-company.ch\/wp-content\/uploads\/2022\/07\/kimberly-farmer-luaakcuanvi-unsplash-1-600x399.jpg 600w\" sizes=\"(max-width: 1024px) 100vw, 1024px\" \/>\t\t\t\t\t\t\t\t\t\t\t\t\t\t\t<\/div>\n\t\t\t\t<\/div>\n\t\t\t\t<\/div>\n\t\t\t\t\t<\/div>\n\t\t\t\t<\/div>\n\t\t<div class=\"elementor-element elementor-element-54c8ea67 e-flex e-con-boxed e-con e-parent\" data-id=\"54c8ea67\" data-element_type=\"container\" data-e-type=\"container\" data-settings=\"{&quot;background_background&quot;:&quot;classic&quot;}\">\n\t\t\t\t\t<div class=\"e-con-inner\">\n\t\t\t\t<div class=\"elementor-element elementor-element-4c6c8f29 elementor-widget elementor-widget-text-editor\" data-id=\"4c6c8f29\" data-element_type=\"widget\" data-e-type=\"widget\" data-settings=\"{&quot;ekit_we_effect_on&quot;:&quot;none&quot;}\" data-widget_type=\"text-editor.default\">\n\t\t\t\t<div class=\"elementor-widget-container\">\n\t\t\t\t\t\t\t\t\t<h3>Compiti:<\/h3><ul><li>Consulenza e vendita di servizi, prodotti e corsi di bellezza<\/li><li>Assistenza ai clienti che si recano a casa, telefono, e-mail, cassa, compresa la chiusura giornaliera. <\/li><li>Registrazione e mantenimento della base clienti<\/li><li>Implementazione di misure per l&#8217;acquisizione di nuovi clienti<\/li><li>Effettuare gli ordini internamente o con il fornitore<\/li><li>Semplici mansioni di segreteria<\/li><li>Supporto nella realizzazione dell&#8217;inventario<\/li><\/ul><h3>Requisiti:<\/h3><ul><li>Laurea in vendita o formazione equivalente, possibile anche come cambio di carriera<\/li><li><em>Disponibilit\u00e0 di<\/em> buone competenze linguistiche scritte e orali in <em><strong>tedesco<\/strong> e, con vantaggio, in altre lingue (in particolare inglese, francese, spagnolo e portoghese)<\/em><\/li><li>Conoscenza di base di Windows e dei programmi Microsoft Office (Email, Word, Excel, &#8230;)<\/li><li>Personalit\u00e0 comunicativa con una forte attitudine alla vendita<\/li><li>Talento organizzativo che ama lavorare in modo indipendente<\/li><li>Un modo di lavorare preciso e affidabile<\/li><\/ul><h3>Ti offriamo:<\/h3><ul><li>Stage di 12 mesi<\/li><li>Ottieni un&#8217;esperienza lavorativa pratica per iniziare la tua carriera con successo<\/li><li>Un team ben organizzato con un&#8217;atmosfera di lavoro piacevole e la conoscenza di lingue straniere<\/li><\/ul><p>Se idoneo, c&#8217;\u00e8 la possibilit\u00e0 di una posizione permanente dopo aver completato il tirocinio. La posizione \u00e8 adatta anche a chi desidera lavorare part-time. <\/p><p>Vivi in Svizzera o nell&#8217;UE e abbiamo suscitato il tuo interesse? Allora saremo lieti di ricevere la tua candidatura completa. <\/p><p><strong>Swiss Education Company, D\u00fcbendorfstrasse 2, 8051 Zurigo, Email: <a href=\"mailto:hr@sbacademy.ch\">hr@sbacademy.ch<\/a><\/strong><\/p>\t\t\t\t\t\t\t\t<\/div>\n\t\t\t\t<\/div>\n\t\t\t\t\t<\/div>\n\t\t\t\t<\/div>\n\t\t\t\t<\/div>\n\t\t","protected":false},"excerpt":{"rendered":"<p>Stiamo cercando un nuovo membro del personale per la nostra scuola tecnica multiculturale: Tirocinante, addetto alle vendite e all&#8217;amministrazione Compiti: Consulenza e vendita di servizi, prodotti e corsi di bellezza Assistenza ai clienti che si recano a casa, telefono, e-mail, cassa, compresa la chiusura giornaliera. Registrazione e mantenimento della base clienti Implementazione di misure per [&hellip;]<\/p>\n","protected":false},"author":5,"featured_media":0,"parent":14738,"menu_order":0,"comment_status":"closed","ping_status":"closed","template":"","meta":{"_seopress_robots_primary_cat":"","_seopress_titles_title":"","_seopress_titles_desc":"","_seopress_robots_index":"","site-sidebar-layout":"no-sidebar","site-content-layout":"page-builder","ast-site-content-layout":"full-width-container","site-content-style":"unboxed","site-sidebar-style":"unboxed","ast-global-header-display":"","ast-banner-title-visibility":"","ast-main-header-display":"","ast-hfb-above-header-display":"","ast-hfb-below-header-display":"","ast-hfb-mobile-header-display":"","site-post-title":"disabled","ast-breadcrumbs-content":"","ast-featured-img":"disabled","footer-sml-layout":"","ast-disable-related-posts":"","theme-transparent-header-meta":"default","adv-header-id-meta":"","stick-header-meta":"","header-above-stick-meta":"","header-main-stick-meta":"","header-below-stick-meta":"","astra-migrate-meta-layouts":"default","ast-page-background-enabled":"default","ast-page-background-meta":{"desktop":{"background-color":"var(--ast-global-color-4)","background-image":"","background-repeat":"repeat","background-position":"center center","background-size":"auto","background-attachment":"scroll","background-type":"","background-media":"","overlay-type":"","overlay-color":"","overlay-opacity":"","overlay-gradient":""},"tablet":{"background-color":"","background-image":"","background-repeat":"repeat","background-position":"center center","background-size":"auto","background-attachment":"scroll","background-type":"","background-media":"","overlay-type":"","overlay-color":"","overlay-opacity":"","overlay-gradient":""},"mobile":{"background-color":"","background-image":"","background-repeat":"repeat","background-position":"center center","background-size":"auto","background-attachment":"scroll","background-type":"","background-media":"","overlay-type":"","overlay-color":"","overlay-opacity":"","overlay-gradient":""}},"ast-content-background-meta":{"desktop":{"background-color":"var(--ast-global-color-5)","background-image":"","background-repeat":"repeat","background-position":"center center","background-size":"auto","background-attachment":"scroll","background-type":"","background-media":"","overlay-type":"","overlay-color":"","overlay-opacity":"","overlay-gradient":""},"tablet":{"background-color":"var(--ast-global-color-5)","background-image":"","background-repeat":"repeat","background-position":"center center","background-size":"auto","background-attachment":"scroll","background-type":"","background-media":"","overlay-type":"","overlay-color":"","overlay-opacity":"","overlay-gradient":""},"mobile":{"background-color":"var(--ast-global-color-5)","background-image":"","background-repeat":"repeat","background-position":"center center","background-size":"auto","background-attachment":"scroll","background-type":"","background-media":"","overlay-type":"","overlay-color":"","overlay-opacity":"","overlay-gradient":""}},"footnotes":""},"class_list":["post-14938","page","type-page","status-publish","hentry"],"_links":{"self":[{"href":"https:\/\/swiss-education-company.ch\/it\/wp-json\/wp\/v2\/pages\/14938","targetHints":{"allow":["GET"]}}],"collection":[{"href":"https:\/\/swiss-education-company.ch\/it\/wp-json\/wp\/v2\/pages"}],"about":[{"href":"https:\/\/swiss-education-company.ch\/it\/wp-json\/wp\/v2\/types\/page"}],"author":[{"embeddable":true,"href":"https:\/\/swiss-education-company.ch\/it\/wp-json\/wp\/v2\/users\/5"}],"replies":[{"embeddable":true,"href":"https:\/\/swiss-education-company.ch\/it\/wp-json\/wp\/v2\/comments?post=14938"}],"version-history":[{"count":1,"href":"https:\/\/swiss-education-company.ch\/it\/wp-json\/wp\/v2\/pages\/14938\/revisions"}],"predecessor-version":[{"id":14940,"href":"https:\/\/swiss-education-company.ch\/it\/wp-json\/wp\/v2\/pages\/14938\/revisions\/14940"}],"up":[{"embeddable":true,"href":"https:\/\/swiss-education-company.ch\/it\/wp-json\/wp\/v2\/pages\/14738"}],"wp:attachment":[{"href":"https:\/\/swiss-education-company.ch\/it\/wp-json\/wp\/v2\/media?parent=14938"}],"curies":[{"name":"wp","href":"https:\/\/api.w.org\/{rel}","templated":true}]}}