{"id":12924,"date":"2024-12-02T15:37:20","date_gmt":"2024-12-02T14:37:20","guid":{"rendered":"https:\/\/swiss-education-company.ch\/chi-siamo\/impronta\/"},"modified":"2025-02-10T19:39:12","modified_gmt":"2025-02-10T18:39:12","slug":"impronta","status":"publish","type":"page","link":"https:\/\/swiss-education-company.ch\/it\/chi-siamo\/impronta\/","title":{"rendered":"Impronta"},"content":{"rendered":"\t\t<div data-elementor-type=\"wp-page\" data-elementor-id=\"12924\" class=\"elementor elementor-12924 elementor-5425\" data-elementor-post-type=\"page\">\n\t\t\t\t<div class=\"elementor-element elementor-element-4dbb2b1 e-con-full e-flex e-con e-parent\" data-id=\"4dbb2b1\" data-element_type=\"container\" data-e-type=\"container\">\n\t\t<div class=\"elementor-element elementor-element-4b0ec9d e-con-full e-flex e-con e-child\" data-id=\"4b0ec9d\" data-element_type=\"container\" data-e-type=\"container\">\n\t\t\t\t<div class=\"elementor-element elementor-element-8bf68d1 elementor-widget elementor-widget-heading\" data-id=\"8bf68d1\" data-element_type=\"widget\" data-e-type=\"widget\" data-settings=\"{&quot;ekit_we_effect_on&quot;:&quot;none&quot;}\" data-widget_type=\"heading.default\">\n\t\t\t\t<div class=\"elementor-widget-container\">\n\t\t\t\t\t<h1 class=\"elementor-heading-title elementor-size-default\">Operatore del sito web:<\/h1>\t\t\t\t<\/div>\n\t\t\t\t<\/div>\n\t\t\t\t<div class=\"elementor-element elementor-element-e6fb424 elementor-widget elementor-widget-text-editor\" data-id=\"e6fb424\" data-element_type=\"widget\" data-e-type=\"widget\" data-settings=\"{&quot;ekit_we_effect_on&quot;:&quot;none&quot;}\" data-widget_type=\"text-editor.default\">\n\t\t\t\t<div class=\"elementor-widget-container\">\n\t\t\t\t\t\t\t\t\t<p>Swiss Education Company GmbH<\/p>\n<p>D\u00fcbendorfstrasse 2<\/p>\n<p>CH-8051 Zurigo<\/p>\n<p>Telefono: <a href=\"tel:\/\/41443401070\">044 340 10 70<\/a><\/p>\n<p>E-mail: <a title=\"\" href=\"mailto:info@secompany.ch\" target=\"_blank\" rel=\"noopener noreferrer\">info@secompany.ch<\/a><\/p>\n\t\t\t\t\t\t\t\t<\/div>\n\t\t\t\t<\/div>\n\t\t\t\t<div class=\"elementor-element elementor-element-a0f6219 elementor-widget elementor-widget-heading\" data-id=\"a0f6219\" data-element_type=\"widget\" data-e-type=\"widget\" data-settings=\"{&quot;ekit_we_effect_on&quot;:&quot;none&quot;}\" data-widget_type=\"heading.default\">\n\t\t\t\t<div class=\"elementor-widget-container\">\n\t\t\t\t\t<h3 class=\"elementor-heading-title elementor-size-default\">Iscrizione al registro delle imprese:<\/h3>\t\t\t\t<\/div>\n\t\t\t\t<\/div>\n\t\t\t\t<div class=\"elementor-element elementor-element-5c87843 elementor-widget elementor-widget-text-editor\" data-id=\"5c87843\" data-element_type=\"widget\" data-e-type=\"widget\" data-settings=\"{&quot;ekit_we_effect_on&quot;:&quot;none&quot;}\" data-widget_type=\"text-editor.default\">\n\t\t\t\t<div class=\"elementor-widget-container\">\n\t\t\t\t\t\t\t\t\t<p>Nome della societ\u00e0 registrata: Swiss Education Company GmbH nel registro delle imprese del Cantone di Zurigo Numero di registro delle imprese: UID CHE-115.673.740<\/p>\n\t\t\t\t\t\t\t\t<\/div>\n\t\t\t\t<\/div>\n\t\t\t\t<div class=\"elementor-element elementor-element-0552d7f elementor-widget elementor-widget-heading\" data-id=\"0552d7f\" data-element_type=\"widget\" data-e-type=\"widget\" data-settings=\"{&quot;ekit_we_effect_on&quot;:&quot;none&quot;}\" data-widget_type=\"heading.default\">\n\t\t\t\t<div class=\"elementor-widget-container\">\n\t\t\t\t\t<h3 class=\"elementor-heading-title elementor-size-default\">Partita IVA svizzera:<\/h3>\t\t\t\t<\/div>\n\t\t\t\t<\/div>\n\t\t\t\t<div class=\"elementor-element elementor-element-7833a64 elementor-widget elementor-widget-text-editor\" data-id=\"7833a64\" data-element_type=\"widget\" data-e-type=\"widget\" data-settings=\"{&quot;ekit_we_effect_on&quot;:&quot;none&quot;}\" data-widget_type=\"text-editor.default\">\n\t\t\t\t<div class=\"elementor-widget-container\">\n\t\t\t\t\t\t\t\t\t<p>CHE-115.673.740<\/p>\n\t\t\t\t\t\t\t\t<\/div>\n\t\t\t\t<\/div>\n\t\t\t\t<div class=\"elementor-element elementor-element-fcdae90 elementor-widget elementor-widget-heading\" data-id=\"fcdae90\" data-element_type=\"widget\" data-e-type=\"widget\" data-settings=\"{&quot;ekit_we_effect_on&quot;:&quot;none&quot;}\" data-widget_type=\"heading.default\">\n\t\t\t\t<div class=\"elementor-widget-container\">\n\t\t\t\t\t<h3 class=\"elementor-heading-title elementor-size-default\">Concetto e design web:<\/h3>\t\t\t\t<\/div>\n\t\t\t\t<\/div>\n\t\t\t\t<div class=\"elementor-element elementor-element-49926d9 elementor-widget elementor-widget-text-editor\" data-id=\"49926d9\" data-element_type=\"widget\" data-e-type=\"widget\" data-settings=\"{&quot;ekit_we_effect_on&quot;:&quot;none&quot;}\" data-widget_type=\"text-editor.default\">\n\t\t\t\t<div class=\"elementor-widget-container\">\n\t\t\t\t\t\t\t\t\t<p><a href=\"https:\/\/swiss-business-excellence.ch\/\">Swiss-Business-Excellence GmbH<\/a><\/p>\n\t\t\t\t\t\t\t\t<\/div>\n\t\t\t\t<\/div>\n\t\t\t\t<div class=\"elementor-element elementor-element-ccb75ef elementor-widget elementor-widget-heading\" data-id=\"ccb75ef\" data-element_type=\"widget\" data-e-type=\"widget\" data-settings=\"{&quot;ekit_we_effect_on&quot;:&quot;none&quot;}\" data-widget_type=\"heading.default\">\n\t\t\t\t<div class=\"elementor-widget-container\">\n\t\t\t\t\t<h3 class=\"elementor-heading-title elementor-size-default\">Copyright:<\/h3>\t\t\t\t<\/div>\n\t\t\t\t<\/div>\n\t\t\t\t<div class=\"elementor-element elementor-element-bb0e087 elementor-widget elementor-widget-text-editor\" data-id=\"bb0e087\" data-element_type=\"widget\" data-e-type=\"widget\" data-settings=\"{&quot;ekit_we_effect_on&quot;:&quot;none&quot;}\" data-widget_type=\"text-editor.default\">\n\t\t\t\t<div class=\"elementor-widget-container\">\n\t\t\t\t\t\t\t\t\t<p>Questo sito web e tutti i testi, i grafici e gli altri materiali associati sono protetti da copyright. Qualsiasi utilizzo senza il preventivo consenso scritto di Swiss Education Company GmbH non \u00e8 consentito. <\/p>\n\t\t\t\t\t\t\t\t<\/div>\n\t\t\t\t<\/div>\n\t\t\t\t<div class=\"elementor-element elementor-element-41540a6 elementor-widget elementor-widget-heading\" data-id=\"41540a6\" data-element_type=\"widget\" data-e-type=\"widget\" data-settings=\"{&quot;ekit_we_effect_on&quot;:&quot;none&quot;}\" data-widget_type=\"heading.default\">\n\t\t\t\t<div class=\"elementor-widget-container\">\n\t\t\t\t\t<h3 class=\"elementor-heading-title elementor-size-default\">Disclaimer:<\/h3>\t\t\t\t<\/div>\n\t\t\t\t<\/div>\n\t\t\t\t<div class=\"elementor-element elementor-element-0447abf elementor-widget elementor-widget-text-editor\" data-id=\"0447abf\" data-element_type=\"widget\" data-e-type=\"widget\" data-settings=\"{&quot;ekit_we_effect_on&quot;:&quot;none&quot;}\" data-widget_type=\"text-editor.default\">\n\t\t\t\t<div class=\"elementor-widget-container\">\n\t\t\t\t\t\t\t\t\t<p>Il contenuto di questo sito web \u00e8 curato con la massima attenzione possibile. Tuttavia, non ci assumiamo alcuna responsabilit\u00e0 per i contenuti. Sono esclusi refusi, errori e modifiche. Non ci assumiamo alcuna responsabilit\u00e0 per il contenuto dei link esterni. Gli operatori delle pagine collegate sono gli unici responsabili del loro contenuto.    <\/p>\n\t\t\t\t\t\t\t\t<\/div>\n\t\t\t\t<\/div>\n\t\t\t\t<\/div>\n\t\t\t\t<\/div>\n\t\t\t\t<\/div>\n\t\t","protected":false},"excerpt":{"rendered":"<p>Operatore del sito web: Swiss Education Company GmbH D\u00fcbendorfstrasse 2 CH-8051 Zurigo Telefono: 044 340 10 70 E-mail: info@secompany.ch Iscrizione al registro delle imprese: Nome della societ\u00e0 registrata: Swiss Education Company GmbH nel registro delle imprese del Cantone di Zurigo Numero di registro delle imprese: UID CHE-115.673.740 Partita IVA svizzera: CHE-115.673.740 Concetto e design web: [&hellip;]<\/p>\n","protected":false},"author":3,"featured_media":0,"parent":12566,"menu_order":0,"comment_status":"closed","ping_status":"closed","template":"elementor_theme","meta":{"_seopress_robots_primary_cat":"","_seopress_titles_title":"","_seopress_titles_desc":"","_seopress_robots_index":"","site-sidebar-layout":"default","site-content-layout":"default","ast-site-content-layout":"default","site-content-style":"default","site-sidebar-style":"default","ast-global-header-display":"","ast-banner-title-visibility":"","ast-main-header-display":"","ast-hfb-above-header-display":"","ast-hfb-below-header-display":"","ast-hfb-mobile-header-display":"","site-post-title":"","ast-breadcrumbs-content":"","ast-featured-img":"","footer-sml-layout":"","ast-disable-related-posts":"","theme-transparent-header-meta":"default","adv-header-id-meta":"","stick-header-meta":"","header-above-stick-meta":"","header-main-stick-meta":"","header-below-stick-meta":"","astra-migrate-meta-layouts":"set","ast-page-background-enabled":"default","ast-page-background-meta":{"desktop":{"background-color":"var(--ast-global-color-4)","background-image":"","background-repeat":"repeat","background-position":"center center","background-size":"auto","background-attachment":"scroll","background-type":"","background-media":"","overlay-type":"","overlay-color":"","overlay-opacity":"","overlay-gradient":""},"tablet":{"background-color":"","background-image":"","background-repeat":"repeat","background-position":"center center","background-size":"auto","background-attachment":"scroll","background-type":"","background-media":"","overlay-type":"","overlay-color":"","overlay-opacity":"","overlay-gradient":""},"mobile":{"background-color":"","background-image":"","background-repeat":"repeat","background-position":"center center","background-size":"auto","background-attachment":"scroll","background-type":"","background-media":"","overlay-type":"","overlay-color":"","overlay-opacity":"","overlay-gradient":""}},"ast-content-background-meta":{"desktop":{"background-color":"var(--ast-global-color-5)","background-image":"","background-repeat":"repeat","background-position":"center center","background-size":"auto","background-attachment":"scroll","background-type":"","background-media":"","overlay-type":"","overlay-color":"","overlay-opacity":"","overlay-gradient":""},"tablet":{"background-color":"var(--ast-global-color-5)","background-image":"","background-repeat":"repeat","background-position":"center center","background-size":"auto","background-attachment":"scroll","background-type":"","background-media":"","overlay-type":"","overlay-color":"","overlay-opacity":"","overlay-gradient":""},"mobile":{"background-color":"var(--ast-global-color-5)","background-image":"","background-repeat":"repeat","background-position":"center center","background-size":"auto","background-attachment":"scroll","background-type":"","background-media":"","overlay-type":"","overlay-color":"","overlay-opacity":"","overlay-gradient":""}},"footnotes":""},"class_list":["post-12924","page","type-page","status-publish","hentry"],"_links":{"self":[{"href":"https:\/\/swiss-education-company.ch\/it\/wp-json\/wp\/v2\/pages\/12924","targetHints":{"allow":["GET"]}}],"collection":[{"href":"https:\/\/swiss-education-company.ch\/it\/wp-json\/wp\/v2\/pages"}],"about":[{"href":"https:\/\/swiss-education-company.ch\/it\/wp-json\/wp\/v2\/types\/page"}],"author":[{"embeddable":true,"href":"https:\/\/swiss-education-company.ch\/it\/wp-json\/wp\/v2\/users\/3"}],"replies":[{"embeddable":true,"href":"https:\/\/swiss-education-company.ch\/it\/wp-json\/wp\/v2\/comments?post=12924"}],"version-history":[{"count":2,"href":"https:\/\/swiss-education-company.ch\/it\/wp-json\/wp\/v2\/pages\/12924\/revisions"}],"predecessor-version":[{"id":14670,"href":"https:\/\/swiss-education-company.ch\/it\/wp-json\/wp\/v2\/pages\/12924\/revisions\/14670"}],"up":[{"embeddable":true,"href":"https:\/\/swiss-education-company.ch\/it\/wp-json\/wp\/v2\/pages\/12566"}],"wp:attachment":[{"href":"https:\/\/swiss-education-company.ch\/it\/wp-json\/wp\/v2\/media?parent=12924"}],"curies":[{"name":"wp","href":"https:\/\/api.w.org\/{rel}","templated":true}]}}