{"id":14946,"date":"2025-06-17T02:21:57","date_gmt":"2025-06-17T01:21:57","guid":{"rendered":"https:\/\/swiss-education-company.ch\/offres-demploi\/professeur-de-physique\/"},"modified":"2025-06-17T02:22:01","modified_gmt":"2025-06-17T01:22:01","slug":"professeur-de-physique","status":"publish","type":"page","link":"https:\/\/swiss-education-company.ch\/fr\/offres-demploi\/professeur-de-physique\/","title":{"rendered":"Professeur de physique"},"content":{"rendered":"\t\t<div data-elementor-type=\"wp-page\" data-elementor-id=\"14946\" class=\"elementor elementor-14946 elementor-11566\" data-elementor-post-type=\"page\">\n\t\t\t\t<div class=\"elementor-element elementor-element-3d335e8 e-flex e-con-boxed e-con e-parent\" data-id=\"3d335e8\" data-element_type=\"container\" data-e-type=\"container\">\n\t\t\t\t\t<div class=\"e-con-inner\">\n\t\t<div class=\"elementor-element elementor-element-7d9747c3 e-con-full e-flex e-con e-child\" data-id=\"7d9747c3\" data-element_type=\"container\" data-e-type=\"container\">\n\t\t\t\t<div class=\"elementor-element elementor-element-1a81429b elementor-widget elementor-widget-text-editor\" data-id=\"1a81429b\" data-element_type=\"widget\" data-e-type=\"widget\" data-settings=\"{&quot;ekit_we_effect_on&quot;:&quot;none&quot;}\" data-widget_type=\"text-editor.default\">\n\t\t\t\t<div class=\"elementor-widget-container\">\n\t\t\t\t\t\t\t\t\t<p>Nous recherchons de suite ou \u00e0 convenir pour notre <a title=\"\u00c9cole de cosm\u00e9tique \u00e0 Zurich\" href=\"https:\/\/swiss-beauty-and-hair-academy.ch\/kosmetikschule\/\">\u00e9cole d&rsquo;esth\u00e9tique<\/a>:<\/p>\t\t\t\t\t\t\t\t<\/div>\n\t\t\t\t<\/div>\n\t\t\t\t<div class=\"elementor-element elementor-element-7db29959 elementor-widget elementor-widget-heading\" data-id=\"7db29959\" data-element_type=\"widget\" data-e-type=\"widget\" data-settings=\"{&quot;ekit_we_effect_on&quot;:&quot;none&quot;}\" data-widget_type=\"heading.default\">\n\t\t\t\t<div class=\"elementor-widget-container\">\n\t\t\t\t\t<h1 class=\"elementor-heading-title elementor-size-default\">Professeur de physique \u00e0 l'\u00e9cole de beaut\u00e9, \u00e0 temps partiel, h\/f<\/h1>\t\t\t\t<\/div>\n\t\t\t\t<\/div>\n\t\t\t\t<div class=\"elementor-element elementor-element-7c7de30c elementor-widget elementor-widget-text-editor\" data-id=\"7c7de30c\" data-element_type=\"widget\" data-e-type=\"widget\" data-settings=\"{&quot;ekit_we_effect_on&quot;:&quot;none&quot;}\" data-widget_type=\"text-editor.default\">\n\t\t\t\t<div class=\"elementor-widget-container\">\n\t\t\t\t\t\t\t\t\t<p>Physique dans le cadre de cours d&rsquo;\u00e9pilation au laser<\/p>\t\t\t\t\t\t\t\t<\/div>\n\t\t\t\t<\/div>\n\t\t\t\t<\/div>\n\t\t<div class=\"elementor-element elementor-element-6b8df77f e-con-full e-flex e-con e-child\" data-id=\"6b8df77f\" data-element_type=\"container\" data-e-type=\"container\">\n\t\t\t\t<div class=\"elementor-element elementor-element-f604069 elementor-widget elementor-widget-image\" data-id=\"f604069\" data-element_type=\"widget\" data-e-type=\"widget\" data-settings=\"{&quot;ekit_we_effect_on&quot;:&quot;none&quot;}\" data-widget_type=\"image.default\">\n\t\t\t\t<div class=\"elementor-widget-container\">\n\t\t\t\t\t\t\t\t\t\t\t\t\t\t\t<img fetchpriority=\"high\" decoding=\"async\" width=\"640\" height=\"427\" src=\"https:\/\/swiss-education-company.ch\/wp-content\/uploads\/2024\/01\/top_kosmetik-6.jpg\" class=\"attachment-large size-large wp-image-12120\" alt=\"\" srcset=\"https:\/\/swiss-education-company.ch\/wp-content\/uploads\/2024\/01\/top_kosmetik-6.jpg 640w, https:\/\/swiss-education-company.ch\/wp-content\/uploads\/2024\/01\/top_kosmetik-6-300x200.jpg 300w\" sizes=\"(max-width: 640px) 100vw, 640px\" \/>\t\t\t\t\t\t\t\t\t\t\t\t\t\t\t<\/div>\n\t\t\t\t<\/div>\n\t\t\t\t<\/div>\n\t\t\t\t\t<\/div>\n\t\t\t\t<\/div>\n\t\t<div class=\"elementor-element elementor-element-200a29bb e-flex e-con-boxed e-con e-parent\" data-id=\"200a29bb\" data-element_type=\"container\" data-e-type=\"container\" data-settings=\"{&quot;background_background&quot;:&quot;classic&quot;}\">\n\t\t\t\t\t<div class=\"e-con-inner\">\n\t\t\t\t<div class=\"elementor-element elementor-element-6f1b862a elementor-widget elementor-widget-text-editor\" data-id=\"6f1b862a\" data-element_type=\"widget\" data-e-type=\"widget\" data-settings=\"{&quot;ekit_we_effect_on&quot;:&quot;none&quot;}\" data-widget_type=\"text-editor.default\">\n\t\t\t\t<div class=\"elementor-widget-container\">\n\t\t\t\t\t\t\t\t\t<h3>T\u00e2ches :<\/h3><ul><li>Formation th\u00e9orique, en particulier en physique, des participantes \u00e0 nos cours de beaut\u00e9. <\/li><li>Cr\u00e9ation de documents, pr\u00e9paration et suivi de vos propres le\u00e7ons<\/li><li>R\u00e9alisation d&rsquo;examens th\u00e9oriques<\/li><\/ul><h3>Exigences :<\/h3><ul><li>Connaissances linguistiques : Allemand <em>et, de pr\u00e9f\u00e9rence, d&rsquo;autres langues (en particulier l&rsquo;anglais, le fran\u00e7ais, l&rsquo;espagnol et le portugais).<\/em><\/li><li>\u00c9tudes de physique ou d&rsquo;une discipline similaire et au moins 3 ans d&rsquo;exp\u00e9rience professionnelle<\/li><li>Vous pouvez \u00e9galement faire appel \u00e0 un professeur dipl\u00f4m\u00e9 d&rsquo;une HEP ayant des connaissances en physique (rayonnements optiques et fr\u00e9quences).<\/li><li>Bonne technique de pr\u00e9sentation et capacit\u00e9 \u00e0 expliquer des concepts complexes en termes simples.<\/li><li>Au moins 2 ans d&rsquo;exp\u00e9rience dans la formation d&rsquo;apprentis ou d&rsquo;adultes<\/li><li>Autorit\u00e9 naturelle et patience<\/li><li>En option, formation continue en tant que coach, instructeur ou formateur dans le domaine de la m\u00e9thodologie et de la didactique.<\/li><\/ul><h3>Nous offrons :<\/h3><ul><li>Une \u00e9quipe motiv\u00e9e avec une ambiance de travail agr\u00e9able<br>Des conditions d&#8217;emploi int\u00e9ressantes<\/li><li>Potentiel de d\u00e9veloppement et de prise de responsabilit\u00e9s plus importantes<\/li><li>temps partiel d&rsquo;environ 10 \u00e0 30% (en fonction des comp\u00e9tences linguistiques et du nombre de classes)<\/li><\/ul><p>Vous habitez en Suisse ou dans l&rsquo;UE et nous avons \u00e9veill\u00e9 votre int\u00e9r\u00eat ? Dans ce cas, nous nous r\u00e9jouissons de recevoir votre candidature compl\u00e8te avec photo par e-mail pour ce poste. <\/p><p><strong>Swiss Education Company, D\u00fcbendorfstrasse 2, 8051 Zurich, courriel : <a href=\"mailto:hr@sbacademy.ch\">hr@sbacademy.ch<\/a><\/strong><\/p>\t\t\t\t\t\t\t\t<\/div>\n\t\t\t\t<\/div>\n\t\t\t\t\t<\/div>\n\t\t\t\t<\/div>\n\t\t\t\t<\/div>\n\t\t","protected":false},"excerpt":{"rendered":"<p>Nous recherchons de suite ou \u00e0 convenir pour notre \u00e9cole d&rsquo;esth\u00e9tique: Professeur de physique \u00e0 l&rsquo;\u00e9cole de beaut\u00e9, \u00e0 temps partiel, h\/f Physique dans le cadre de cours d&rsquo;\u00e9pilation au laser T\u00e2ches : Formation th\u00e9orique, en particulier en physique, des participantes \u00e0 nos cours de beaut\u00e9. Cr\u00e9ation de documents, pr\u00e9paration et suivi de vos propres [&hellip;]<\/p>\n","protected":false},"author":5,"featured_media":0,"parent":14733,"menu_order":0,"comment_status":"closed","ping_status":"closed","template":"","meta":{"_seopress_robots_primary_cat":"","_seopress_titles_title":"","_seopress_titles_desc":"","_seopress_robots_index":"","site-sidebar-layout":"no-sidebar","site-content-layout":"page-builder","ast-site-content-layout":"full-width-container","site-content-style":"unboxed","site-sidebar-style":"unboxed","ast-global-header-display":"","ast-banner-title-visibility":"","ast-main-header-display":"","ast-hfb-above-header-display":"","ast-hfb-below-header-display":"","ast-hfb-mobile-header-display":"","site-post-title":"disabled","ast-breadcrumbs-content":"","ast-featured-img":"disabled","footer-sml-layout":"","ast-disable-related-posts":"","theme-transparent-header-meta":"default","adv-header-id-meta":"","stick-header-meta":"","header-above-stick-meta":"","header-main-stick-meta":"","header-below-stick-meta":"","astra-migrate-meta-layouts":"default","ast-page-background-enabled":"default","ast-page-background-meta":{"desktop":{"background-color":"var(--ast-global-color-4)","background-image":"","background-repeat":"repeat","background-position":"center center","background-size":"auto","background-attachment":"scroll","background-type":"","background-media":"","overlay-type":"","overlay-color":"","overlay-opacity":"","overlay-gradient":""},"tablet":{"background-color":"","background-image":"","background-repeat":"repeat","background-position":"center center","background-size":"auto","background-attachment":"scroll","background-type":"","background-media":"","overlay-type":"","overlay-color":"","overlay-opacity":"","overlay-gradient":""},"mobile":{"background-color":"","background-image":"","background-repeat":"repeat","background-position":"center center","background-size":"auto","background-attachment":"scroll","background-type":"","background-media":"","overlay-type":"","overlay-color":"","overlay-opacity":"","overlay-gradient":""}},"ast-content-background-meta":{"desktop":{"background-color":"var(--ast-global-color-5)","background-image":"","background-repeat":"repeat","background-position":"center center","background-size":"auto","background-attachment":"scroll","background-type":"","background-media":"","overlay-type":"","overlay-color":"","overlay-opacity":"","overlay-gradient":""},"tablet":{"background-color":"var(--ast-global-color-5)","background-image":"","background-repeat":"repeat","background-position":"center center","background-size":"auto","background-attachment":"scroll","background-type":"","background-media":"","overlay-type":"","overlay-color":"","overlay-opacity":"","overlay-gradient":""},"mobile":{"background-color":"var(--ast-global-color-5)","background-image":"","background-repeat":"repeat","background-position":"center center","background-size":"auto","background-attachment":"scroll","background-type":"","background-media":"","overlay-type":"","overlay-color":"","overlay-opacity":"","overlay-gradient":""}},"footnotes":""},"class_list":["post-14946","page","type-page","status-publish","hentry"],"_links":{"self":[{"href":"https:\/\/swiss-education-company.ch\/fr\/wp-json\/wp\/v2\/pages\/14946","targetHints":{"allow":["GET"]}}],"collection":[{"href":"https:\/\/swiss-education-company.ch\/fr\/wp-json\/wp\/v2\/pages"}],"about":[{"href":"https:\/\/swiss-education-company.ch\/fr\/wp-json\/wp\/v2\/types\/page"}],"author":[{"embeddable":true,"href":"https:\/\/swiss-education-company.ch\/fr\/wp-json\/wp\/v2\/users\/5"}],"replies":[{"embeddable":true,"href":"https:\/\/swiss-education-company.ch\/fr\/wp-json\/wp\/v2\/comments?post=14946"}],"version-history":[{"count":1,"href":"https:\/\/swiss-education-company.ch\/fr\/wp-json\/wp\/v2\/pages\/14946\/revisions"}],"predecessor-version":[{"id":14948,"href":"https:\/\/swiss-education-company.ch\/fr\/wp-json\/wp\/v2\/pages\/14946\/revisions\/14948"}],"up":[{"embeddable":true,"href":"https:\/\/swiss-education-company.ch\/fr\/wp-json\/wp\/v2\/pages\/14733"}],"wp:attachment":[{"href":"https:\/\/swiss-education-company.ch\/fr\/wp-json\/wp\/v2\/media?parent=14946"}],"curies":[{"name":"wp","href":"https:\/\/api.w.org\/{rel}","templated":true}]}}