{"id":14925,"date":"2025-06-17T02:21:45","date_gmt":"2025-06-17T01:21:45","guid":{"rendered":"https:\/\/swiss-education-company.ch\/offres-demploi\/enseignant-specialise-en-maquillage\/"},"modified":"2025-10-14T12:21:25","modified_gmt":"2025-10-14T11:21:25","slug":"enseignant-specialise-en-maquillage","status":"publish","type":"page","link":"https:\/\/swiss-education-company.ch\/fr\/offres-demploi\/enseignant-specialise-en-maquillage\/","title":{"rendered":"Enseignant sp\u00e9cialis\u00e9 en maquillage"},"content":{"rendered":"\t\t<div data-elementor-type=\"wp-page\" data-elementor-id=\"14925\" class=\"elementor elementor-14925 elementor-11528\" data-elementor-post-type=\"page\">\n\t\t\t\t<div class=\"elementor-element elementor-element-45c244f e-flex e-con-boxed e-con e-parent\" data-id=\"45c244f\" data-element_type=\"container\" data-e-type=\"container\">\n\t\t\t\t\t<div class=\"e-con-inner\">\n\t\t<div class=\"elementor-element elementor-element-9a1b2bf e-con-full e-flex e-con e-child\" data-id=\"9a1b2bf\" data-element_type=\"container\" data-e-type=\"container\">\n\t\t\t\t<div class=\"elementor-element elementor-element-354d985 elementor-widget elementor-widget-text-editor\" data-id=\"354d985\" data-element_type=\"widget\" data-e-type=\"widget\" data-settings=\"{&quot;ekit_we_effect_on&quot;:&quot;none&quot;}\" data-widget_type=\"text-editor.default\">\n\t\t\t\t<div class=\"elementor-widget-container\">\n\t\t\t\t\t\t\t\t\t<p>Nous recherchons d\u00e8s maintenant ou \u00e0 convenir pour notre <a href=\"https:\/\/swiss-beauty-and-hair-academy.ch\/fr\/seminaire-esthetique\/formation-de-maquilleuse-et-visagiste-professionnelle\/\">\u00e9cole de maquillage<\/a> \u00e0 Lausanne :<\/p>\t\t\t\t\t\t\t\t<\/div>\n\t\t\t\t<\/div>\n\t\t\t\t<div class=\"elementor-element elementor-element-655da6e elementor-widget elementor-widget-heading\" data-id=\"655da6e\" data-element_type=\"widget\" data-e-type=\"widget\" data-settings=\"{&quot;ekit_we_effect_on&quot;:&quot;none&quot;}\" data-widget_type=\"heading.default\">\n\t\t\t\t<div class=\"elementor-widget-container\">\n\t\t\t\t\t<h1 class=\"elementor-heading-title elementor-size-default\">Enseignant sp\u00e9cialis\u00e9 en maquillage, \u00e0 temps partiel, h\/f<\/h1>\t\t\t\t<\/div>\n\t\t\t\t<\/div>\n\t\t\t\t<div class=\"elementor-element elementor-element-6383298 elementor-widget elementor-widget-text-editor\" data-id=\"6383298\" data-element_type=\"widget\" data-e-type=\"widget\" data-settings=\"{&quot;ekit_we_effect_on&quot;:&quot;none&quot;}\" data-widget_type=\"text-editor.default\">\n\t\t\t\t<div class=\"elementor-widget-container\">\n\t\t\t\t\t\t\t\t\t<p>Nous recherchons : Enseignant(e) sp\u00e9cialis\u00e9(e) en maquillage<\/p>\t\t\t\t\t\t\t\t<\/div>\n\t\t\t\t<\/div>\n\t\t\t\t<\/div>\n\t\t<div class=\"elementor-element elementor-element-4364a93 e-con-full e-flex e-con e-child\" data-id=\"4364a93\" data-element_type=\"container\" data-e-type=\"container\">\n\t\t\t\t<div class=\"elementor-element elementor-element-1ee8155 elementor-widget elementor-widget-image\" data-id=\"1ee8155\" data-element_type=\"widget\" data-e-type=\"widget\" data-settings=\"{&quot;ekit_we_effect_on&quot;:&quot;none&quot;}\" data-widget_type=\"image.default\">\n\t\t\t\t<div class=\"elementor-widget-container\">\n\t\t\t\t\t\t\t\t\t\t\t\t\t\t\t<img fetchpriority=\"high\" decoding=\"async\" width=\"640\" height=\"427\" src=\"https:\/\/swiss-education-company.ch\/wp-content\/uploads\/2022\/06\/top_kosmetik-6.jpg\" class=\"attachment-large size-large wp-image-11252\" alt=\"\" srcset=\"https:\/\/swiss-education-company.ch\/wp-content\/uploads\/2022\/06\/top_kosmetik-6.jpg 640w, https:\/\/swiss-education-company.ch\/wp-content\/uploads\/2022\/06\/top_kosmetik-6-300x200.jpg 300w, https:\/\/swiss-education-company.ch\/wp-content\/uploads\/2022\/06\/top_kosmetik-6-600x400.jpg 600w\" sizes=\"(max-width: 640px) 100vw, 640px\" \/>\t\t\t\t\t\t\t\t\t\t\t\t\t\t\t<\/div>\n\t\t\t\t<\/div>\n\t\t\t\t<\/div>\n\t\t\t\t\t<\/div>\n\t\t\t\t<\/div>\n\t\t<div class=\"elementor-element elementor-element-66277a7 e-flex e-con-boxed e-con e-parent\" data-id=\"66277a7\" data-element_type=\"container\" data-e-type=\"container\" data-settings=\"{&quot;background_background&quot;:&quot;classic&quot;}\">\n\t\t\t\t\t<div class=\"e-con-inner\">\n\t\t\t\t<div class=\"elementor-element elementor-element-3c49755 elementor-widget elementor-widget-text-editor\" data-id=\"3c49755\" data-element_type=\"widget\" data-e-type=\"widget\" data-settings=\"{&quot;ekit_we_effect_on&quot;:&quot;none&quot;}\" data-widget_type=\"text-editor.default\">\n\t\t\t\t<div class=\"elementor-widget-container\">\n\t\t\t\t\t\t\t\t\t<h3>T\u00e2ches :<\/h3><ul><li>Formation th\u00e9orique et pratique des \u00e9tudiants<\/li><li>Pr\u00e9paration et suivi de vos propres le\u00e7ons<\/li><li>R\u00e9alisation d&rsquo;examens pratiques et th\u00e9oriques<\/li><\/ul><h3>Exigences :<\/h3><ul><li>Connaissances linguistiques : Fran\u00e7ais et anglais, et autres langues en option<\/li><li>Formation de maquilleur et au moins 2-3 ans d&rsquo;exp\u00e9rience professionnelle<\/li><li>Formation continue dans le domaine du maquillage (par ex. examen de ma\u00eetrise)<\/li><li>Exp\u00e9rience dans la formation d&rsquo;apprentis ou d&rsquo;adultes<\/li><li>Autorit\u00e9 naturelle et patience<\/li><\/ul><h3>Nous offrons :<\/h3><ul><li>Une \u00e9quipe motiv\u00e9e et une ambiance de travail agr\u00e9able<\/li><li>Conditions d&#8217;emploi int\u00e9ressantes<\/li><li>Potentiel de d\u00e9veloppement et de prise de responsabilit\u00e9s plus importantes<\/li><li>temps partiel d&rsquo;environ 20 \u00e0 40% (en fonction des comp\u00e9tences linguistiques et du nombre de classes)<\/li><\/ul><p>Vous habitez en Suisse ou dans l&rsquo;UE et nous avons \u00e9veill\u00e9 votre int\u00e9r\u00eat ? Dans ce cas, nous nous r\u00e9jouissons de recevoir votre candidature compl\u00e8te avec photo par e-mail pour le poste de professeur(e) sp\u00e9cialis\u00e9(e) en maquillage.<\/p><p><strong>Swiss Education Company, D\u00fcbendorfstrasse 2, 8051 Zurich, e-mail : <a href=\"mailto:hr@sbacademy.ch\">hr@sbacademy.ch<\/a><\/strong><\/p>\t\t\t\t\t\t\t\t<\/div>\n\t\t\t\t<\/div>\n\t\t\t\t\t<\/div>\n\t\t\t\t<\/div>\n\t\t\t\t<\/div>\n\t\t","protected":false},"excerpt":{"rendered":"<p>Nous recherchons d\u00e8s maintenant ou \u00e0 convenir pour notre \u00e9cole de maquillage \u00e0 Lausanne : Enseignant sp\u00e9cialis\u00e9 en maquillage, \u00e0 temps partiel, h\/f Nous recherchons : Enseignant(e) sp\u00e9cialis\u00e9(e) en maquillage T\u00e2ches : Formation th\u00e9orique et pratique des \u00e9tudiants Pr\u00e9paration et suivi de vos propres le\u00e7ons R\u00e9alisation d&rsquo;examens pratiques et th\u00e9oriques Exigences : Connaissances linguistiques : [&hellip;]<\/p>\n","protected":false},"author":5,"featured_media":0,"parent":14733,"menu_order":0,"comment_status":"closed","ping_status":"closed","template":"","meta":{"_seopress_robots_primary_cat":"","_seopress_titles_title":"","_seopress_titles_desc":"","_seopress_robots_index":"","site-sidebar-layout":"no-sidebar","site-content-layout":"page-builder","ast-site-content-layout":"full-width-container","site-content-style":"unboxed","site-sidebar-style":"unboxed","ast-global-header-display":"","ast-banner-title-visibility":"","ast-main-header-display":"","ast-hfb-above-header-display":"","ast-hfb-below-header-display":"","ast-hfb-mobile-header-display":"","site-post-title":"disabled","ast-breadcrumbs-content":"","ast-featured-img":"disabled","footer-sml-layout":"","ast-disable-related-posts":"","theme-transparent-header-meta":"default","adv-header-id-meta":"","stick-header-meta":"","header-above-stick-meta":"","header-main-stick-meta":"","header-below-stick-meta":"","astra-migrate-meta-layouts":"default","ast-page-background-enabled":"default","ast-page-background-meta":{"desktop":{"background-color":"var(--ast-global-color-4)","background-image":"","background-repeat":"repeat","background-position":"center center","background-size":"auto","background-attachment":"scroll","background-type":"","background-media":"","overlay-type":"","overlay-color":"","overlay-opacity":"","overlay-gradient":""},"tablet":{"background-color":"","background-image":"","background-repeat":"repeat","background-position":"center center","background-size":"auto","background-attachment":"scroll","background-type":"","background-media":"","overlay-type":"","overlay-color":"","overlay-opacity":"","overlay-gradient":""},"mobile":{"background-color":"","background-image":"","background-repeat":"repeat","background-position":"center center","background-size":"auto","background-attachment":"scroll","background-type":"","background-media":"","overlay-type":"","overlay-color":"","overlay-opacity":"","overlay-gradient":""}},"ast-content-background-meta":{"desktop":{"background-color":"var(--ast-global-color-5)","background-image":"","background-repeat":"repeat","background-position":"center center","background-size":"auto","background-attachment":"scroll","background-type":"","background-media":"","overlay-type":"","overlay-color":"","overlay-opacity":"","overlay-gradient":""},"tablet":{"background-color":"var(--ast-global-color-5)","background-image":"","background-repeat":"repeat","background-position":"center center","background-size":"auto","background-attachment":"scroll","background-type":"","background-media":"","overlay-type":"","overlay-color":"","overlay-opacity":"","overlay-gradient":""},"mobile":{"background-color":"var(--ast-global-color-5)","background-image":"","background-repeat":"repeat","background-position":"center center","background-size":"auto","background-attachment":"scroll","background-type":"","background-media":"","overlay-type":"","overlay-color":"","overlay-opacity":"","overlay-gradient":""}},"footnotes":""},"class_list":["post-14925","page","type-page","status-publish","hentry"],"_links":{"self":[{"href":"https:\/\/swiss-education-company.ch\/fr\/wp-json\/wp\/v2\/pages\/14925","targetHints":{"allow":["GET"]}}],"collection":[{"href":"https:\/\/swiss-education-company.ch\/fr\/wp-json\/wp\/v2\/pages"}],"about":[{"href":"https:\/\/swiss-education-company.ch\/fr\/wp-json\/wp\/v2\/types\/page"}],"author":[{"embeddable":true,"href":"https:\/\/swiss-education-company.ch\/fr\/wp-json\/wp\/v2\/users\/5"}],"replies":[{"embeddable":true,"href":"https:\/\/swiss-education-company.ch\/fr\/wp-json\/wp\/v2\/comments?post=14925"}],"version-history":[{"count":3,"href":"https:\/\/swiss-education-company.ch\/fr\/wp-json\/wp\/v2\/pages\/14925\/revisions"}],"predecessor-version":[{"id":15117,"href":"https:\/\/swiss-education-company.ch\/fr\/wp-json\/wp\/v2\/pages\/14925\/revisions\/15117"}],"up":[{"embeddable":true,"href":"https:\/\/swiss-education-company.ch\/fr\/wp-json\/wp\/v2\/pages\/14733"}],"wp:attachment":[{"href":"https:\/\/swiss-education-company.ch\/fr\/wp-json\/wp\/v2\/media?parent=14925"}],"curies":[{"name":"wp","href":"https:\/\/api.w.org\/{rel}","templated":true}]}}