{"id":14901,"date":"2025-06-17T02:21:14","date_gmt":"2025-06-17T01:21:14","guid":{"rendered":"https:\/\/swiss-education-company.ch\/offres-demploi\/enseignante-en-massage\/"},"modified":"2025-06-17T02:21:16","modified_gmt":"2025-06-17T01:21:16","slug":"enseignante-en-massage","status":"publish","type":"page","link":"https:\/\/swiss-education-company.ch\/fr\/offres-demploi\/enseignante-en-massage\/","title":{"rendered":"Enseignant(e) en massage"},"content":{"rendered":"<div class=\"pdfprnt-buttons pdfprnt-buttons-page pdfprnt-top-right\"><a href=\"javascript: imageToPdf(14901)\" class=\"pdfprnt-button pdfprnt-button-pdf\" target=\"_self\" ><img decoding=\"async\" src=\"https:\/\/swiss-education-company.ch\/wp-content\/plugins\/pdf-print\/images\/pdf.png\" alt=\"image_pdf\" title=\"Afficher le PDF\" \/><\/a><a href=\"https:\/\/swiss-education-company.ch\/fr\/wp-json\/wp\/v2\/pages\/14901?print=print\" class=\"pdfprnt-button pdfprnt-button-print\" target=\"_blank\" ><img decoding=\"async\" src=\"https:\/\/swiss-education-company.ch\/wp-content\/plugins\/pdf-print\/images\/print.png\" alt=\"image_print\" title=\"Contenu imprim\u00e9\" \/><\/a><\/div>\t\t<div data-elementor-type=\"wp-page\" data-elementor-id=\"14901\" class=\"elementor elementor-14901 elementor-11611\" data-elementor-post-type=\"page\">\n\t\t\t\t<div class=\"elementor-element elementor-element-14d43942 e-flex e-con-boxed e-con e-parent\" data-id=\"14d43942\" data-element_type=\"container\" data-e-type=\"container\">\n\t\t\t\t\t<div class=\"e-con-inner\">\n\t\t<div class=\"elementor-element elementor-element-4c17213 e-con-full e-flex e-con e-child\" data-id=\"4c17213\" data-element_type=\"container\" data-e-type=\"container\">\n\t\t\t\t<div class=\"elementor-element elementor-element-11b9a852 elementor-widget elementor-widget-text-editor\" data-id=\"11b9a852\" data-element_type=\"widget\" data-e-type=\"widget\" data-settings=\"{&quot;ekit_we_effect_on&quot;:&quot;none&quot;}\" data-widget_type=\"text-editor.default\">\n\t\t\t\t<div class=\"elementor-widget-container\">\n\t\t\t\t\t\t\t\t\t<p>Nous recherchons de suite ou \u00e0 convenir pour notre <a title=\"\u00c9cole de massage de Swiss Beauty Academy\" href=\"https:\/\/swiss-beauty-and-hair-academy.ch\/massageschule\/\">\u00e9cole professionnelle de massage<\/a>:<\/p>\t\t\t\t\t\t\t\t<\/div>\n\t\t\t\t<\/div>\n\t\t\t\t<div class=\"elementor-element elementor-element-232923a3 elementor-widget elementor-widget-heading\" data-id=\"232923a3\" data-element_type=\"widget\" data-e-type=\"widget\" data-settings=\"{&quot;ekit_we_effect_on&quot;:&quot;none&quot;}\" data-widget_type=\"heading.default\">\n\t\t\t\t<div class=\"elementor-widget-container\">\n\t\t\t\t\t<h1 class=\"elementor-heading-title elementor-size-default\">Enseignant(e) sp\u00e9cialis\u00e9(e) en massage, \u00e0 temps partiel, h\/f<\/h1>\t\t\t\t<\/div>\n\t\t\t\t<\/div>\n\t\t\t\t<\/div>\n\t\t<div class=\"elementor-element elementor-element-1fc56f38 e-con-full e-flex e-con e-child\" data-id=\"1fc56f38\" data-element_type=\"container\" data-e-type=\"container\">\n\t\t\t\t<div class=\"elementor-element elementor-element-438f5501 elementor-widget elementor-widget-image\" data-id=\"438f5501\" data-element_type=\"widget\" data-e-type=\"widget\" data-settings=\"{&quot;ekit_we_effect_on&quot;:&quot;none&quot;}\" data-widget_type=\"image.default\">\n\t\t\t\t<div class=\"elementor-widget-container\">\n\t\t\t\t\t\t\t\t\t\t\t\t\t\t\t<img fetchpriority=\"high\" decoding=\"async\" width=\"1024\" height=\"771\" src=\"https:\/\/swiss-education-company.ch\/wp-content\/uploads\/2024\/01\/massage-schule-escola-de-massagem-escuela-de-masaje-scuola-di-massaggio-massage-school-00-1024x771.jpg\" class=\"attachment-large size-large wp-image-12124\" alt=\"\" srcset=\"https:\/\/swiss-education-company.ch\/wp-content\/uploads\/2024\/01\/massage-schule-escola-de-massagem-escuela-de-masaje-scuola-di-massaggio-massage-school-00-1024x771.jpg 1024w, https:\/\/swiss-education-company.ch\/wp-content\/uploads\/2024\/01\/massage-schule-escola-de-massagem-escuela-de-masaje-scuola-di-massaggio-massage-school-00-300x226.jpg 300w, https:\/\/swiss-education-company.ch\/wp-content\/uploads\/2024\/01\/massage-schule-escola-de-massagem-escuela-de-masaje-scuola-di-massaggio-massage-school-00-768x578.jpg 768w, https:\/\/swiss-education-company.ch\/wp-content\/uploads\/2024\/01\/massage-schule-escola-de-massagem-escuela-de-masaje-scuola-di-massaggio-massage-school-00-1536x1157.jpg 1536w, https:\/\/swiss-education-company.ch\/wp-content\/uploads\/2024\/01\/massage-schule-escola-de-massagem-escuela-de-masaje-scuola-di-massaggio-massage-school-00-2048x1542.jpg 2048w\" sizes=\"(max-width: 1024px) 100vw, 1024px\" \/>\t\t\t\t\t\t\t\t\t\t\t\t\t\t\t<\/div>\n\t\t\t\t<\/div>\n\t\t\t\t<\/div>\n\t\t\t\t\t<\/div>\n\t\t\t\t<\/div>\n\t\t<div class=\"elementor-element elementor-element-11f19593 e-flex e-con-boxed e-con e-parent\" data-id=\"11f19593\" data-element_type=\"container\" data-e-type=\"container\" data-settings=\"{&quot;background_background&quot;:&quot;classic&quot;}\">\n\t\t\t\t\t<div class=\"e-con-inner\">\n\t\t\t\t<div class=\"elementor-element elementor-element-6052c39e elementor-widget elementor-widget-text-editor\" data-id=\"6052c39e\" data-element_type=\"widget\" data-e-type=\"widget\" data-settings=\"{&quot;ekit_we_effect_on&quot;:&quot;none&quot;}\" data-widget_type=\"text-editor.default\">\n\t\t\t\t<div class=\"elementor-widget-container\">\n\t\t\t\t\t\t\t\t\t<h3>T\u00e2ches :<\/h3><ul><li>Formation th\u00e9orique et pratique des \u00e9tudiants<\/li><li>Pr\u00e9paration et suivi de vos propres le\u00e7ons<\/li><li>R\u00e9alisation d&rsquo;examens pratiques et th\u00e9oriques<\/li><\/ul><h3>Exigences :<\/h3><ul><li>Connaissances linguistiques : Anglais et espagnol et autres langues en option<\/li><li>Formation de masseur et au moins 2-3 ans d&rsquo;exp\u00e9rience professionnelle<\/li><li>Formation continue dans le domaine du massage (par ex. examen de ma\u00eetrise)<\/li><li>Exp\u00e9rience dans la formation d&rsquo;apprentis ou d&rsquo;adultes<\/li><li>Autorit\u00e9 naturelle et patience<\/li><li>En option, formation continue en tant que coach, instructeur ou formateur dans le domaine de la m\u00e9thodologie et de la didactique.<\/li><\/ul><h3>Nous offrons :<\/h3><ul><li>Une \u00e9quipe motiv\u00e9e et une ambiance de travail agr\u00e9able<\/li><li>Conditions d&#8217;emploi int\u00e9ressantes<\/li><li>Potentiel de d\u00e9veloppement et de prise de responsabilit\u00e9s plus importantes<\/li><li>temps partiel d&rsquo;environ 20 \u00e0 40% (en fonction des comp\u00e9tences linguistiques et du nombre de classes)<\/li><\/ul><p><br>Vous habitez en Suisse ou dans l&rsquo;UE et nous avons \u00e9veill\u00e9 votre int\u00e9r\u00eat ? Dans ce cas, nous nous r\u00e9jouissons de recevoir votre candidature compl\u00e8te avec photo par e-mail pour le poste d&rsquo;enseignant(e) sp\u00e9cialis\u00e9(e) en massage. <\/p><p><strong>Swiss Beauty Academy, D\u00fcbendorfstrasse 2, 8051 Zurich, e-mail : <a href=\"mailto:hr@sbacademy.ch\">hr@sbacademy.ch<\/a><\/strong><\/p>\t\t\t\t\t\t\t\t<\/div>\n\t\t\t\t<\/div>\n\t\t\t\t\t<\/div>\n\t\t\t\t<\/div>\n\t\t\t\t<\/div>\n\t\t","protected":false},"excerpt":{"rendered":"<p>Nous recherchons de suite ou \u00e0 convenir pour notre \u00e9cole professionnelle de massage: Enseignant(e) sp\u00e9cialis\u00e9(e) en massage, \u00e0 temps partiel, h\/f T\u00e2ches : Formation th\u00e9orique et pratique des \u00e9tudiants Pr\u00e9paration et suivi de vos propres le\u00e7ons R\u00e9alisation d&rsquo;examens pratiques et th\u00e9oriques Exigences : Connaissances linguistiques : Anglais et espagnol et autres langues en option Formation [&hellip;]<\/p>\n","protected":false},"author":5,"featured_media":0,"parent":14733,"menu_order":0,"comment_status":"closed","ping_status":"closed","template":"","meta":{"_seopress_robots_primary_cat":"","_seopress_titles_title":"","_seopress_titles_desc":"","_seopress_robots_index":"","_seopress_analysis_target_kw":"","site-sidebar-layout":"no-sidebar","site-content-layout":"page-builder","ast-site-content-layout":"full-width-container","site-content-style":"unboxed","site-sidebar-style":"unboxed","ast-global-header-display":"","ast-banner-title-visibility":"","ast-main-header-display":"","ast-hfb-above-header-display":"","ast-hfb-below-header-display":"","ast-hfb-mobile-header-display":"","site-post-title":"disabled","ast-breadcrumbs-content":"","ast-featured-img":"disabled","footer-sml-layout":"","ast-disable-related-posts":"","theme-transparent-header-meta":"default","adv-header-id-meta":"","stick-header-meta":"","header-above-stick-meta":"","header-main-stick-meta":"","header-below-stick-meta":"","astra-migrate-meta-layouts":"default","ast-page-background-enabled":"default","ast-page-background-meta":{"desktop":{"background-color":"var(--ast-global-color-4)","background-image":"","background-repeat":"repeat","background-position":"center center","background-size":"auto","background-attachment":"scroll","background-type":"","background-media":"","overlay-type":"","overlay-color":"","overlay-opacity":"","overlay-gradient":""},"tablet":{"background-color":"","background-image":"","background-repeat":"repeat","background-position":"center center","background-size":"auto","background-attachment":"scroll","background-type":"","background-media":"","overlay-type":"","overlay-color":"","overlay-opacity":"","overlay-gradient":""},"mobile":{"background-color":"","background-image":"","background-repeat":"repeat","background-position":"center center","background-size":"auto","background-attachment":"scroll","background-type":"","background-media":"","overlay-type":"","overlay-color":"","overlay-opacity":"","overlay-gradient":""}},"ast-content-background-meta":{"desktop":{"background-color":"var(--ast-global-color-5)","background-image":"","background-repeat":"repeat","background-position":"center center","background-size":"auto","background-attachment":"scroll","background-type":"","background-media":"","overlay-type":"","overlay-color":"","overlay-opacity":"","overlay-gradient":""},"tablet":{"background-color":"var(--ast-global-color-5)","background-image":"","background-repeat":"repeat","background-position":"center center","background-size":"auto","background-attachment":"scroll","background-type":"","background-media":"","overlay-type":"","overlay-color":"","overlay-opacity":"","overlay-gradient":""},"mobile":{"background-color":"var(--ast-global-color-5)","background-image":"","background-repeat":"repeat","background-position":"center center","background-size":"auto","background-attachment":"scroll","background-type":"","background-media":"","overlay-type":"","overlay-color":"","overlay-opacity":"","overlay-gradient":""}},"footnotes":""},"class_list":["post-14901","page","type-page","status-publish","hentry"],"_links":{"self":[{"href":"https:\/\/swiss-education-company.ch\/fr\/wp-json\/wp\/v2\/pages\/14901","targetHints":{"allow":["GET"]}}],"collection":[{"href":"https:\/\/swiss-education-company.ch\/fr\/wp-json\/wp\/v2\/pages"}],"about":[{"href":"https:\/\/swiss-education-company.ch\/fr\/wp-json\/wp\/v2\/types\/page"}],"author":[{"embeddable":true,"href":"https:\/\/swiss-education-company.ch\/fr\/wp-json\/wp\/v2\/users\/5"}],"replies":[{"embeddable":true,"href":"https:\/\/swiss-education-company.ch\/fr\/wp-json\/wp\/v2\/comments?post=14901"}],"version-history":[{"count":1,"href":"https:\/\/swiss-education-company.ch\/fr\/wp-json\/wp\/v2\/pages\/14901\/revisions"}],"predecessor-version":[{"id":14903,"href":"https:\/\/swiss-education-company.ch\/fr\/wp-json\/wp\/v2\/pages\/14901\/revisions\/14903"}],"up":[{"embeddable":true,"href":"https:\/\/swiss-education-company.ch\/fr\/wp-json\/wp\/v2\/pages\/14733"}],"wp:attachment":[{"href":"https:\/\/swiss-education-company.ch\/fr\/wp-json\/wp\/v2\/media?parent=14901"}],"curies":[{"name":"wp","href":"https:\/\/api.w.org\/{rel}","templated":true}]}}