{"id":13077,"date":"2024-12-08T15:38:45","date_gmt":"2024-12-08T14:38:45","guid":{"rendered":"https:\/\/swiss-education-company.ch\/a-propos-de-nous\/inscription-avec-facture\/"},"modified":"2024-12-08T15:41:52","modified_gmt":"2024-12-08T14:41:52","slug":"inscription-avec-facture","status":"publish","type":"page","link":"https:\/\/swiss-education-company.ch\/fr\/a-propos-de-nous\/inscription-avec-facture\/","title":{"rendered":"Inscription Avec facture"},"content":{"rendered":"<div class=\"pdfprnt-buttons pdfprnt-buttons-page pdfprnt-top-right\"><a href=\"javascript: imageToPdf(13077)\" class=\"pdfprnt-button pdfprnt-button-pdf\" target=\"_self\" ><img decoding=\"async\" src=\"https:\/\/swiss-education-company.ch\/wp-content\/plugins\/pdf-print\/images\/pdf.png\" alt=\"image_pdf\" title=\"Afficher le PDF\" \/><\/a><a href=\"https:\/\/swiss-education-company.ch\/fr\/wp-json\/wp\/v2\/pages\/13077?print=print\" class=\"pdfprnt-button pdfprnt-button-print\" target=\"_blank\" ><img decoding=\"async\" src=\"https:\/\/swiss-education-company.ch\/wp-content\/plugins\/pdf-print\/images\/print.png\" alt=\"image_print\" title=\"Contenu imprim\u00e9\" \/><\/a><\/div>\t\t<div data-elementor-type=\"wp-page\" data-elementor-id=\"13077\" class=\"elementor elementor-13077 elementor-11698\" data-elementor-post-type=\"page\">\n\t\t\t\t\t\t<section class=\"elementor-section elementor-top-section elementor-element elementor-element-31f5ddcb elementor-section-full_width elementor-section-height-default elementor-section-height-default\" data-id=\"31f5ddcb\" data-element_type=\"section\" data-e-type=\"section\">\n\t\t\t\t\t\t\t<div class=\"elementor-background-overlay\"><\/div>\n\t\t\t\t\t\t\t<div class=\"elementor-container elementor-column-gap-default\">\n\t\t\t\t\t<div class=\"elementor-column elementor-col-100 elementor-top-column elementor-element elementor-element-5f5da683\" data-id=\"5f5da683\" data-element_type=\"column\" data-e-type=\"column\">\n\t\t\t<div class=\"elementor-widget-wrap elementor-element-populated\">\n\t\t\t\t\t\t<div class=\"elementor-element elementor-element-735c372d elementor-widget elementor-widget-heading\" data-id=\"735c372d\" data-element_type=\"widget\" data-e-type=\"widget\" data-settings=\"{&quot;ekit_we_effect_on&quot;:&quot;none&quot;}\" data-widget_type=\"heading.default\">\n\t\t\t\t<div class=\"elementor-widget-container\">\n\t\t\t\t\t<h1 class=\"elementor-heading-title elementor-size-default\">Inscription  <\/h1>\t\t\t\t<\/div>\n\t\t\t\t<\/div>\n\t\t\t\t\t<\/div>\n\t\t<\/div>\n\t\t\t\t\t<\/div>\n\t\t<\/section>\n\t\t\t\t<section class=\"elementor-section elementor-top-section elementor-element elementor-element-41403856 elementor-section-boxed elementor-section-height-default elementor-section-height-default\" data-id=\"41403856\" data-element_type=\"section\" data-e-type=\"section\" data-settings=\"{&quot;background_background&quot;:&quot;classic&quot;}\">\n\t\t\t\t\t\t\t<div class=\"elementor-background-overlay\"><\/div>\n\t\t\t\t\t\t\t<div class=\"elementor-container elementor-column-gap-default\">\n\t\t\t\t\t<div class=\"elementor-column elementor-col-33 elementor-top-column elementor-element elementor-element-29b2af6e\" data-id=\"29b2af6e\" data-element_type=\"column\" data-e-type=\"column\">\n\t\t\t<div class=\"elementor-widget-wrap\">\n\t\t\t\t\t\t\t<\/div>\n\t\t<\/div>\n\t\t\t\t<div class=\"elementor-column elementor-col-33 elementor-top-column elementor-element elementor-element-40511ce9\" data-id=\"40511ce9\" data-element_type=\"column\" data-e-type=\"column\" data-settings=\"{&quot;background_background&quot;:&quot;classic&quot;}\">\n\t\t\t<div class=\"elementor-widget-wrap elementor-element-populated\">\n\t\t\t\t\t\t<div class=\"elementor-element elementor-element-537ee62 elementor-widget elementor-widget-text-editor\" data-id=\"537ee62\" data-element_type=\"widget\" data-e-type=\"widget\" data-settings=\"{&quot;ekit_we_effect_on&quot;:&quot;none&quot;}\" data-widget_type=\"text-editor.default\">\n\t\t\t\t<div class=\"elementor-widget-container\">\n\t\t\t\t\t\t\t\t\t<p>Veuillez t\u00e9l\u00e9charger le formulaire d&rsquo;inscription (document PDF ci-dessous), l&rsquo;imprimer, le remplir, le signer et nous l&rsquo;envoyer par courrier ou par e-mail sous forme de scan aux adresses suivantes :&nbsp;<\/p>\n\t\t\t\t\t\t\t\t<\/div>\n\t\t\t\t<\/div>\n\t\t\t\t<div class=\"elementor-element elementor-element-065575d elementor-widget elementor-widget-text-editor\" data-id=\"065575d\" data-element_type=\"widget\" data-e-type=\"widget\" data-settings=\"{&quot;ekit_we_effect_on&quot;:&quot;none&quot;}\" data-widget_type=\"text-editor.default\">\n\t\t\t\t<div class=\"elementor-widget-container\">\n\t\t\t\t\t\t\t\t\t<p style=\"padding-left: 30px;\"><strong style=\"font-style: inherit;\">Adresse postale :<br \/><\/strong><strong style=\"font-style: inherit;\">Swiss Education Company<br \/><\/strong><strong style=\"font-style: inherit;\">D\u00fcbendorfstrasse 2<br \/><\/strong><strong style=\"font-style: inherit;\">CH- 8051 Zurich<\/strong><\/p>\n<p style=\"padding-left: 30px;\"><strong>adresse \u00e9lectronique :<br \/><\/strong><strong><span style=\"color: #000000;\"><a style=\"color: #000000; text-decoration: underline;\" href=\"mailto:info@secompany.ch\">info@secompany.ch<\/a><\/span><\/strong><\/p>\n\t\t\t\t\t\t\t\t<\/div>\n\t\t\t\t<\/div>\n\t\t\t\t<div class=\"elementor-element elementor-element-a028061 elementor-widget elementor-widget-shortcode\" data-id=\"a028061\" data-element_type=\"widget\" data-e-type=\"widget\" data-settings=\"{&quot;ekit_we_effect_on&quot;:&quot;none&quot;}\" data-widget_type=\"shortcode.default\">\n\t\t\t\t<div class=\"elementor-widget-container\">\n\t\t\t\t\t\t\t<div class=\"elementor-shortcode\"><div class='w3eden'><!-- WPDM Link Template: Default Template -->\n\n<div class=\"link-template-default card mb-2\">\n    <div class=\"card-body\">\n        <div class=\"media\">\n            <div class=\"mr-3 img-48\"><img decoding=\"async\" class=\"wpdm_icon\" alt=\"Ic\u00f4ne\"   src=\"https:\/\/swiss-education-company.ch\/wp-content\/plugins\/download-manager\/assets\/file-type-icons\/pdf.png\" \/><\/div>\n            <div class=\"media-body\">\n                <h3 class=\"package-title\"><a href='https:\/\/swiss-education-company.ch\/fr\/download\/formulaire-dinscription_francais-pdf\/'>Formulaire-dinscription_Francais.pdf<\/a><\/h3>\n                <div class=\"text-muted text-small\"><i class=\"fas fa-copy\"><\/i> 1 fichier\u00b7s <i class=\"fas fa-hdd ml-3\"><\/i> 242.67 KB<\/div>\n            <\/div>\n            <div class=\"ml-3\">\n                <a class='wpdm-download-link download-on-click btn btn-primary ' rel='nofollow' href='#' data-downloadurl=\"https:\/\/swiss-education-company.ch\/fr\/download\/formulaire-dinscription_francais-pdf\/?wpdmdl=13059&refresh=69fc694d2fc6f1778149709\">t\u00e9l\u00e9charger<\/a>\n            <\/div>\n        <\/div>\n    <\/div>\n<\/div>\n\n<\/div><\/div>\n\t\t\t\t\t\t<\/div>\n\t\t\t\t<\/div>\n\t\t\t\t<div class=\"elementor-element elementor-element-6240ed9c elementor-widget elementor-widget-text-editor\" data-id=\"6240ed9c\" data-element_type=\"widget\" data-e-type=\"widget\" data-settings=\"{&quot;ekit_we_effect_on&quot;:&quot;none&quot;}\" data-widget_type=\"text-editor.default\">\n\t\t\t\t<div class=\"elementor-widget-container\">\n\t\t\t\t\t\t\t\t\t<p><strong>Vous pouvez \u00e9galement remplir le formulaire de contact ci-dessus afin que nous puissions vous envoyer les documents de cours, y compris le formulaire d&rsquo;inscription, par courrier et par e-mail.<\/strong><\/p>\n\t\t\t\t\t\t\t\t<\/div>\n\t\t\t\t<\/div>\n\t\t\t\t<div class=\"elementor-element elementor-element-4781aec8 elementor-widget elementor-widget-elementskit-contact-form7\" data-id=\"4781aec8\" data-element_type=\"widget\" data-e-type=\"widget\" data-settings=\"{&quot;ekit_we_effect_on&quot;:&quot;none&quot;}\" data-widget_type=\"elementskit-contact-form7.default\">\n\t\t\t\t<div class=\"elementor-widget-container\">\n\t\t\t\t\t<div class=\"ekit-wid-con\" ><div class=\"ekit-form\">\n<div class=\"wpcf7 no-js\" id=\"wpcf7-f12959-o1\" lang=\"fr-FR\" dir=\"ltr\" data-wpcf7-id=\"12959\">\n<div class=\"screen-reader-response\"><p role=\"status\" aria-live=\"polite\" aria-atomic=\"true\"><\/p> <ul><\/ul><\/div>\n<form action=\"\/fr\/wp-json\/wp\/v2\/pages\/13077#wpcf7-f12959-o1\" method=\"post\" class=\"wpcf7-form init\" aria-label=\"Formulaire de contact\" novalidate=\"novalidate\" data-status=\"init\">\n<fieldset class=\"hidden-fields-container\"><input type=\"hidden\" name=\"_wpcf7\" value=\"12959\" \/><input type=\"hidden\" name=\"_wpcf7_version\" value=\"6.1.5\" \/><input type=\"hidden\" name=\"_wpcf7_locale\" value=\"fr_FR\" \/><input type=\"hidden\" name=\"_wpcf7_unit_tag\" value=\"wpcf7-f12959-o1\" \/><input type=\"hidden\" name=\"_wpcf7_container_post\" value=\"0\" \/><input type=\"hidden\" name=\"_wpcf7_posted_data_hash\" value=\"\" \/><input type=\"hidden\" name=\"_wpcf7cf_hidden_group_fields\" value=\"[]\" \/><input type=\"hidden\" name=\"_wpcf7cf_hidden_groups\" value=\"[]\" \/><input type=\"hidden\" name=\"_wpcf7cf_visible_groups\" value=\"[]\" \/><input type=\"hidden\" name=\"_wpcf7cf_repeaters\" value=\"[]\" \/><input type=\"hidden\" name=\"_wpcf7cf_steps\" value=\"{}\" \/><input type=\"hidden\" name=\"_wpcf7cf_options\" value=\"{&quot;form_id&quot;:12959,&quot;conditions&quot;:[{&quot;then_field&quot;:&quot;group-234&quot;,&quot;and_rules&quot;:[{&quot;if_field&quot;:&quot;radio-604&quot;,&quot;operator&quot;:&quot;equals&quot;,&quot;if_value&quot;:&quot;Suisse&quot;}]},{&quot;then_field&quot;:&quot;group-234&quot;,&quot;and_rules&quot;:[{&quot;if_field&quot;:&quot;radio-604&quot;,&quot;operator&quot;:&quot;equals&quot;,&quot;if_value&quot;:&quot;Principaut\\u00e9 de Liechtenstein&quot;}]},{&quot;then_field&quot;:&quot;group-278&quot;,&quot;and_rules&quot;:[{&quot;if_field&quot;:&quot;radio-608&quot;,&quot;operator&quot;:&quot;equals&quot;,&quot;if_value&quot;:&quot;Oui&quot;},{&quot;if_field&quot;:&quot;radio-604&quot;,&quot;operator&quot;:&quot;equals&quot;,&quot;if_value&quot;:&quot;Principaut\\u00e9 de Liechtenstein&quot;}]},{&quot;then_field&quot;:&quot;group-278&quot;,&quot;and_rules&quot;:[{&quot;if_field&quot;:&quot;radio-608&quot;,&quot;operator&quot;:&quot;equals&quot;,&quot;if_value&quot;:&quot;Oui&quot;},{&quot;if_field&quot;:&quot;radio-604&quot;,&quot;operator&quot;:&quot;equals&quot;,&quot;if_value&quot;:&quot;Suisse&quot;}]}],&quot;settings&quot;:{&quot;animation&quot;:&quot;yes&quot;,&quot;animation_intime&quot;:200,&quot;animation_outtime&quot;:200,&quot;conditions_ui&quot;:&quot;normal&quot;,&quot;notice_dismissed&quot;:false,&quot;repeater_remove_button&quot;:&quot;bottom&quot;}}\" \/>\n<\/fieldset>\n<div class=\"bmg-contact-form-wrap\">\n\t<p><label><strong>Nom du cours - Vos questions:<\/strong><\/label>\n\t<\/p>\n\t<div class=\"bmg-field\">\n\t\t<p><span class=\"wpcf7-form-control-wrap\" data-name=\"your-message\"><textarea cols=\"40\" rows=\"10\" maxlength=\"2000\" class=\"wpcf7-form-control wpcf7-textarea wpcf7-validates-as-required\" aria-required=\"true\" aria-invalid=\"false\" name=\"your-message\"><\/textarea><\/span>\n\t\t<\/p>\n\t<\/div>\n\t<p><label><strong>Lieu de formation souhait\u00e9:<\/strong><\/label>\n\t<\/p>\n\t<div class=\"bmg-field\">\n\t\t<p><span class=\"wpcf7-form-control-wrap\" data-name=\"radio-605\"><span class=\"wpcf7-form-control wpcf7-radio\"><span class=\"wpcf7-list-item first\"><input type=\"radio\" name=\"radio-605\" value=\"Z\u00fcrich\" \/><span class=\"wpcf7-list-item-label\">Z\u00fcrich<\/span><\/span><span class=\"wpcf7-list-item\"><input type=\"radio\" name=\"radio-605\" value=\"Lausanne\" \/><span class=\"wpcf7-list-item-label\">Lausanne<\/span><\/span><span class=\"wpcf7-list-item last\"><input type=\"radio\" name=\"radio-605\" value=\"Beide\" \/><span class=\"wpcf7-list-item-label\">Beide<\/span><\/span><\/span><\/span>\n\t\t<\/p>\n\t<\/div>\n\t<p><label><strong>Entretien de conseil & journ\u00e9e d'essai:<\/strong><\/label>\n\t<\/p>\n\t<div class=\"bmg-field\">\n\t\t<p><span class=\"wpcf7-form-control-wrap\" data-name=\"radio-607\"><span class=\"wpcf7-form-control wpcf7-radio\"><span class=\"wpcf7-list-item first\"><input type=\"radio\" name=\"radio-607\" value=\"\u00c7a m&#039;int\u00e9resse\" \/><span class=\"wpcf7-list-item-label\">\u00c7a m&#039;int\u00e9resse<\/span><\/span><span class=\"wpcf7-list-item last\"><input type=\"radio\" name=\"radio-607\" value=\"Non merci !\" \/><span class=\"wpcf7-list-item-label\">Non merci !<\/span><\/span><\/span><\/span>\n\t\t<\/p>\n\t<\/div>\n\t<p><label><strong>Pays - Votre domicile:<\/strong><\/label>\n\t<\/p>\n\t<div class=\"bmg-field\">\n\t\t<p><span class=\"wpcf7-form-control-wrap\" data-name=\"radio-604\"><span class=\"wpcf7-form-control wpcf7-radio\"><span class=\"wpcf7-list-item first\"><input type=\"radio\" name=\"radio-604\" value=\"Suisse\" \/><span class=\"wpcf7-list-item-label\">Suisse<\/span><\/span><span class=\"wpcf7-list-item\"><input type=\"radio\" name=\"radio-604\" value=\"Principaut\u00e9 de Liechtenstein\" \/><span class=\"wpcf7-list-item-label\">Principaut\u00e9 de Liechtenstein<\/span><\/span><span class=\"wpcf7-list-item\"><input type=\"radio\" name=\"radio-604\" value=\"Allemagne\" \/><span class=\"wpcf7-list-item-label\">Allemagne<\/span><\/span><span class=\"wpcf7-list-item\"><input type=\"radio\" name=\"radio-604\" value=\"Autriche\" \/><span class=\"wpcf7-list-item-label\">Autriche<\/span><\/span><span class=\"wpcf7-list-item last\"><input type=\"radio\" name=\"radio-604\" value=\"autre pays\" \/><span class=\"wpcf7-list-item-label\">autre pays<\/span><\/span><\/span><\/span>\n\t\t<\/p>\n\t<\/div>\n\t<div data-id=\"group-234\" data-orig_data_id=\"group-234\"  class=\"\" data-class=\"wpcf7cf_group\">\n\t\t<p><label><strong>Recevoir des informations par courrier:<\/strong><\/label>\n\t\t<\/p>\n\t\t<div class=\"bmg-field\">\n\t\t\t<p><span class=\"wpcf7-form-control-wrap\" data-name=\"radio-608\"><span class=\"wpcf7-form-control wpcf7-radio\"><span class=\"wpcf7-list-item first\"><input type=\"radio\" name=\"radio-608\" value=\"Oui\" \/><span class=\"wpcf7-list-item-label\">Oui<\/span><\/span><span class=\"wpcf7-list-item last\"><input type=\"radio\" name=\"radio-608\" value=\"Non\" \/><span class=\"wpcf7-list-item-label\">Non<\/span><\/span><\/span><\/span>\n\t\t\t<\/p>\n\t\t<\/div>\n\t<\/div>\n\t<p><label><strong>Contact:<\/strong><\/label>\n\t<\/p>\n\t<div class=\"bmg-field\">\n\t\t<p><span class=\"wpcf7-form-control-wrap\" data-name=\"radio-568\"><span class=\"wpcf7-form-control wpcf7-radio\"><span class=\"wpcf7-list-item first\"><input type=\"radio\" name=\"radio-568\" value=\"Mme\" \/><span class=\"wpcf7-list-item-label\">Mme<\/span><\/span><span class=\"wpcf7-list-item\"><input type=\"radio\" name=\"radio-568\" value=\"Monsieur\" \/><span class=\"wpcf7-list-item-label\">Monsieur<\/span><\/span><span class=\"wpcf7-list-item last\"><input type=\"radio\" name=\"radio-568\" value=\"autres\" \/><span class=\"wpcf7-list-item-label\">autres<\/span><\/span><\/span><\/span>\n\t\t<\/p>\n\t<\/div>\n\t<p><label>Pr\u00e9nom*<\/label>\n\t<\/p>\n\t<div class=\"bmg-field\">\n\t\t<p><span class=\"wpcf7-form-control-wrap\" data-name=\"Firstname\"><input size=\"40\" maxlength=\"400\" class=\"wpcf7-form-control wpcf7-text wpcf7-validates-as-required\" aria-required=\"true\" aria-invalid=\"false\" value=\"\" type=\"text\" name=\"Firstname\" \/><\/span>\n\t\t<\/p>\n\t<\/div>\n\t<p><label>Nom de famille*<\/label>\n\t<\/p>\n\t<div class=\"bmg-field\">\n\t\t<p><span class=\"wpcf7-form-control-wrap\" data-name=\"Lastname\"><input size=\"40\" maxlength=\"400\" class=\"wpcf7-form-control wpcf7-text wpcf7-validates-as-required\" aria-required=\"true\" aria-invalid=\"false\" value=\"\" type=\"text\" name=\"Lastname\" \/><\/span>\n\t\t<\/p>\n\t<\/div>\n\t<div data-id=\"group-278\" data-orig_data_id=\"group-278\"  class=\"\" data-class=\"wpcf7cf_group\">\n\t\t<p><label>Rue, y compris no*<\/label>\n\t\t<\/p>\n\t\t<div class=\"bmg-field\">\n\t\t\t<p><span class=\"wpcf7-form-control-wrap\" data-name=\"Street\"><input size=\"40\" maxlength=\"400\" class=\"wpcf7-form-control wpcf7-text wpcf7-validates-as-required\" aria-required=\"true\" aria-invalid=\"false\" value=\"\" type=\"text\" name=\"Street\" \/><\/span>\n\t\t\t<\/p>\n\t\t<\/div>\n\t\t<p><label>Code postal*<\/label>\n\t\t<\/p>\n\t\t<div class=\"bmg-field\">\n\t\t\t<p><span class=\"wpcf7-form-control-wrap\" data-name=\"text-870\"><input size=\"40\" maxlength=\"400\" class=\"wpcf7-form-control wpcf7-text wpcf7-validates-as-required\" aria-required=\"true\" aria-invalid=\"false\" value=\"\" type=\"text\" name=\"text-870\" \/><\/span>\n\t\t\t<\/p>\n\t\t<\/div>\n\t\t<p><label>Localit\u00e9*<\/label>\n\t\t<\/p>\n\t\t<div class=\"bmg-field\">\n\t\t\t<p><span class=\"wpcf7-form-control-wrap\" data-name=\"text-871\"><input size=\"40\" maxlength=\"400\" class=\"wpcf7-form-control wpcf7-text wpcf7-validates-as-required\" aria-required=\"true\" aria-invalid=\"false\" value=\"\" type=\"text\" name=\"text-871\" \/><\/span>\n\t\t\t<\/p>\n\t\t<\/div>\n\t<\/div>\n\t<p><label>Courrier \u00e9lectronique*<\/label>\n\t<\/p>\n\t<div class=\"bmg-field\">\n\t\t<p><span class=\"wpcf7-form-control-wrap\" data-name=\"email-930\"><input size=\"40\" maxlength=\"400\" class=\"wpcf7-form-control wpcf7-email wpcf7-validates-as-required wpcf7-text wpcf7-validates-as-email\" aria-required=\"true\" aria-invalid=\"false\" value=\"\" type=\"email\" name=\"email-930\" \/><\/span>\n\t\t<\/p>\n\t<\/div>\n\t<p><label>T\u00e9l\u00e9phone*<\/label>\n\t<\/p>\n\t<div class=\"bmg-field\">\n\t\t<p><span class=\"wpcf7-form-control-wrap\" data-name=\"tel-354\"><input size=\"40\" maxlength=\"400\" class=\"wpcf7-form-control wpcf7-tel wpcf7-validates-as-required wpcf7-text wpcf7-validates-as-tel\" aria-required=\"true\" aria-invalid=\"false\" value=\"\" type=\"tel\" name=\"tel-354\" \/><\/span>\n\t\t<\/p>\n\t<\/div>\n\t<div class=\"\"bmg-submit>\n\t\t<p><input class=\"wpcf7-form-control wpcf7-submit has-spinner\" type=\"submit\" value=\"envoyer\" \/>\n\t\t<\/p>\n\t<\/div>\n<\/div><div class=\"wpcf7-response-output\" aria-hidden=\"true\"><\/div>\n<\/form>\n<\/div>\n<\/div><\/div>\t\t\t\t<\/div>\n\t\t\t\t<\/div>\n\t\t\t\t<div class=\"elementor-element elementor-element-6c3e5aff elementor-widget elementor-widget-text-editor\" data-id=\"6c3e5aff\" data-element_type=\"widget\" data-e-type=\"widget\" data-settings=\"{&quot;ekit_we_effect_on&quot;:&quot;none&quot;}\" data-widget_type=\"text-editor.default\">\n\t\t\t\t<div class=\"elementor-widget-container\">\n\t\t\t\t\t\t\t\t\t<p>Nous nous ferons un plaisir de vous envoyer les documents souhait\u00e9s ainsi que le formulaire d&rsquo;inscription par e-mail et, en option, par courrier pour les destinataires en Suisse et au Liechtenstein.<\/p>\n\t\t\t\t\t\t\t\t<\/div>\n\t\t\t\t<\/div>\n\t\t\t\t\t<\/div>\n\t\t<\/div>\n\t\t\t\t<div class=\"elementor-column elementor-col-33 elementor-top-column elementor-element elementor-element-4b9398a0\" data-id=\"4b9398a0\" data-element_type=\"column\" data-e-type=\"column\">\n\t\t\t<div class=\"elementor-widget-wrap\">\n\t\t\t\t\t\t\t<\/div>\n\t\t<\/div>\n\t\t\t\t\t<\/div>\n\t\t<\/section>\n\t\t\t\t<\/div>\n\t\t","protected":false},"excerpt":{"rendered":"<p>Inscription Veuillez t\u00e9l\u00e9charger le formulaire d&rsquo;inscription (document PDF ci-dessous), l&rsquo;imprimer, le remplir, le signer et nous l&rsquo;envoyer par courrier ou par e-mail sous forme de scan aux adresses suivantes :&nbsp; Adresse postale :Swiss Education CompanyD\u00fcbendorfstrasse 2CH- 8051 Zurich adresse \u00e9lectronique :info@secompany.ch Vous pouvez \u00e9galement remplir le formulaire de contact ci-dessus afin que nous puissions vous [&hellip;]<\/p>\n","protected":false},"author":5,"featured_media":0,"parent":12565,"menu_order":0,"comment_status":"closed","ping_status":"closed","template":"","meta":{"_seopress_robots_primary_cat":"","_seopress_titles_title":"","_seopress_titles_desc":"","_seopress_robots_index":"","site-sidebar-layout":"no-sidebar","site-content-layout":"page-builder","ast-site-content-layout":"full-width-container","site-content-style":"unboxed","site-sidebar-style":"unboxed","ast-global-header-display":"","ast-banner-title-visibility":"","ast-main-header-display":"","ast-hfb-above-header-display":"","ast-hfb-below-header-display":"","ast-hfb-mobile-header-display":"","site-post-title":"disabled","ast-breadcrumbs-content":"","ast-featured-img":"disabled","footer-sml-layout":"","ast-disable-related-posts":"","theme-transparent-header-meta":"default","adv-header-id-meta":"","stick-header-meta":"","header-above-stick-meta":"","header-main-stick-meta":"","header-below-stick-meta":"","astra-migrate-meta-layouts":"default","ast-page-background-enabled":"default","ast-page-background-meta":{"desktop":{"background-color":"var(--ast-global-color-4)","background-image":"","background-repeat":"repeat","background-position":"center center","background-size":"auto","background-attachment":"scroll","background-type":"","background-media":"","overlay-type":"","overlay-color":"","overlay-opacity":"","overlay-gradient":""},"tablet":{"background-color":"","background-image":"","background-repeat":"repeat","background-position":"center center","background-size":"auto","background-attachment":"scroll","background-type":"","background-media":"","overlay-type":"","overlay-color":"","overlay-opacity":"","overlay-gradient":""},"mobile":{"background-color":"","background-image":"","background-repeat":"repeat","background-position":"center center","background-size":"auto","background-attachment":"scroll","background-type":"","background-media":"","overlay-type":"","overlay-color":"","overlay-opacity":"","overlay-gradient":""}},"ast-content-background-meta":{"desktop":{"background-color":"var(--ast-global-color-5)","background-image":"","background-repeat":"repeat","background-position":"center center","background-size":"auto","background-attachment":"scroll","background-type":"","background-media":"","overlay-type":"","overlay-color":"","overlay-opacity":"","overlay-gradient":""},"tablet":{"background-color":"var(--ast-global-color-5)","background-image":"","background-repeat":"repeat","background-position":"center center","background-size":"auto","background-attachment":"scroll","background-type":"","background-media":"","overlay-type":"","overlay-color":"","overlay-opacity":"","overlay-gradient":""},"mobile":{"background-color":"var(--ast-global-color-5)","background-image":"","background-repeat":"repeat","background-position":"center center","background-size":"auto","background-attachment":"scroll","background-type":"","background-media":"","overlay-type":"","overlay-color":"","overlay-opacity":"","overlay-gradient":""}},"footnotes":""},"class_list":["post-13077","page","type-page","status-publish","hentry"],"_links":{"self":[{"href":"https:\/\/swiss-education-company.ch\/fr\/wp-json\/wp\/v2\/pages\/13077","targetHints":{"allow":["GET"]}}],"collection":[{"href":"https:\/\/swiss-education-company.ch\/fr\/wp-json\/wp\/v2\/pages"}],"about":[{"href":"https:\/\/swiss-education-company.ch\/fr\/wp-json\/wp\/v2\/types\/page"}],"author":[{"embeddable":true,"href":"https:\/\/swiss-education-company.ch\/fr\/wp-json\/wp\/v2\/users\/5"}],"replies":[{"embeddable":true,"href":"https:\/\/swiss-education-company.ch\/fr\/wp-json\/wp\/v2\/comments?post=13077"}],"version-history":[{"count":3,"href":"https:\/\/swiss-education-company.ch\/fr\/wp-json\/wp\/v2\/pages\/13077\/revisions"}],"predecessor-version":[{"id":13082,"href":"https:\/\/swiss-education-company.ch\/fr\/wp-json\/wp\/v2\/pages\/13077\/revisions\/13082"}],"up":[{"embeddable":true,"href":"https:\/\/swiss-education-company.ch\/fr\/wp-json\/wp\/v2\/pages\/12565"}],"wp:attachment":[{"href":"https:\/\/swiss-education-company.ch\/fr\/wp-json\/wp\/v2\/media?parent=13077"}],"curies":[{"name":"wp","href":"https:\/\/api.w.org\/{rel}","templated":true}]}}