{"id":12921,"date":"2024-12-02T15:36:54","date_gmt":"2024-12-02T14:36:54","guid":{"rendered":"https:\/\/swiss-education-company.ch\/a-propos-de-nous\/mentions-legales\/"},"modified":"2025-02-10T19:39:12","modified_gmt":"2025-02-10T18:39:12","slug":"mentions-legales","status":"publish","type":"page","link":"https:\/\/swiss-education-company.ch\/fr\/a-propos-de-nous\/mentions-legales\/","title":{"rendered":"Mentions l\u00e9gales"},"content":{"rendered":"\t\t<div data-elementor-type=\"wp-page\" data-elementor-id=\"12921\" class=\"elementor elementor-12921 elementor-5425\" data-elementor-post-type=\"page\">\n\t\t\t\t<div class=\"elementor-element elementor-element-4dbb2b1 e-con-full e-flex e-con e-parent\" data-id=\"4dbb2b1\" data-element_type=\"container\" data-e-type=\"container\">\n\t\t<div class=\"elementor-element elementor-element-4b0ec9d e-con-full e-flex e-con e-child\" data-id=\"4b0ec9d\" data-element_type=\"container\" data-e-type=\"container\">\n\t\t\t\t<div class=\"elementor-element elementor-element-8bf68d1 elementor-widget elementor-widget-heading\" data-id=\"8bf68d1\" data-element_type=\"widget\" data-e-type=\"widget\" data-settings=\"{&quot;ekit_we_effect_on&quot;:&quot;none&quot;}\" data-widget_type=\"heading.default\">\n\t\t\t\t<div class=\"elementor-widget-container\">\n\t\t\t\t\t<h1 class=\"elementor-heading-title elementor-size-default\">Op\u00e9rateur du site web :<\/h1>\t\t\t\t<\/div>\n\t\t\t\t<\/div>\n\t\t\t\t<div class=\"elementor-element elementor-element-e6fb424 elementor-widget elementor-widget-text-editor\" data-id=\"e6fb424\" data-element_type=\"widget\" data-e-type=\"widget\" data-settings=\"{&quot;ekit_we_effect_on&quot;:&quot;none&quot;}\" data-widget_type=\"text-editor.default\">\n\t\t\t\t<div class=\"elementor-widget-container\">\n\t\t\t\t\t\t\t\t\t<p>Swiss Education Company GmbH<\/p>\n<p>2, rue de D\u00fcbendorf<\/p>\n<p>CH-8051 Zurich<\/p>\n<p>T\u00e9l\u00e9phone : <a href=\"tel:\/\/41443401070\">044 340 10 70<\/a><\/p>\n<p>Courrier \u00e9lectronique : <a title=\"\" href=\"mailto:info@secompany.ch\" target=\"_blank\" rel=\"noopener noreferrer\">info@secompany.ch<\/a><\/p>\n\t\t\t\t\t\t\t\t<\/div>\n\t\t\t\t<\/div>\n\t\t\t\t<div class=\"elementor-element elementor-element-a0f6219 elementor-widget elementor-widget-heading\" data-id=\"a0f6219\" data-element_type=\"widget\" data-e-type=\"widget\" data-settings=\"{&quot;ekit_we_effect_on&quot;:&quot;none&quot;}\" data-widget_type=\"heading.default\">\n\t\t\t\t<div class=\"elementor-widget-container\">\n\t\t\t\t\t<h3 class=\"elementor-heading-title elementor-size-default\">Inscription au registre du commerce :<\/h3>\t\t\t\t<\/div>\n\t\t\t\t<\/div>\n\t\t\t\t<div class=\"elementor-element elementor-element-5c87843 elementor-widget elementor-widget-text-editor\" data-id=\"5c87843\" data-element_type=\"widget\" data-e-type=\"widget\" data-settings=\"{&quot;ekit_we_effect_on&quot;:&quot;none&quot;}\" data-widget_type=\"text-editor.default\">\n\t\t\t\t<div class=\"elementor-widget-container\">\n\t\t\t\t\t\t\t\t\t<p>Raison sociale enregistr\u00e9e : Swiss Education Company GmbH au registre du commerce du canton de Zurich<br \/>Registre du commerce n\u00b0 : UID CHE-115.673.740<\/p>\n\t\t\t\t\t\t\t\t<\/div>\n\t\t\t\t<\/div>\n\t\t\t\t<div class=\"elementor-element elementor-element-0552d7f elementor-widget elementor-widget-heading\" data-id=\"0552d7f\" data-element_type=\"widget\" data-e-type=\"widget\" data-settings=\"{&quot;ekit_we_effect_on&quot;:&quot;none&quot;}\" data-widget_type=\"heading.default\">\n\t\t\t\t<div class=\"elementor-widget-container\">\n\t\t\t\t\t<h3 class=\"elementor-heading-title elementor-size-default\">Num\u00e9ro de TVA suisse :<\/h3>\t\t\t\t<\/div>\n\t\t\t\t<\/div>\n\t\t\t\t<div class=\"elementor-element elementor-element-7833a64 elementor-widget elementor-widget-text-editor\" data-id=\"7833a64\" data-element_type=\"widget\" data-e-type=\"widget\" data-settings=\"{&quot;ekit_we_effect_on&quot;:&quot;none&quot;}\" data-widget_type=\"text-editor.default\">\n\t\t\t\t<div class=\"elementor-widget-container\">\n\t\t\t\t\t\t\t\t\t<p>CHE-115.673.740<\/p>\n\t\t\t\t\t\t\t\t<\/div>\n\t\t\t\t<\/div>\n\t\t\t\t<div class=\"elementor-element elementor-element-fcdae90 elementor-widget elementor-widget-heading\" data-id=\"fcdae90\" data-element_type=\"widget\" data-e-type=\"widget\" data-settings=\"{&quot;ekit_we_effect_on&quot;:&quot;none&quot;}\" data-widget_type=\"heading.default\">\n\t\t\t\t<div class=\"elementor-widget-container\">\n\t\t\t\t\t<h3 class=\"elementor-heading-title elementor-size-default\">Concept &amp; design web :<\/h3>\t\t\t\t<\/div>\n\t\t\t\t<\/div>\n\t\t\t\t<div class=\"elementor-element elementor-element-49926d9 elementor-widget elementor-widget-text-editor\" data-id=\"49926d9\" data-element_type=\"widget\" data-e-type=\"widget\" data-settings=\"{&quot;ekit_we_effect_on&quot;:&quot;none&quot;}\" data-widget_type=\"text-editor.default\">\n\t\t\t\t<div class=\"elementor-widget-container\">\n\t\t\t\t\t\t\t\t\t<p><a href=\"https:\/\/swiss-business-excellence.ch\/\">Swiss-Business-Excellence GmbH<\/a><\/p>\n\t\t\t\t\t\t\t\t<\/div>\n\t\t\t\t<\/div>\n\t\t\t\t<div class=\"elementor-element elementor-element-ccb75ef elementor-widget elementor-widget-heading\" data-id=\"ccb75ef\" data-element_type=\"widget\" data-e-type=\"widget\" data-settings=\"{&quot;ekit_we_effect_on&quot;:&quot;none&quot;}\" data-widget_type=\"heading.default\">\n\t\t\t\t<div class=\"elementor-widget-container\">\n\t\t\t\t\t<h3 class=\"elementor-heading-title elementor-size-default\">Droit d'auteur :<\/h3>\t\t\t\t<\/div>\n\t\t\t\t<\/div>\n\t\t\t\t<div class=\"elementor-element elementor-element-bb0e087 elementor-widget elementor-widget-text-editor\" data-id=\"bb0e087\" data-element_type=\"widget\" data-e-type=\"widget\" data-settings=\"{&quot;ekit_we_effect_on&quot;:&quot;none&quot;}\" data-widget_type=\"text-editor.default\">\n\t\t\t\t<div class=\"elementor-widget-container\">\n\t\t\t\t\t\t\t\t\t<p>Ce site Internet et tous les textes, graphiques et autres documents qui y sont associ\u00e9s sont prot\u00e9g\u00e9s par des droits d&rsquo;auteur. Toute utilisation sans l&rsquo;accord \u00e9crit pr\u00e9alable de Swiss Education Company GmbH est interdite. <\/p>\n\t\t\t\t\t\t\t\t<\/div>\n\t\t\t\t<\/div>\n\t\t\t\t<div class=\"elementor-element elementor-element-41540a6 elementor-widget elementor-widget-heading\" data-id=\"41540a6\" data-element_type=\"widget\" data-e-type=\"widget\" data-settings=\"{&quot;ekit_we_effect_on&quot;:&quot;none&quot;}\" data-widget_type=\"heading.default\">\n\t\t\t\t<div class=\"elementor-widget-container\">\n\t\t\t\t\t<h3 class=\"elementor-heading-title elementor-size-default\">Clause de non-responsabilit\u00e9 :<\/h3>\t\t\t\t<\/div>\n\t\t\t\t<\/div>\n\t\t\t\t<div class=\"elementor-element elementor-element-0447abf elementor-widget elementor-widget-text-editor\" data-id=\"0447abf\" data-element_type=\"widget\" data-e-type=\"widget\" data-settings=\"{&quot;ekit_we_effect_on&quot;:&quot;none&quot;}\" data-widget_type=\"text-editor.default\">\n\t\t\t\t<div class=\"elementor-widget-container\">\n\t\t\t\t\t\t\t\t\t<p>Le contenu de ces pages web est mis \u00e0 jour avec le plus grand soin. N\u00e9anmoins, nous d\u00e9clinons toute responsabilit\u00e9 quant au contenu. Sous r\u00e9serve de fautes d&rsquo;impression, d&rsquo;erreurs et de modifications. Nous n&rsquo;assumons aucune responsabilit\u00e9 pour le contenu des liens externes. Seuls les exploitants de ces sites sont responsables de leur contenu.    <\/p>\n\t\t\t\t\t\t\t\t<\/div>\n\t\t\t\t<\/div>\n\t\t\t\t<\/div>\n\t\t\t\t<\/div>\n\t\t\t\t<\/div>\n\t\t","protected":false},"excerpt":{"rendered":"<p>Op\u00e9rateur du site web : Swiss Education Company GmbH 2, rue de D\u00fcbendorf CH-8051 Zurich T\u00e9l\u00e9phone : 044 340 10 70 Courrier \u00e9lectronique : info@secompany.ch Inscription au registre du commerce : Raison sociale enregistr\u00e9e : Swiss Education Company GmbH au registre du commerce du canton de ZurichRegistre du commerce n\u00b0 : UID CHE-115.673.740 Num\u00e9ro de [&hellip;]<\/p>\n","protected":false},"author":3,"featured_media":0,"parent":12565,"menu_order":0,"comment_status":"closed","ping_status":"closed","template":"elementor_theme","meta":{"_seopress_robots_primary_cat":"","_seopress_titles_title":"","_seopress_titles_desc":"","_seopress_robots_index":"","site-sidebar-layout":"default","site-content-layout":"default","ast-site-content-layout":"default","site-content-style":"default","site-sidebar-style":"default","ast-global-header-display":"","ast-banner-title-visibility":"","ast-main-header-display":"","ast-hfb-above-header-display":"","ast-hfb-below-header-display":"","ast-hfb-mobile-header-display":"","site-post-title":"","ast-breadcrumbs-content":"","ast-featured-img":"","footer-sml-layout":"","ast-disable-related-posts":"","theme-transparent-header-meta":"default","adv-header-id-meta":"","stick-header-meta":"","header-above-stick-meta":"","header-main-stick-meta":"","header-below-stick-meta":"","astra-migrate-meta-layouts":"set","ast-page-background-enabled":"default","ast-page-background-meta":{"desktop":{"background-color":"var(--ast-global-color-4)","background-image":"","background-repeat":"repeat","background-position":"center center","background-size":"auto","background-attachment":"scroll","background-type":"","background-media":"","overlay-type":"","overlay-color":"","overlay-opacity":"","overlay-gradient":""},"tablet":{"background-color":"","background-image":"","background-repeat":"repeat","background-position":"center center","background-size":"auto","background-attachment":"scroll","background-type":"","background-media":"","overlay-type":"","overlay-color":"","overlay-opacity":"","overlay-gradient":""},"mobile":{"background-color":"","background-image":"","background-repeat":"repeat","background-position":"center center","background-size":"auto","background-attachment":"scroll","background-type":"","background-media":"","overlay-type":"","overlay-color":"","overlay-opacity":"","overlay-gradient":""}},"ast-content-background-meta":{"desktop":{"background-color":"var(--ast-global-color-5)","background-image":"","background-repeat":"repeat","background-position":"center center","background-size":"auto","background-attachment":"scroll","background-type":"","background-media":"","overlay-type":"","overlay-color":"","overlay-opacity":"","overlay-gradient":""},"tablet":{"background-color":"var(--ast-global-color-5)","background-image":"","background-repeat":"repeat","background-position":"center center","background-size":"auto","background-attachment":"scroll","background-type":"","background-media":"","overlay-type":"","overlay-color":"","overlay-opacity":"","overlay-gradient":""},"mobile":{"background-color":"var(--ast-global-color-5)","background-image":"","background-repeat":"repeat","background-position":"center center","background-size":"auto","background-attachment":"scroll","background-type":"","background-media":"","overlay-type":"","overlay-color":"","overlay-opacity":"","overlay-gradient":""}},"footnotes":""},"class_list":["post-12921","page","type-page","status-publish","hentry"],"_links":{"self":[{"href":"https:\/\/swiss-education-company.ch\/fr\/wp-json\/wp\/v2\/pages\/12921","targetHints":{"allow":["GET"]}}],"collection":[{"href":"https:\/\/swiss-education-company.ch\/fr\/wp-json\/wp\/v2\/pages"}],"about":[{"href":"https:\/\/swiss-education-company.ch\/fr\/wp-json\/wp\/v2\/types\/page"}],"author":[{"embeddable":true,"href":"https:\/\/swiss-education-company.ch\/fr\/wp-json\/wp\/v2\/users\/3"}],"replies":[{"embeddable":true,"href":"https:\/\/swiss-education-company.ch\/fr\/wp-json\/wp\/v2\/comments?post=12921"}],"version-history":[{"count":2,"href":"https:\/\/swiss-education-company.ch\/fr\/wp-json\/wp\/v2\/pages\/12921\/revisions"}],"predecessor-version":[{"id":14671,"href":"https:\/\/swiss-education-company.ch\/fr\/wp-json\/wp\/v2\/pages\/12921\/revisions\/14671"}],"up":[{"embeddable":true,"href":"https:\/\/swiss-education-company.ch\/fr\/wp-json\/wp\/v2\/pages\/12565"}],"wp:attachment":[{"href":"https:\/\/swiss-education-company.ch\/fr\/wp-json\/wp\/v2\/media?parent=12921"}],"curies":[{"name":"wp","href":"https:\/\/api.w.org\/{rel}","templated":true}]}}