{"id":14932,"date":"2025-06-17T02:21:48","date_gmt":"2025-06-17T01:21:48","guid":{"rendered":"https:\/\/swiss-education-company.ch\/vacantes\/aprendiz-empleado-de-ventas-y-administracion\/"},"modified":"2025-06-17T02:21:51","modified_gmt":"2025-06-17T01:21:51","slug":"aprendiz-empleado-de-ventas-y-administracion","status":"publish","type":"page","link":"https:\/\/swiss-education-company.ch\/es\/vacantes\/aprendiz-empleado-de-ventas-y-administracion\/","title":{"rendered":"Aprendiz, Empleado de Ventas y Administraci\u00f3n"},"content":{"rendered":"\t\t<div data-elementor-type=\"wp-page\" data-elementor-id=\"14932\" class=\"elementor elementor-14932 elementor-11545\" data-elementor-post-type=\"page\">\n\t\t\t\t<div class=\"elementor-element elementor-element-76cd1a38 e-flex e-con-boxed e-con e-parent\" data-id=\"76cd1a38\" data-element_type=\"container\" data-e-type=\"container\">\n\t\t\t\t\t<div class=\"e-con-inner\">\n\t\t<div class=\"elementor-element elementor-element-fbeceb6 e-con-full e-flex e-con e-child\" data-id=\"fbeceb6\" data-element_type=\"container\" data-e-type=\"container\">\n\t\t\t\t<div class=\"elementor-element elementor-element-6c44455b elementor-widget elementor-widget-text-editor\" data-id=\"6c44455b\" data-element_type=\"widget\" data-e-type=\"widget\" data-settings=\"{&quot;ekit_we_effect_on&quot;:&quot;none&quot;}\" data-widget_type=\"text-editor.default\">\n\t\t\t\t<div class=\"elementor-widget-container\">\n\t\t\t\t\t\t\t\t\t<p>Buscamos un nuevo miembro del personal para nuestra escuela especializada multicultural:<\/p>\t\t\t\t\t\t\t\t<\/div>\n\t\t\t\t<\/div>\n\t\t\t\t<div class=\"elementor-element elementor-element-6828aab9 elementor-widget elementor-widget-heading\" data-id=\"6828aab9\" data-element_type=\"widget\" data-e-type=\"widget\" data-settings=\"{&quot;ekit_we_effect_on&quot;:&quot;none&quot;}\" data-widget_type=\"heading.default\">\n\t\t\t\t<div class=\"elementor-widget-container\">\n\t\t\t\t\t<h1 class=\"elementor-heading-title elementor-size-default\">Aprendiz, Empleado de Ventas y Administraci\u00f3n<\/h1>\t\t\t\t<\/div>\n\t\t\t\t<\/div>\n\t\t\t\t<\/div>\n\t\t<div class=\"elementor-element elementor-element-58b2f574 e-con-full e-flex e-con e-child\" data-id=\"58b2f574\" data-element_type=\"container\" data-e-type=\"container\">\n\t\t\t\t<div class=\"elementor-element elementor-element-45a007ca elementor-widget elementor-widget-image\" data-id=\"45a007ca\" data-element_type=\"widget\" data-e-type=\"widget\" data-settings=\"{&quot;ekit_we_effect_on&quot;:&quot;none&quot;}\" data-widget_type=\"image.default\">\n\t\t\t\t<div class=\"elementor-widget-container\">\n\t\t\t\t\t\t\t\t\t\t\t\t\t\t\t<img fetchpriority=\"high\" decoding=\"async\" width=\"1024\" height=\"681\" src=\"https:\/\/swiss-education-company.ch\/wp-content\/uploads\/2022\/07\/kimberly-farmer-luaakcuanvi-unsplash-1-1024x681.jpg\" class=\"attachment-large size-large wp-image-9812\" alt=\"\" srcset=\"https:\/\/swiss-education-company.ch\/wp-content\/uploads\/2022\/07\/kimberly-farmer-luaakcuanvi-unsplash-1-1024x681.jpg 1024w, https:\/\/swiss-education-company.ch\/wp-content\/uploads\/2022\/07\/kimberly-farmer-luaakcuanvi-unsplash-1-300x199.jpg 300w, https:\/\/swiss-education-company.ch\/wp-content\/uploads\/2022\/07\/kimberly-farmer-luaakcuanvi-unsplash-1-768x511.jpg 768w, https:\/\/swiss-education-company.ch\/wp-content\/uploads\/2022\/07\/kimberly-farmer-luaakcuanvi-unsplash-1-1536x1021.jpg 1536w, https:\/\/swiss-education-company.ch\/wp-content\/uploads\/2022\/07\/kimberly-farmer-luaakcuanvi-unsplash-1-2048x1362.jpg 2048w, https:\/\/swiss-education-company.ch\/wp-content\/uploads\/2022\/07\/kimberly-farmer-luaakcuanvi-unsplash-1-600x399.jpg 600w\" sizes=\"(max-width: 1024px) 100vw, 1024px\" \/>\t\t\t\t\t\t\t\t\t\t\t\t\t\t\t<\/div>\n\t\t\t\t<\/div>\n\t\t\t\t<\/div>\n\t\t\t\t\t<\/div>\n\t\t\t\t<\/div>\n\t\t<div class=\"elementor-element elementor-element-54c8ea67 e-flex e-con-boxed e-con e-parent\" data-id=\"54c8ea67\" data-element_type=\"container\" data-e-type=\"container\" data-settings=\"{&quot;background_background&quot;:&quot;classic&quot;}\">\n\t\t\t\t\t<div class=\"e-con-inner\">\n\t\t\t\t<div class=\"elementor-element elementor-element-4c6c8f29 elementor-widget elementor-widget-text-editor\" data-id=\"4c6c8f29\" data-element_type=\"widget\" data-e-type=\"widget\" data-settings=\"{&quot;ekit_we_effect_on&quot;:&quot;none&quot;}\" data-widget_type=\"text-editor.default\">\n\t\t\t\t<div class=\"elementor-widget-container\">\n\t\t\t\t\t\t\t\t\t<h3>Tareas:<\/h3><ul><li>Asesoramiento y venta de servicios, productos y cursos de belleza<\/li><li>Atenci\u00f3n a clientes sin cita previa, tel\u00e9fono, correo electr\u00f3nico, caja incl. cierre diario <\/li><li>Registro y mantenimiento de la base de clientes<\/li><li>Aplicaci\u00f3n de medidas para captar nuevos clientes<\/li><li>Hacer pedidos internamente o al proveedor<\/li><li>Tareas sencillas de secretar\u00eda<\/li><li>Apoyo en la realizaci\u00f3n del inventario<\/li><\/ul><h3>Requisitos:<\/h3><ul><li>Titulaci\u00f3n en ventas o formaci\u00f3n equivalente, tambi\u00e9n posible como cambio de carrera profesional<\/li><li>Buenas aptitudes ling\u00fc\u00edsticas escritas y orales en <em><strong>alem\u00e1n<\/strong> y ventajosamente en otros idiomas (especialmente ingl\u00e9s, franc\u00e9s, espa\u00f1ol y portugu\u00e9s) disponibles<\/em><\/li><li>Conocimientos b\u00e1sicos de Windows y de los programas de Microsoft Office (correo electr\u00f3nico, Word, Excel, &#8230;)<\/li><li>Personalidad comunicativa con un fuerte instinto de ventas<\/li><li>Talento organizativo al que le gusta trabajar de forma independiente<\/li><li>Forma de trabajar precisa y fiable<\/li><\/ul><h3>Te lo ofrecemos:<\/h3><ul><li>Pr\u00e1cticas durante 12 meses<\/li><li>Adquiere experiencia laboral pr\u00e1ctica para iniciar con \u00e9xito tu carrera profesional<\/li><li>Equipo bien organizado con un ambiente de trabajo agradable y conocimientos de idiomas extranjeros<\/li><\/ul><p>Si es adecuado, existe la posibilidad de un puesto permanente tras completar las pr\u00e1cticas. El puesto tambi\u00e9n es adecuado para personas que deseen trabajar a tiempo parcial. <\/p><p>\u00bfVives en Suiza o en la UE y hemos despertado tu inter\u00e9s? Entonces esperamos recibir tu solicitud completa. <\/p><p><strong>Swiss Education Company, D\u00fcbendorfstrasse 2, 8051 Z\u00farich, Correo electr\u00f3nico: <a href=\"mailto:hr@sbacademy.ch\">hr@sbacademy.ch<\/a><\/strong><\/p>\t\t\t\t\t\t\t\t<\/div>\n\t\t\t\t<\/div>\n\t\t\t\t\t<\/div>\n\t\t\t\t<\/div>\n\t\t\t\t<\/div>\n\t\t","protected":false},"excerpt":{"rendered":"<p>Buscamos un nuevo miembro del personal para nuestra escuela especializada multicultural: Aprendiz, Empleado de Ventas y Administraci\u00f3n Tareas: Asesoramiento y venta de servicios, productos y cursos de belleza Atenci\u00f3n a clientes sin cita previa, tel\u00e9fono, correo electr\u00f3nico, caja incl. cierre diario Registro y mantenimiento de la base de clientes Aplicaci\u00f3n de medidas para captar nuevos [&hellip;]<\/p>\n","protected":false},"author":5,"featured_media":0,"parent":14742,"menu_order":0,"comment_status":"closed","ping_status":"closed","template":"","meta":{"_seopress_robots_primary_cat":"","_seopress_titles_title":"","_seopress_titles_desc":"","_seopress_robots_index":"","site-sidebar-layout":"no-sidebar","site-content-layout":"page-builder","ast-site-content-layout":"full-width-container","site-content-style":"unboxed","site-sidebar-style":"unboxed","ast-global-header-display":"","ast-banner-title-visibility":"","ast-main-header-display":"","ast-hfb-above-header-display":"","ast-hfb-below-header-display":"","ast-hfb-mobile-header-display":"","site-post-title":"disabled","ast-breadcrumbs-content":"","ast-featured-img":"disabled","footer-sml-layout":"","ast-disable-related-posts":"","theme-transparent-header-meta":"default","adv-header-id-meta":"","stick-header-meta":"","header-above-stick-meta":"","header-main-stick-meta":"","header-below-stick-meta":"","astra-migrate-meta-layouts":"default","ast-page-background-enabled":"default","ast-page-background-meta":{"desktop":{"background-color":"var(--ast-global-color-4)","background-image":"","background-repeat":"repeat","background-position":"center center","background-size":"auto","background-attachment":"scroll","background-type":"","background-media":"","overlay-type":"","overlay-color":"","overlay-opacity":"","overlay-gradient":""},"tablet":{"background-color":"","background-image":"","background-repeat":"repeat","background-position":"center center","background-size":"auto","background-attachment":"scroll","background-type":"","background-media":"","overlay-type":"","overlay-color":"","overlay-opacity":"","overlay-gradient":""},"mobile":{"background-color":"","background-image":"","background-repeat":"repeat","background-position":"center center","background-size":"auto","background-attachment":"scroll","background-type":"","background-media":"","overlay-type":"","overlay-color":"","overlay-opacity":"","overlay-gradient":""}},"ast-content-background-meta":{"desktop":{"background-color":"var(--ast-global-color-5)","background-image":"","background-repeat":"repeat","background-position":"center center","background-size":"auto","background-attachment":"scroll","background-type":"","background-media":"","overlay-type":"","overlay-color":"","overlay-opacity":"","overlay-gradient":""},"tablet":{"background-color":"var(--ast-global-color-5)","background-image":"","background-repeat":"repeat","background-position":"center center","background-size":"auto","background-attachment":"scroll","background-type":"","background-media":"","overlay-type":"","overlay-color":"","overlay-opacity":"","overlay-gradient":""},"mobile":{"background-color":"var(--ast-global-color-5)","background-image":"","background-repeat":"repeat","background-position":"center center","background-size":"auto","background-attachment":"scroll","background-type":"","background-media":"","overlay-type":"","overlay-color":"","overlay-opacity":"","overlay-gradient":""}},"footnotes":""},"class_list":["post-14932","page","type-page","status-publish","hentry"],"_links":{"self":[{"href":"https:\/\/swiss-education-company.ch\/es\/wp-json\/wp\/v2\/pages\/14932","targetHints":{"allow":["GET"]}}],"collection":[{"href":"https:\/\/swiss-education-company.ch\/es\/wp-json\/wp\/v2\/pages"}],"about":[{"href":"https:\/\/swiss-education-company.ch\/es\/wp-json\/wp\/v2\/types\/page"}],"author":[{"embeddable":true,"href":"https:\/\/swiss-education-company.ch\/es\/wp-json\/wp\/v2\/users\/5"}],"replies":[{"embeddable":true,"href":"https:\/\/swiss-education-company.ch\/es\/wp-json\/wp\/v2\/comments?post=14932"}],"version-history":[{"count":1,"href":"https:\/\/swiss-education-company.ch\/es\/wp-json\/wp\/v2\/pages\/14932\/revisions"}],"predecessor-version":[{"id":14933,"href":"https:\/\/swiss-education-company.ch\/es\/wp-json\/wp\/v2\/pages\/14932\/revisions\/14933"}],"up":[{"embeddable":true,"href":"https:\/\/swiss-education-company.ch\/es\/wp-json\/wp\/v2\/pages\/14742"}],"wp:attachment":[{"href":"https:\/\/swiss-education-company.ch\/es\/wp-json\/wp\/v2\/media?parent=14932"}],"curies":[{"name":"wp","href":"https:\/\/api.w.org\/{rel}","templated":true}]}}