{"id":14928,"date":"2025-06-17T02:21:47","date_gmt":"2025-06-17T01:21:47","guid":{"rendered":"https:\/\/swiss-education-company.ch\/vacantes\/maquilladora\/"},"modified":"2025-06-17T02:21:48","modified_gmt":"2025-06-17T01:21:48","slug":"maquilladora","status":"publish","type":"page","link":"https:\/\/swiss-education-company.ch\/es\/vacantes\/maquilladora\/","title":{"rendered":"Maquilladora"},"content":{"rendered":"\t\t<div data-elementor-type=\"wp-page\" data-elementor-id=\"14928\" class=\"elementor elementor-14928 elementor-11528\" data-elementor-post-type=\"page\">\n\t\t\t\t<div class=\"elementor-element elementor-element-45c244f e-flex e-con-boxed e-con e-parent\" data-id=\"45c244f\" data-element_type=\"container\" data-e-type=\"container\">\n\t\t\t\t\t<div class=\"e-con-inner\">\n\t\t<div class=\"elementor-element elementor-element-9a1b2bf e-con-full e-flex e-con e-child\" data-id=\"9a1b2bf\" data-element_type=\"container\" data-e-type=\"container\">\n\t\t\t\t<div class=\"elementor-element elementor-element-354d985 elementor-widget elementor-widget-text-editor\" data-id=\"354d985\" data-element_type=\"widget\" data-e-type=\"widget\" data-settings=\"{&quot;ekit_we_effect_on&quot;:&quot;none&quot;}\" data-widget_type=\"text-editor.default\">\n\t\t\t\t<div class=\"elementor-widget-container\">\n\t\t\t\t\t\t\t\t\t<p>Buscamos maquilladora para nuestra <a href=\"https:\/\/swiss-beauty-and-hair-academy.ch\/make-up-schule\/\">escuela de<\/a> maquillaje con efecto inmediato o por acuerdo:<\/p>\t\t\t\t\t\t\t\t<\/div>\n\t\t\t\t<\/div>\n\t\t\t\t<div class=\"elementor-element elementor-element-655da6e elementor-widget elementor-widget-heading\" data-id=\"655da6e\" data-element_type=\"widget\" data-e-type=\"widget\" data-settings=\"{&quot;ekit_we_effect_on&quot;:&quot;none&quot;}\" data-widget_type=\"heading.default\">\n\t\t\t\t<div class=\"elementor-widget-container\">\n\t\t\t\t\t<h1 class=\"elementor-heading-title elementor-size-default\">Profesora de maquillaje, a tiempo parcial, h\/m<\/h1>\t\t\t\t<\/div>\n\t\t\t\t<\/div>\n\t\t\t\t<div class=\"elementor-element elementor-element-6383298 elementor-widget elementor-widget-text-editor\" data-id=\"6383298\" data-element_type=\"widget\" data-e-type=\"widget\" data-settings=\"{&quot;ekit_we_effect_on&quot;:&quot;none&quot;}\" data-widget_type=\"text-editor.default\">\n\t\t\t\t<div class=\"elementor-widget-container\">\n\t\t\t\t\t\t\t\t\t<p>Se busca Profesor de maquillaje<\/p>\t\t\t\t\t\t\t\t<\/div>\n\t\t\t\t<\/div>\n\t\t\t\t<\/div>\n\t\t<div class=\"elementor-element elementor-element-4364a93 e-con-full e-flex e-con e-child\" data-id=\"4364a93\" data-element_type=\"container\" data-e-type=\"container\">\n\t\t\t\t<div class=\"elementor-element elementor-element-1ee8155 elementor-widget elementor-widget-image\" data-id=\"1ee8155\" data-element_type=\"widget\" data-e-type=\"widget\" data-settings=\"{&quot;ekit_we_effect_on&quot;:&quot;none&quot;}\" data-widget_type=\"image.default\">\n\t\t\t\t<div class=\"elementor-widget-container\">\n\t\t\t\t\t\t\t\t\t\t\t\t\t\t\t<img fetchpriority=\"high\" decoding=\"async\" width=\"640\" height=\"427\" src=\"https:\/\/swiss-education-company.ch\/wp-content\/uploads\/2022\/06\/top_kosmetik-6.jpg\" class=\"attachment-large size-large wp-image-9589\" alt=\"\" srcset=\"https:\/\/swiss-education-company.ch\/wp-content\/uploads\/2022\/06\/top_kosmetik-6.jpg 640w, https:\/\/swiss-education-company.ch\/wp-content\/uploads\/2022\/06\/top_kosmetik-6-300x200.jpg 300w, https:\/\/swiss-education-company.ch\/wp-content\/uploads\/2022\/06\/top_kosmetik-6-600x400.jpg 600w\" sizes=\"(max-width: 640px) 100vw, 640px\" \/>\t\t\t\t\t\t\t\t\t\t\t\t\t\t\t<\/div>\n\t\t\t\t<\/div>\n\t\t\t\t<\/div>\n\t\t\t\t\t<\/div>\n\t\t\t\t<\/div>\n\t\t<div class=\"elementor-element elementor-element-66277a7 e-flex e-con-boxed e-con e-parent\" data-id=\"66277a7\" data-element_type=\"container\" data-e-type=\"container\" data-settings=\"{&quot;background_background&quot;:&quot;classic&quot;}\">\n\t\t\t\t\t<div class=\"e-con-inner\">\n\t\t\t\t<div class=\"elementor-element elementor-element-3c49755 elementor-widget elementor-widget-text-editor\" data-id=\"3c49755\" data-element_type=\"widget\" data-e-type=\"widget\" data-settings=\"{&quot;ekit_we_effect_on&quot;:&quot;none&quot;}\" data-widget_type=\"text-editor.default\">\n\t\t\t\t<div class=\"elementor-widget-container\">\n\t\t\t\t\t\t\t\t\t<h3>Tareas:<\/h3><ul><li>Formaci\u00f3n te\u00f3rica y pr\u00e1ctica de los participantes en el curso<\/li><li>Preparaci\u00f3n y postprocesado de tus propias clases<\/li><li>Realizaci\u00f3n de ex\u00e1menes pr\u00e1cticos y te\u00f3ricos<\/li><\/ul><h3>Requisitos:<\/h3><ul><li>Conocimientos ling\u00fc\u00edsticos: Franc\u00e9s e ingl\u00e9s y, opcionalmente, otros idiomas<\/li><li>Formaci\u00f3n como maquillador y al menos 2-3 a\u00f1os de experiencia profesional<\/li><li>Formaci\u00f3n complementaria en el \u00e1mbito del maquillaje (por ejemplo, examen de maestro artesano)<\/li><li>Experiencia en formaci\u00f3n de aprendices o adultos<\/li><li>Autoridad natural y paciencia<\/li><\/ul><h3>Te lo ofrecemos:<\/h3><ul><li>Equipo bien organizado con un ambiente de trabajo agradable<\/li><li>Condiciones de empleo interesantes<\/li><li>Potencial para seguir desarroll\u00e1ndose y asumir mayores responsabilidades<\/li><li>Carga de trabajo a tiempo parcial de aprox. 20 &#8211; 40% (dependiendo de los conocimientos ling\u00fc\u00edsticos y del n\u00famero de clases)<\/li><\/ul><p>\u00bfVives en Suiza o en la UE y hemos despertado tu inter\u00e9s? Entonces esperamos recibir tu solicitud completa con foto por correo electr\u00f3nico para el puesto de instructor de maquillaje. <\/p><p><strong>Swiss Beauty Academy, D\u00fcbendorfstrasse 2, 8051 Z\u00farich, Email: <a href=\"mailto:hr@sbacademy.ch\">hr@sbacademy.ch<\/a><\/strong><\/p>\t\t\t\t\t\t\t\t<\/div>\n\t\t\t\t<\/div>\n\t\t\t\t\t<\/div>\n\t\t\t\t<\/div>\n\t\t\t\t<\/div>\n\t\t","protected":false},"excerpt":{"rendered":"<p>Buscamos maquilladora para nuestra escuela de maquillaje con efecto inmediato o por acuerdo: Profesora de maquillaje, a tiempo parcial, h\/m Se busca Profesor de maquillaje Tareas: Formaci\u00f3n te\u00f3rica y pr\u00e1ctica de los participantes en el curso Preparaci\u00f3n y postprocesado de tus propias clases Realizaci\u00f3n de ex\u00e1menes pr\u00e1cticos y te\u00f3ricos Requisitos: Conocimientos ling\u00fc\u00edsticos: Franc\u00e9s e ingl\u00e9s [&hellip;]<\/p>\n","protected":false},"author":5,"featured_media":0,"parent":14742,"menu_order":0,"comment_status":"closed","ping_status":"closed","template":"","meta":{"_seopress_robots_primary_cat":"","_seopress_titles_title":"","_seopress_titles_desc":"","_seopress_robots_index":"","site-sidebar-layout":"no-sidebar","site-content-layout":"page-builder","ast-site-content-layout":"full-width-container","site-content-style":"unboxed","site-sidebar-style":"unboxed","ast-global-header-display":"","ast-banner-title-visibility":"","ast-main-header-display":"","ast-hfb-above-header-display":"","ast-hfb-below-header-display":"","ast-hfb-mobile-header-display":"","site-post-title":"disabled","ast-breadcrumbs-content":"","ast-featured-img":"disabled","footer-sml-layout":"","ast-disable-related-posts":"","theme-transparent-header-meta":"default","adv-header-id-meta":"","stick-header-meta":"","header-above-stick-meta":"","header-main-stick-meta":"","header-below-stick-meta":"","astra-migrate-meta-layouts":"default","ast-page-background-enabled":"default","ast-page-background-meta":{"desktop":{"background-color":"var(--ast-global-color-4)","background-image":"","background-repeat":"repeat","background-position":"center center","background-size":"auto","background-attachment":"scroll","background-type":"","background-media":"","overlay-type":"","overlay-color":"","overlay-opacity":"","overlay-gradient":""},"tablet":{"background-color":"","background-image":"","background-repeat":"repeat","background-position":"center center","background-size":"auto","background-attachment":"scroll","background-type":"","background-media":"","overlay-type":"","overlay-color":"","overlay-opacity":"","overlay-gradient":""},"mobile":{"background-color":"","background-image":"","background-repeat":"repeat","background-position":"center center","background-size":"auto","background-attachment":"scroll","background-type":"","background-media":"","overlay-type":"","overlay-color":"","overlay-opacity":"","overlay-gradient":""}},"ast-content-background-meta":{"desktop":{"background-color":"var(--ast-global-color-5)","background-image":"","background-repeat":"repeat","background-position":"center center","background-size":"auto","background-attachment":"scroll","background-type":"","background-media":"","overlay-type":"","overlay-color":"","overlay-opacity":"","overlay-gradient":""},"tablet":{"background-color":"var(--ast-global-color-5)","background-image":"","background-repeat":"repeat","background-position":"center center","background-size":"auto","background-attachment":"scroll","background-type":"","background-media":"","overlay-type":"","overlay-color":"","overlay-opacity":"","overlay-gradient":""},"mobile":{"background-color":"var(--ast-global-color-5)","background-image":"","background-repeat":"repeat","background-position":"center center","background-size":"auto","background-attachment":"scroll","background-type":"","background-media":"","overlay-type":"","overlay-color":"","overlay-opacity":"","overlay-gradient":""}},"footnotes":""},"class_list":["post-14928","page","type-page","status-publish","hentry"],"_links":{"self":[{"href":"https:\/\/swiss-education-company.ch\/es\/wp-json\/wp\/v2\/pages\/14928","targetHints":{"allow":["GET"]}}],"collection":[{"href":"https:\/\/swiss-education-company.ch\/es\/wp-json\/wp\/v2\/pages"}],"about":[{"href":"https:\/\/swiss-education-company.ch\/es\/wp-json\/wp\/v2\/types\/page"}],"author":[{"embeddable":true,"href":"https:\/\/swiss-education-company.ch\/es\/wp-json\/wp\/v2\/users\/5"}],"replies":[{"embeddable":true,"href":"https:\/\/swiss-education-company.ch\/es\/wp-json\/wp\/v2\/comments?post=14928"}],"version-history":[{"count":1,"href":"https:\/\/swiss-education-company.ch\/es\/wp-json\/wp\/v2\/pages\/14928\/revisions"}],"predecessor-version":[{"id":14930,"href":"https:\/\/swiss-education-company.ch\/es\/wp-json\/wp\/v2\/pages\/14928\/revisions\/14930"}],"up":[{"embeddable":true,"href":"https:\/\/swiss-education-company.ch\/es\/wp-json\/wp\/v2\/pages\/14742"}],"wp:attachment":[{"href":"https:\/\/swiss-education-company.ch\/es\/wp-json\/wp\/v2\/media?parent=14928"}],"curies":[{"name":"wp","href":"https:\/\/api.w.org\/{rel}","templated":true}]}}