{"id":14890,"date":"2025-06-17T02:21:10","date_gmt":"2025-06-17T01:21:10","guid":{"rendered":"https:\/\/swiss-education-company.ch\/vacantes\/profesora-de-masaje\/"},"modified":"2025-06-17T02:21:16","modified_gmt":"2025-06-17T01:21:16","slug":"profesora-de-masaje","status":"publish","type":"page","link":"https:\/\/swiss-education-company.ch\/es\/vacantes\/profesora-de-masaje\/","title":{"rendered":"Profesora de masaje"},"content":{"rendered":"<div class=\"pdfprnt-buttons pdfprnt-buttons-page pdfprnt-top-right\"><a href=\"javascript: imageToPdf(14890)\" class=\"pdfprnt-button pdfprnt-button-pdf\" target=\"_self\" ><img decoding=\"async\" src=\"https:\/\/swiss-education-company.ch\/wp-content\/plugins\/pdf-print\/images\/pdf.png\" alt=\"image_pdf\" title=\"Ver PDF\" \/><\/a><a href=\"https:\/\/swiss-education-company.ch\/es\/wp-json\/wp\/v2\/pages\/14890?print=print\" class=\"pdfprnt-button pdfprnt-button-print\" target=\"_blank\" ><img decoding=\"async\" src=\"https:\/\/swiss-education-company.ch\/wp-content\/plugins\/pdf-print\/images\/print.png\" alt=\"image_print\" title=\"Imprimir contenido\" \/><\/a><\/div>\t\t<div data-elementor-type=\"wp-page\" data-elementor-id=\"14890\" class=\"elementor elementor-14890 elementor-11611\" data-elementor-post-type=\"page\">\n\t\t\t\t<div class=\"elementor-element elementor-element-14d43942 e-flex e-con-boxed e-con e-parent\" data-id=\"14d43942\" data-element_type=\"container\" data-e-type=\"container\">\n\t\t\t\t\t<div class=\"e-con-inner\">\n\t\t<div class=\"elementor-element elementor-element-4c17213 e-con-full e-flex e-con e-child\" data-id=\"4c17213\" data-element_type=\"container\" data-e-type=\"container\">\n\t\t\t\t<div class=\"elementor-element elementor-element-11b9a852 elementor-widget elementor-widget-text-editor\" data-id=\"11b9a852\" data-element_type=\"widget\" data-e-type=\"widget\" data-settings=\"{&quot;ekit_we_effect_on&quot;:&quot;none&quot;}\" data-widget_type=\"text-editor.default\">\n\t\t\t\t<div class=\"elementor-widget-container\">\n\t\t\t\t\t\t\t\t\t<p>Estamos buscando un nuevo miembro del personal para nuestra <a title=\"Escuela de masaje de la Swiss Beauty Academy\" href=\"https:\/\/swiss-beauty-and-hair-academy.ch\/massageschule\/\">escuela de masaje<\/a> con efecto inmediato o por acuerdo:<\/p>\t\t\t\t\t\t\t\t<\/div>\n\t\t\t\t<\/div>\n\t\t\t\t<div class=\"elementor-element elementor-element-232923a3 elementor-widget elementor-widget-heading\" data-id=\"232923a3\" data-element_type=\"widget\" data-e-type=\"widget\" data-settings=\"{&quot;ekit_we_effect_on&quot;:&quot;none&quot;}\" data-widget_type=\"heading.default\">\n\t\t\t\t<div class=\"elementor-widget-container\">\n\t\t\t\t\t<h1 class=\"elementor-heading-title elementor-size-default\">Profesor de masaje, a tiempo parcial, h\/m<\/h1>\t\t\t\t<\/div>\n\t\t\t\t<\/div>\n\t\t\t\t<\/div>\n\t\t<div class=\"elementor-element elementor-element-1fc56f38 e-con-full e-flex e-con e-child\" data-id=\"1fc56f38\" data-element_type=\"container\" data-e-type=\"container\">\n\t\t\t\t<div class=\"elementor-element elementor-element-438f5501 elementor-widget elementor-widget-image\" data-id=\"438f5501\" data-element_type=\"widget\" data-e-type=\"widget\" data-settings=\"{&quot;ekit_we_effect_on&quot;:&quot;none&quot;}\" data-widget_type=\"image.default\">\n\t\t\t\t<div class=\"elementor-widget-container\">\n\t\t\t\t\t\t\t\t\t\t\t\t\t\t\t<img fetchpriority=\"high\" decoding=\"async\" width=\"1024\" height=\"771\" src=\"https:\/\/swiss-education-company.ch\/wp-content\/uploads\/2024\/01\/massage-schule-escola-de-massagem-escuela-de-masaje-scuola-di-massaggio-massage-school-00-1024x771.jpg\" class=\"attachment-large size-large wp-image-12126\" alt=\"\" srcset=\"https:\/\/swiss-education-company.ch\/wp-content\/uploads\/2024\/01\/massage-schule-escola-de-massagem-escuela-de-masaje-scuola-di-massaggio-massage-school-00-1024x771.jpg 1024w, https:\/\/swiss-education-company.ch\/wp-content\/uploads\/2024\/01\/massage-schule-escola-de-massagem-escuela-de-masaje-scuola-di-massaggio-massage-school-00-300x226.jpg 300w, https:\/\/swiss-education-company.ch\/wp-content\/uploads\/2024\/01\/massage-schule-escola-de-massagem-escuela-de-masaje-scuola-di-massaggio-massage-school-00-768x578.jpg 768w, https:\/\/swiss-education-company.ch\/wp-content\/uploads\/2024\/01\/massage-schule-escola-de-massagem-escuela-de-masaje-scuola-di-massaggio-massage-school-00-1536x1157.jpg 1536w, https:\/\/swiss-education-company.ch\/wp-content\/uploads\/2024\/01\/massage-schule-escola-de-massagem-escuela-de-masaje-scuola-di-massaggio-massage-school-00-2048x1542.jpg 2048w\" sizes=\"(max-width: 1024px) 100vw, 1024px\" \/>\t\t\t\t\t\t\t\t\t\t\t\t\t\t\t<\/div>\n\t\t\t\t<\/div>\n\t\t\t\t<\/div>\n\t\t\t\t\t<\/div>\n\t\t\t\t<\/div>\n\t\t<div class=\"elementor-element elementor-element-11f19593 e-flex e-con-boxed e-con e-parent\" data-id=\"11f19593\" data-element_type=\"container\" data-e-type=\"container\" data-settings=\"{&quot;background_background&quot;:&quot;classic&quot;}\">\n\t\t\t\t\t<div class=\"e-con-inner\">\n\t\t\t\t<div class=\"elementor-element elementor-element-6052c39e elementor-widget elementor-widget-text-editor\" data-id=\"6052c39e\" data-element_type=\"widget\" data-e-type=\"widget\" data-settings=\"{&quot;ekit_we_effect_on&quot;:&quot;none&quot;}\" data-widget_type=\"text-editor.default\">\n\t\t\t\t<div class=\"elementor-widget-container\">\n\t\t\t\t\t\t\t\t\t<h3>Tareas:<\/h3><ul><li>Formaci\u00f3n te\u00f3rica y pr\u00e1ctica de los participantes en el curso<\/li><li>Preparaci\u00f3n y postprocesado de tus propias clases<\/li><li>Realizaci\u00f3n de ex\u00e1menes pr\u00e1cticos y te\u00f3ricos<\/li><\/ul><h3>Requisitos:<\/h3><ul><li>Conocimientos de idiomas: Ingl\u00e9s y espa\u00f1ol y, opcionalmente, otros idiomas<\/li><li>Formaci\u00f3n como masajista y al menos 2-3 a\u00f1os de experiencia profesional<\/li><li>Formaci\u00f3n complementaria en el \u00e1mbito del masaje (por ejemplo, examen de maestro artesano)<\/li><li>Experiencia en formaci\u00f3n de aprendices o adultos<\/li><li>Autoridad natural y paciencia<\/li><li>Formaci\u00f3n complementaria opcional como entrenador, instructor o formador en el campo de la metodolog\u00eda y la did\u00e1ctica<\/li><\/ul><h3>Te lo ofrecemos:<\/h3><ul><li>Equipo bien organizado con un ambiente de trabajo agradable<\/li><li>Condiciones de empleo interesantes<\/li><li>Potencial para seguir desarroll\u00e1ndose y asumir mayores responsabilidades<\/li><li>Carga de trabajo a tiempo parcial de aprox. 20 &#8211; 40% (dependiendo de los conocimientos ling\u00fc\u00edsticos y del n\u00famero de clases)<\/li><\/ul><p><br>\u00bfVives en Suiza o en la UE y est\u00e1s interesado? Entonces esperamos recibir tu solicitud completa con foto por correo electr\u00f3nico para el puesto de instructor de masajes. <\/p><p><strong>Swiss Beauty Academy, D\u00fcbendorfstrasse 2, 8051 Z\u00farich, Email: <a href=\"mailto:hr@sbacademy.ch\">hr@sbacademy.ch<\/a><\/strong><\/p>\t\t\t\t\t\t\t\t<\/div>\n\t\t\t\t<\/div>\n\t\t\t\t\t<\/div>\n\t\t\t\t<\/div>\n\t\t\t\t<\/div>\n\t\t","protected":false},"excerpt":{"rendered":"<p>Estamos buscando un nuevo miembro del personal para nuestra escuela de masaje con efecto inmediato o por acuerdo: Profesor de masaje, a tiempo parcial, h\/m Tareas: Formaci\u00f3n te\u00f3rica y pr\u00e1ctica de los participantes en el curso Preparaci\u00f3n y postprocesado de tus propias clases Realizaci\u00f3n de ex\u00e1menes pr\u00e1cticos y te\u00f3ricos Requisitos: Conocimientos de idiomas: Ingl\u00e9s y [&hellip;]<\/p>\n","protected":false},"author":5,"featured_media":0,"parent":14742,"menu_order":0,"comment_status":"closed","ping_status":"closed","template":"","meta":{"_seopress_robots_primary_cat":"","_seopress_titles_title":"","_seopress_titles_desc":"","_seopress_robots_index":"","_seopress_analysis_target_kw":"","site-sidebar-layout":"no-sidebar","site-content-layout":"page-builder","ast-site-content-layout":"full-width-container","site-content-style":"unboxed","site-sidebar-style":"unboxed","ast-global-header-display":"","ast-banner-title-visibility":"","ast-main-header-display":"","ast-hfb-above-header-display":"","ast-hfb-below-header-display":"","ast-hfb-mobile-header-display":"","site-post-title":"disabled","ast-breadcrumbs-content":"","ast-featured-img":"disabled","footer-sml-layout":"","ast-disable-related-posts":"","theme-transparent-header-meta":"default","adv-header-id-meta":"","stick-header-meta":"","header-above-stick-meta":"","header-main-stick-meta":"","header-below-stick-meta":"","astra-migrate-meta-layouts":"default","ast-page-background-enabled":"default","ast-page-background-meta":{"desktop":{"background-color":"var(--ast-global-color-4)","background-image":"","background-repeat":"repeat","background-position":"center center","background-size":"auto","background-attachment":"scroll","background-type":"","background-media":"","overlay-type":"","overlay-color":"","overlay-opacity":"","overlay-gradient":""},"tablet":{"background-color":"","background-image":"","background-repeat":"repeat","background-position":"center center","background-size":"auto","background-attachment":"scroll","background-type":"","background-media":"","overlay-type":"","overlay-color":"","overlay-opacity":"","overlay-gradient":""},"mobile":{"background-color":"","background-image":"","background-repeat":"repeat","background-position":"center center","background-size":"auto","background-attachment":"scroll","background-type":"","background-media":"","overlay-type":"","overlay-color":"","overlay-opacity":"","overlay-gradient":""}},"ast-content-background-meta":{"desktop":{"background-color":"var(--ast-global-color-5)","background-image":"","background-repeat":"repeat","background-position":"center center","background-size":"auto","background-attachment":"scroll","background-type":"","background-media":"","overlay-type":"","overlay-color":"","overlay-opacity":"","overlay-gradient":""},"tablet":{"background-color":"var(--ast-global-color-5)","background-image":"","background-repeat":"repeat","background-position":"center center","background-size":"auto","background-attachment":"scroll","background-type":"","background-media":"","overlay-type":"","overlay-color":"","overlay-opacity":"","overlay-gradient":""},"mobile":{"background-color":"var(--ast-global-color-5)","background-image":"","background-repeat":"repeat","background-position":"center center","background-size":"auto","background-attachment":"scroll","background-type":"","background-media":"","overlay-type":"","overlay-color":"","overlay-opacity":"","overlay-gradient":""}},"footnotes":""},"class_list":["post-14890","page","type-page","status-publish","hentry"],"_links":{"self":[{"href":"https:\/\/swiss-education-company.ch\/es\/wp-json\/wp\/v2\/pages\/14890","targetHints":{"allow":["GET"]}}],"collection":[{"href":"https:\/\/swiss-education-company.ch\/es\/wp-json\/wp\/v2\/pages"}],"about":[{"href":"https:\/\/swiss-education-company.ch\/es\/wp-json\/wp\/v2\/types\/page"}],"author":[{"embeddable":true,"href":"https:\/\/swiss-education-company.ch\/es\/wp-json\/wp\/v2\/users\/5"}],"replies":[{"embeddable":true,"href":"https:\/\/swiss-education-company.ch\/es\/wp-json\/wp\/v2\/comments?post=14890"}],"version-history":[{"count":1,"href":"https:\/\/swiss-education-company.ch\/es\/wp-json\/wp\/v2\/pages\/14890\/revisions"}],"predecessor-version":[{"id":14892,"href":"https:\/\/swiss-education-company.ch\/es\/wp-json\/wp\/v2\/pages\/14890\/revisions\/14892"}],"up":[{"embeddable":true,"href":"https:\/\/swiss-education-company.ch\/es\/wp-json\/wp\/v2\/pages\/14742"}],"wp:attachment":[{"href":"https:\/\/swiss-education-company.ch\/es\/wp-json\/wp\/v2\/media?parent=14890"}],"curies":[{"name":"wp","href":"https:\/\/api.w.org\/{rel}","templated":true}]}}