{"id":14889,"date":"2025-06-17T02:21:10","date_gmt":"2025-06-17T01:21:10","guid":{"rendered":"https:\/\/swiss-education-company.ch\/vacantes\/profesora-especialista-en-diseno-de-unas\/"},"modified":"2025-06-17T02:21:17","modified_gmt":"2025-06-17T01:21:17","slug":"profesora-especialista-en-diseno-de-unas","status":"publish","type":"page","link":"https:\/\/swiss-education-company.ch\/es\/vacantes\/profesora-especialista-en-diseno-de-unas\/","title":{"rendered":"Profesora especialista en dise\u00f1o de u\u00f1as"},"content":{"rendered":"\t\t<div data-elementor-type=\"wp-page\" data-elementor-id=\"14889\" class=\"elementor elementor-14889 elementor-11618\" data-elementor-post-type=\"page\">\n\t\t\t\t<div class=\"elementor-element elementor-element-4bd3986d e-flex e-con-boxed e-con e-parent\" data-id=\"4bd3986d\" data-element_type=\"container\" data-e-type=\"container\">\n\t\t\t\t\t<div class=\"e-con-inner\">\n\t\t<div class=\"elementor-element elementor-element-2add1849 e-con-full e-flex e-con e-child\" data-id=\"2add1849\" data-element_type=\"container\" data-e-type=\"container\">\n\t\t\t\t<div class=\"elementor-element elementor-element-6867f6ae elementor-widget elementor-widget-text-editor\" data-id=\"6867f6ae\" data-element_type=\"widget\" data-e-type=\"widget\" data-settings=\"{&quot;ekit_we_effect_on&quot;:&quot;none&quot;}\" data-widget_type=\"text-editor.default\">\n\t\t\t\t<div class=\"elementor-widget-container\">\n\t\t\t\t\t\t\t\t\t<p>Buscamos un\/a <a title=\"Formaci\u00f3n en dise\u00f1o de u\u00f1as - Formaci\u00f3n en dise\u00f1o de u\u00f1as\" href=\"https:\/\/swiss-beauty-and-hair-academy.ch\/nageldesign-ausbildung\/\">Dise\u00f1ador\/a de U\u00f1as para nuestra Escuela de Dise\u00f1o de U\u00f1as<\/a> con efecto inmediato o por acuerdo:<\/p>\t\t\t\t\t\t\t\t<\/div>\n\t\t\t\t<\/div>\n\t\t\t\t<div class=\"elementor-element elementor-element-32461358 elementor-widget elementor-widget-heading\" data-id=\"32461358\" data-element_type=\"widget\" data-e-type=\"widget\" data-settings=\"{&quot;ekit_we_effect_on&quot;:&quot;none&quot;}\" data-widget_type=\"heading.default\">\n\t\t\t\t<div class=\"elementor-widget-container\">\n\t\t\t\t\t<h1 class=\"elementor-heading-title elementor-size-default\">Profesora especialista en dise\u00f1o de u\u00f1as, a tiempo parcial<\/h1>\t\t\t\t<\/div>\n\t\t\t\t<\/div>\n\t\t\t\t<\/div>\n\t\t<div class=\"elementor-element elementor-element-da18811 e-con-full e-flex e-con e-child\" data-id=\"da18811\" data-element_type=\"container\" data-e-type=\"container\">\n\t\t\t\t<div class=\"elementor-element elementor-element-c9e5472 elementor-widget elementor-widget-image\" data-id=\"c9e5472\" data-element_type=\"widget\" data-e-type=\"widget\" data-settings=\"{&quot;ekit_we_effect_on&quot;:&quot;none&quot;}\" data-widget_type=\"image.default\">\n\t\t\t\t<div class=\"elementor-widget-container\">\n\t\t\t\t\t\t\t\t\t\t\t\t\t\t\t<img fetchpriority=\"high\" decoding=\"async\" width=\"626\" height=\"417\" src=\"https:\/\/swiss-education-company.ch\/wp-content\/uploads\/2022\/06\/beautician-filing-female-clients-nails-spa-beauty-salon_13339-236501.jpg\" class=\"attachment-large size-large wp-image-9630\" alt=\"\" srcset=\"https:\/\/swiss-education-company.ch\/wp-content\/uploads\/2022\/06\/beautician-filing-female-clients-nails-spa-beauty-salon_13339-236501.jpg 626w, https:\/\/swiss-education-company.ch\/wp-content\/uploads\/2022\/06\/beautician-filing-female-clients-nails-spa-beauty-salon_13339-236501-300x200.jpg 300w, https:\/\/swiss-education-company.ch\/wp-content\/uploads\/2022\/06\/beautician-filing-female-clients-nails-spa-beauty-salon_13339-236501-600x400.jpg 600w\" sizes=\"(max-width: 626px) 100vw, 626px\" \/>\t\t\t\t\t\t\t\t\t\t\t\t\t\t\t<\/div>\n\t\t\t\t<\/div>\n\t\t\t\t<\/div>\n\t\t\t\t\t<\/div>\n\t\t\t\t<\/div>\n\t\t<div class=\"elementor-element elementor-element-9637f40 e-flex e-con-boxed e-con e-parent\" data-id=\"9637f40\" data-element_type=\"container\" data-e-type=\"container\" data-settings=\"{&quot;background_background&quot;:&quot;classic&quot;}\">\n\t\t\t\t\t<div class=\"e-con-inner\">\n\t\t\t\t<div class=\"elementor-element elementor-element-31156ac1 elementor-widget elementor-widget-text-editor\" data-id=\"31156ac1\" data-element_type=\"widget\" data-e-type=\"widget\" data-settings=\"{&quot;ekit_we_effect_on&quot;:&quot;none&quot;}\" data-widget_type=\"text-editor.default\">\n\t\t\t\t<div class=\"elementor-widget-container\">\n\t\t\t\t\t\t\t\t\t<h3>Tareas:<\/h3><ul><li>Formaci\u00f3n de los participantes en el curso en teor\u00eda y pr\u00e1ctica de acuerdo con el programa de formaci\u00f3n <\/li><li>Preparaci\u00f3n de documentos, as\u00ed como preparaci\u00f3n y seguimiento de tus propias clases<\/li><li>Realizaci\u00f3n de ex\u00e1menes pr\u00e1cticos y te\u00f3ricos<\/li><\/ul><h3>Requisitos:<\/h3><ul><li>Conocimientos de idiomas: Alem\u00e1n e ingl\u00e9s opcionales otros idiomas (esp. espa\u00f1ol y portugu\u00e9s)<\/li><li>Formaci\u00f3n como dise\u00f1adora de u\u00f1as y al menos 3 a\u00f1os de experiencia profesional<\/li><li>Formaci\u00f3n complementaria en el campo de las u\u00f1as y\/o experiencia en la formaci\u00f3n de aprendices o adultos<\/li><li>Inter\u00e9s y talento para la profesi\u00f3n de profesor especialista en dise\u00f1o de u\u00f1as<\/li><\/ul><h3>Te lo ofrecemos:<\/h3><ul><li>Equipo bien organizado con un ambiente de trabajo agradable<\/li><li>Condiciones de empleo interesantes<\/li><li>Potencial para seguir desarroll\u00e1ndose y asumir mayores responsabilidades<\/li><li>Carga de trabajo a tiempo parcial de aprox. 20 &#8211; 40% (dependiendo de los conocimientos ling\u00fc\u00edsticos y del n\u00famero de clases)<\/li><\/ul><p>\u00bfVives en Suiza o en la UE y hemos despertado tu inter\u00e9s? Entonces esperamos recibir tu solicitud completa con foto por correo electr\u00f3nico. <\/p><p><strong>Swiss Beauty Academy, D\u00fcbendorfstrasse 2, 8051 Z\u00farich, Email: <a href=\"mailto:hr@sbacademy.ch\">hr@sbacademy.ch<\/a><\/strong><\/p>\t\t\t\t\t\t\t\t<\/div>\n\t\t\t\t<\/div>\n\t\t\t\t\t<\/div>\n\t\t\t\t<\/div>\n\t\t\t\t<\/div>\n\t\t","protected":false},"excerpt":{"rendered":"<p>Buscamos un\/a Dise\u00f1ador\/a de U\u00f1as para nuestra Escuela de Dise\u00f1o de U\u00f1as con efecto inmediato o por acuerdo: Profesora especialista en dise\u00f1o de u\u00f1as, a tiempo parcial Tareas: Formaci\u00f3n de los participantes en el curso en teor\u00eda y pr\u00e1ctica de acuerdo con el programa de formaci\u00f3n Preparaci\u00f3n de documentos, as\u00ed como preparaci\u00f3n y seguimiento de [&hellip;]<\/p>\n","protected":false},"author":5,"featured_media":0,"parent":14742,"menu_order":0,"comment_status":"closed","ping_status":"closed","template":"","meta":{"_seopress_robots_primary_cat":"","_seopress_titles_title":"","_seopress_titles_desc":"","_seopress_robots_index":"","site-sidebar-layout":"no-sidebar","site-content-layout":"page-builder","ast-site-content-layout":"full-width-container","site-content-style":"unboxed","site-sidebar-style":"unboxed","ast-global-header-display":"","ast-banner-title-visibility":"","ast-main-header-display":"","ast-hfb-above-header-display":"","ast-hfb-below-header-display":"","ast-hfb-mobile-header-display":"","site-post-title":"","ast-breadcrumbs-content":"","ast-featured-img":"disabled","footer-sml-layout":"","ast-disable-related-posts":"","theme-transparent-header-meta":"default","adv-header-id-meta":"","stick-header-meta":"","header-above-stick-meta":"","header-main-stick-meta":"","header-below-stick-meta":"","astra-migrate-meta-layouts":"default","ast-page-background-enabled":"default","ast-page-background-meta":{"desktop":{"background-color":"var(--ast-global-color-4)","background-image":"","background-repeat":"repeat","background-position":"center center","background-size":"auto","background-attachment":"scroll","background-type":"","background-media":"","overlay-type":"","overlay-color":"","overlay-opacity":"","overlay-gradient":""},"tablet":{"background-color":"","background-image":"","background-repeat":"repeat","background-position":"center center","background-size":"auto","background-attachment":"scroll","background-type":"","background-media":"","overlay-type":"","overlay-color":"","overlay-opacity":"","overlay-gradient":""},"mobile":{"background-color":"","background-image":"","background-repeat":"repeat","background-position":"center center","background-size":"auto","background-attachment":"scroll","background-type":"","background-media":"","overlay-type":"","overlay-color":"","overlay-opacity":"","overlay-gradient":""}},"ast-content-background-meta":{"desktop":{"background-color":"var(--ast-global-color-5)","background-image":"","background-repeat":"repeat","background-position":"center center","background-size":"auto","background-attachment":"scroll","background-type":"","background-media":"","overlay-type":"","overlay-color":"","overlay-opacity":"","overlay-gradient":""},"tablet":{"background-color":"var(--ast-global-color-5)","background-image":"","background-repeat":"repeat","background-position":"center center","background-size":"auto","background-attachment":"scroll","background-type":"","background-media":"","overlay-type":"","overlay-color":"","overlay-opacity":"","overlay-gradient":""},"mobile":{"background-color":"var(--ast-global-color-5)","background-image":"","background-repeat":"repeat","background-position":"center center","background-size":"auto","background-attachment":"scroll","background-type":"","background-media":"","overlay-type":"","overlay-color":"","overlay-opacity":"","overlay-gradient":""}},"footnotes":""},"class_list":["post-14889","page","type-page","status-publish","hentry"],"_links":{"self":[{"href":"https:\/\/swiss-education-company.ch\/es\/wp-json\/wp\/v2\/pages\/14889","targetHints":{"allow":["GET"]}}],"collection":[{"href":"https:\/\/swiss-education-company.ch\/es\/wp-json\/wp\/v2\/pages"}],"about":[{"href":"https:\/\/swiss-education-company.ch\/es\/wp-json\/wp\/v2\/types\/page"}],"author":[{"embeddable":true,"href":"https:\/\/swiss-education-company.ch\/es\/wp-json\/wp\/v2\/users\/5"}],"replies":[{"embeddable":true,"href":"https:\/\/swiss-education-company.ch\/es\/wp-json\/wp\/v2\/comments?post=14889"}],"version-history":[{"count":1,"href":"https:\/\/swiss-education-company.ch\/es\/wp-json\/wp\/v2\/pages\/14889\/revisions"}],"predecessor-version":[{"id":14891,"href":"https:\/\/swiss-education-company.ch\/es\/wp-json\/wp\/v2\/pages\/14889\/revisions\/14891"}],"up":[{"embeddable":true,"href":"https:\/\/swiss-education-company.ch\/es\/wp-json\/wp\/v2\/pages\/14742"}],"wp:attachment":[{"href":"https:\/\/swiss-education-company.ch\/es\/wp-json\/wp\/v2\/media?parent=14889"}],"curies":[{"name":"wp","href":"https:\/\/api.w.org\/{rel}","templated":true}]}}