{"id":14851,"date":"2025-06-17T02:20:37","date_gmt":"2025-06-17T01:20:37","guid":{"rendered":"https:\/\/swiss-education-company.ch\/vacantes\/profesora-de-cosmetica-en-lenguas-extranjeras\/"},"modified":"2025-06-17T02:20:38","modified_gmt":"2025-06-17T01:20:38","slug":"profesora-de-cosmetica-en-lenguas-extranjeras","status":"publish","type":"page","link":"https:\/\/swiss-education-company.ch\/es\/vacantes\/profesora-de-cosmetica-en-lenguas-extranjeras\/","title":{"rendered":"Profesora de cosm\u00e9tica en lenguas extranjeras"},"content":{"rendered":"\t\t<div data-elementor-type=\"wp-page\" data-elementor-id=\"14851\" class=\"elementor elementor-14851 elementor-14751\" data-elementor-post-type=\"page\">\n\t\t\t\t<div class=\"elementor-element elementor-element-494336ab e-flex e-con-boxed e-con e-parent\" data-id=\"494336ab\" data-element_type=\"container\" data-e-type=\"container\">\n\t\t\t\t\t<div class=\"e-con-inner\">\n\t\t\t\t<div class=\"elementor-element elementor-element-37c6a39b elementor-widget elementor-widget-text-editor\" data-id=\"37c6a39b\" data-element_type=\"widget\" data-e-type=\"widget\" data-settings=\"{&quot;ekit_we_effect_on&quot;:&quot;none&quot;}\" data-widget_type=\"text-editor.default\">\n\t\t\t\t<div class=\"elementor-widget-container\">\n\t\t\t\t\t\t\t\t\t<p>Buscamos un nuevo empleado para nuestra <a title=\"Escuela de cosm\u00e9tica en Z\u00farich\" href=\"https:\/\/swiss-beauty-and-hair-academy.ch\/kosmetikschule\/\">escuela de cosm\u00e9tica<\/a> con efecto inmediato o por acuerdo:<\/p>\n<p><style>\/*! elementor - v3.23.0 - 05-08-2024 *\/<br \/>.elementor-heading-title{padding:0;margin:0;line-height:1}.elementor-widget-heading .elementor-heading-title[class*=elementor-size-]>a{color:inherit;font-size:inherit;line-height:inherit}.elementor-widget-heading .elementor-heading-title.elementor-size-small{font-size:15px}.elementor-widget-heading .elementor-heading-title.elementor-size-medium{font-size:19px}.elementor-widget-heading .elementor-heading-title.elementor-size-large{font-size:29px}.elementor-widget-heading .elementor-heading-title.elementor-size-xl{font-size:39px}.elementor-widget-heading .elementor-heading-title.elementor-size-xxl{font-size:59px}<\/style>\n<\/p>\n<h1>Profesora de cosm\u00e9tica en lenguas extranjeras, a tiempo parcial<\/h1>\n<p><style>\/*! elementor - v3.23.0 - 05-08-2024 *\/<br \/>.elementor-widget-image{text-align:center}.elementor-widget-image a{display:inline-block}.elementor-widget-image a img[src$=\".svg\"]{width:48px}.elementor-widget-image img{vertical-align:middle;display:inline-block}<\/style>\n<\/p>\n<p><img fetchpriority=\"high\" decoding=\"async\" src=\"https:\/\/swiss-education-company.ch\/wp-content\/uploads\/2024\/01\/top_kosmetik-6.jpg\" sizes=\"(max-width: 640px) 100vw, 640px\" srcset=\"https:\/\/swiss-education-company.ch\/wp-content\/uploads\/2024\/01\/top_kosmetik-6.jpg 640w, https:\/\/swiss-education-company.ch\/wp-content\/uploads\/2024\/01\/top_kosmetik-6-300x200.jpg 300w\" alt=\"\" width=\"640\" height=\"427\"><\/p>\n<h3>Tareas:<\/h3>\n<ul>\n<li>Formaci\u00f3n te\u00f3rica y pr\u00e1ctica de los participantes en el curso<\/li>\n<li>Preparaci\u00f3n y postprocesado de tus propias clases<\/li>\n<li>Realizaci\u00f3n de ex\u00e1menes pr\u00e1cticos y te\u00f3ricos<\/li>\n<\/ul>\n<h3>Requisitos:<\/h3>\n<ul>\n<li>Conocimientos de idiomas: Espa\u00f1ol e ingl\u00e9s (requisito obligatorio) <em>y ventajoso en otros idiomas<\/em><\/li>\n<li>Formaci\u00f3n como <strong>esteticista <\/strong>y al menos 3 a\u00f1os de experiencia profesional<\/li>\n<li><span style=\"font-style: inherit; font-weight: inherit; text-align: var(--text-align); background-color: var(--ast-global-color-5); color: var(--ast-global-color-3);\">Al menos 2 a\u00f1os de experiencia en formaci\u00f3n de aprendices o adultos<\/span><\/li>\n<li>Autoridad natural y paciencia<\/li>\n<li>Optativo: formaci\u00f3n complementaria en el \u00e1mbito de la cosm\u00e9tica (por ejemplo, examen de maestro artesano)<\/li>\n<\/ul>\n<h3>Te lo ofrecemos:<\/h3>\n<ul>\n<li>Equipo bien organizado con un ambiente de trabajo agradable<\/li>\n<li>Condiciones de empleo interesantes<\/li>\n<li>Potencial para seguir desarroll\u00e1ndose y asumir mayores responsabilidades<\/li>\n<li>Carga de trabajo a tiempo parcial de aprox. 20 &#8211; 60% (dependiendo de los conocimientos ling\u00fc\u00edsticos y del n\u00famero de clases)<\/li>\n<\/ul>\n<p>\u00bfVives en Suiza o en la UE y est\u00e1s interesado? Entonces esperamos recibir tu solicitud completa con foto por correo electr\u00f3nico para el puesto de Instructor de Cosm\u00e9tica. <\/p>\n<p><strong>Swiss Education Company, D\u00fcbendorfstrasse 2, 8051 Z\u00farich, Correo electr\u00f3nico: <a href=\"mailto:hr@sbacademy.ch\">hr@sbacademy.ch<\/a><\/strong><\/p>\t\t\t\t\t\t\t\t<\/div>\n\t\t\t\t<\/div>\n\t\t\t\t\t<\/div>\n\t\t\t\t<\/div>\n\t\t\t\t<\/div>\n\t\t","protected":false},"excerpt":{"rendered":"<p>Buscamos un nuevo empleado para nuestra escuela de cosm\u00e9tica con efecto inmediato o por acuerdo: \/*! elementor &#8211; v3.23.0 &#8211; 05-08-2024 *\/.elementor-heading-title{padding:0;margin:0;line-height:1}.elementor-widget-heading .elementor-heading-title[class*=elementor-size-]&gt;a{color:inherit;font-size:inherit;line-height:inherit}.elementor-widget-heading .elementor-heading-title.elementor-size-small{font-size:15px}.elementor-widget-heading .elementor-heading-title.elementor-size-medium{font-size:19px}.elementor-widget-heading .elementor-heading-title.elementor-size-large{font-size:29px}.elementor-widget-heading .elementor-heading-title.elementor-size-xl{font-size:39px}.elementor-widget-heading .elementor-heading-title.elementor-size-xxl{font-size:59px} Profesora de cosm\u00e9tica en lenguas extranjeras, a tiempo parcial \/*! elementor &#8211; v3.23.0 &#8211; 05-08-2024 *\/.elementor-widget-image{text-align:center}.elementor-widget-image a{display:inline-block}.elementor-widget-image a img[src$=\u00bb.svg\u00bb]{width:48px}.elementor-widget-image img{vertical-align:middle;display:inline-block} Tareas: Formaci\u00f3n te\u00f3rica y pr\u00e1ctica de los [&hellip;]<\/p>\n","protected":false},"author":3,"featured_media":0,"parent":14742,"menu_order":0,"comment_status":"closed","ping_status":"closed","template":"","meta":{"_seopress_robots_primary_cat":"","_seopress_titles_title":"","_seopress_titles_desc":"","_seopress_robots_index":"","site-sidebar-layout":"default","site-content-layout":"","ast-site-content-layout":"default","site-content-style":"default","site-sidebar-style":"default","ast-global-header-display":"","ast-banner-title-visibility":"","ast-main-header-display":"","ast-hfb-above-header-display":"","ast-hfb-below-header-display":"","ast-hfb-mobile-header-display":"","site-post-title":"","ast-breadcrumbs-content":"","ast-featured-img":"","footer-sml-layout":"","ast-disable-related-posts":"","theme-transparent-header-meta":"default","adv-header-id-meta":"","stick-header-meta":"","header-above-stick-meta":"","header-main-stick-meta":"","header-below-stick-meta":"","astra-migrate-meta-layouts":"default","ast-page-background-enabled":"default","ast-page-background-meta":{"desktop":{"background-color":"var(--ast-global-color-4)","background-image":"","background-repeat":"repeat","background-position":"center center","background-size":"auto","background-attachment":"scroll","background-type":"","background-media":"","overlay-type":"","overlay-color":"","overlay-opacity":"","overlay-gradient":""},"tablet":{"background-color":"","background-image":"","background-repeat":"repeat","background-position":"center center","background-size":"auto","background-attachment":"scroll","background-type":"","background-media":"","overlay-type":"","overlay-color":"","overlay-opacity":"","overlay-gradient":""},"mobile":{"background-color":"","background-image":"","background-repeat":"repeat","background-position":"center center","background-size":"auto","background-attachment":"scroll","background-type":"","background-media":"","overlay-type":"","overlay-color":"","overlay-opacity":"","overlay-gradient":""}},"ast-content-background-meta":{"desktop":{"background-color":"var(--ast-global-color-5)","background-image":"","background-repeat":"repeat","background-position":"center center","background-size":"auto","background-attachment":"scroll","background-type":"","background-media":"","overlay-type":"","overlay-color":"","overlay-opacity":"","overlay-gradient":""},"tablet":{"background-color":"var(--ast-global-color-5)","background-image":"","background-repeat":"repeat","background-position":"center center","background-size":"auto","background-attachment":"scroll","background-type":"","background-media":"","overlay-type":"","overlay-color":"","overlay-opacity":"","overlay-gradient":""},"mobile":{"background-color":"var(--ast-global-color-5)","background-image":"","background-repeat":"repeat","background-position":"center center","background-size":"auto","background-attachment":"scroll","background-type":"","background-media":"","overlay-type":"","overlay-color":"","overlay-opacity":"","overlay-gradient":""}},"footnotes":""},"class_list":["post-14851","page","type-page","status-publish","hentry"],"_links":{"self":[{"href":"https:\/\/swiss-education-company.ch\/es\/wp-json\/wp\/v2\/pages\/14851","targetHints":{"allow":["GET"]}}],"collection":[{"href":"https:\/\/swiss-education-company.ch\/es\/wp-json\/wp\/v2\/pages"}],"about":[{"href":"https:\/\/swiss-education-company.ch\/es\/wp-json\/wp\/v2\/types\/page"}],"author":[{"embeddable":true,"href":"https:\/\/swiss-education-company.ch\/es\/wp-json\/wp\/v2\/users\/3"}],"replies":[{"embeddable":true,"href":"https:\/\/swiss-education-company.ch\/es\/wp-json\/wp\/v2\/comments?post=14851"}],"version-history":[{"count":2,"href":"https:\/\/swiss-education-company.ch\/es\/wp-json\/wp\/v2\/pages\/14851\/revisions"}],"predecessor-version":[{"id":14856,"href":"https:\/\/swiss-education-company.ch\/es\/wp-json\/wp\/v2\/pages\/14851\/revisions\/14856"}],"up":[{"embeddable":true,"href":"https:\/\/swiss-education-company.ch\/es\/wp-json\/wp\/v2\/pages\/14742"}],"wp:attachment":[{"href":"https:\/\/swiss-education-company.ch\/es\/wp-json\/wp\/v2\/media?parent=14851"}],"curies":[{"name":"wp","href":"https:\/\/api.w.org\/{rel}","templated":true}]}}