{"id":12957,"date":"2024-12-03T22:11:21","date_gmt":"2024-12-03T21:11:21","guid":{"rendered":"https:\/\/swiss-education-company.ch\/quienes-somos\/formulario-de-contacto\/"},"modified":"2024-12-03T23:00:20","modified_gmt":"2024-12-03T22:00:20","slug":"formulario-de-contacto","status":"publish","type":"page","link":"https:\/\/swiss-education-company.ch\/es\/quienes-somos\/formulario-de-contacto\/","title":{"rendered":"Formulario de contacto"},"content":{"rendered":"\t\t<div data-elementor-type=\"wp-page\" data-elementor-id=\"12957\" class=\"elementor elementor-12957 elementor-3507\" data-elementor-post-type=\"page\">\n\t\t\t\t\t\t<section class=\"elementor-section elementor-top-section elementor-element elementor-element-1a6fb809 elementor-section-full_width elementor-section-height-default elementor-section-height-default\" data-id=\"1a6fb809\" data-element_type=\"section\" data-e-type=\"section\">\n\t\t\t\t\t\t\t<div class=\"elementor-background-overlay\"><\/div>\n\t\t\t\t\t\t\t<div class=\"elementor-container elementor-column-gap-default\">\n\t\t\t\t\t<div class=\"elementor-column elementor-col-100 elementor-top-column elementor-element elementor-element-7592db1e\" data-id=\"7592db1e\" data-element_type=\"column\" data-e-type=\"column\">\n\t\t\t<div class=\"elementor-widget-wrap elementor-element-populated\">\n\t\t\t\t\t\t<div class=\"elementor-element elementor-element-26db048 elementor-widget elementor-widget-heading\" data-id=\"26db048\" data-element_type=\"widget\" data-e-type=\"widget\" data-settings=\"{&quot;ekit_we_effect_on&quot;:&quot;none&quot;}\" data-widget_type=\"heading.default\">\n\t\t\t\t<div class=\"elementor-widget-container\">\n\t\t\t\t\t<h1 class=\"elementor-heading-title elementor-size-default\">Formulario de contacto<\/h1>\t\t\t\t<\/div>\n\t\t\t\t<\/div>\n\t\t\t\t\t<\/div>\n\t\t<\/div>\n\t\t\t\t\t<\/div>\n\t\t<\/section>\n\t\t\t\t<section class=\"elementor-section elementor-top-section elementor-element elementor-element-2ea964fc elementor-section-boxed elementor-section-height-default elementor-section-height-default\" data-id=\"2ea964fc\" data-element_type=\"section\" data-e-type=\"section\" data-settings=\"{&quot;background_background&quot;:&quot;classic&quot;}\">\n\t\t\t\t\t\t\t<div class=\"elementor-background-overlay\"><\/div>\n\t\t\t\t\t\t\t<div class=\"elementor-container elementor-column-gap-default\">\n\t\t\t\t\t<div class=\"elementor-column elementor-col-33 elementor-top-column elementor-element elementor-element-1840f335\" data-id=\"1840f335\" data-element_type=\"column\" data-e-type=\"column\">\n\t\t\t<div class=\"elementor-widget-wrap\">\n\t\t\t\t\t\t\t<\/div>\n\t\t<\/div>\n\t\t\t\t<div class=\"elementor-column elementor-col-33 elementor-top-column elementor-element elementor-element-5c7164e7\" data-id=\"5c7164e7\" data-element_type=\"column\" data-e-type=\"column\" data-settings=\"{&quot;background_background&quot;:&quot;classic&quot;}\">\n\t\t\t<div class=\"elementor-widget-wrap elementor-element-populated\">\n\t\t\t\t\t\t<div class=\"elementor-element elementor-element-5911cfb8 elementor-widget elementor-widget-text-editor\" data-id=\"5911cfb8\" data-element_type=\"widget\" data-e-type=\"widget\" data-settings=\"{&quot;ekit_we_effect_on&quot;:&quot;none&quot;}\" data-widget_type=\"text-editor.default\">\n\t\t\t\t<div class=\"elementor-widget-container\">\n\t\t\t\t\t\t\t\t\t<p>Para informaci\u00f3n, documentos y preguntas en relaci\u00f3n con los cursos, seminarios y la media jornada de prueba, utiliza el siguiente formulario de contacto:<\/p>\n\t\t\t\t\t\t\t\t<\/div>\n\t\t\t\t<\/div>\n\t\t\t\t<div class=\"elementor-element elementor-element-4037f21d elementor-widget elementor-widget-elementskit-contact-form7\" data-id=\"4037f21d\" data-element_type=\"widget\" data-e-type=\"widget\" data-settings=\"{&quot;ekit_we_effect_on&quot;:&quot;none&quot;}\" data-widget_type=\"elementskit-contact-form7.default\">\n\t\t\t\t<div class=\"elementor-widget-container\">\n\t\t\t\t\t<div class=\"ekit-wid-con\" ><div class=\"ekit-form\">\n<div class=\"wpcf7 no-js\" id=\"wpcf7-f12965-p12957-o1\" lang=\"es-ES\" dir=\"ltr\" data-wpcf7-id=\"12965\">\n<div class=\"screen-reader-response\"><p role=\"status\" aria-live=\"polite\" aria-atomic=\"true\"><\/p> <ul><\/ul><\/div>\n<form action=\"\/es\/quienes-somos\/formulario-de-contacto\/#wpcf7-f12965-p12957-o1\" method=\"post\" class=\"wpcf7-form init\" aria-label=\"Formulario de contacto\" novalidate=\"novalidate\" data-status=\"init\">\n<fieldset class=\"hidden-fields-container\"><input type=\"hidden\" name=\"_wpcf7\" value=\"12965\" \/><input type=\"hidden\" name=\"_wpcf7_version\" value=\"6.1.5\" \/><input type=\"hidden\" name=\"_wpcf7_locale\" value=\"es_ES\" \/><input type=\"hidden\" name=\"_wpcf7_unit_tag\" value=\"wpcf7-f12965-p12957-o1\" \/><input type=\"hidden\" name=\"_wpcf7_container_post\" value=\"12957\" \/><input type=\"hidden\" name=\"_wpcf7_posted_data_hash\" value=\"\" \/><input type=\"hidden\" name=\"_wpcf7cf_hidden_group_fields\" value=\"[]\" \/><input type=\"hidden\" name=\"_wpcf7cf_hidden_groups\" value=\"[]\" \/><input type=\"hidden\" name=\"_wpcf7cf_visible_groups\" value=\"[]\" \/><input type=\"hidden\" name=\"_wpcf7cf_repeaters\" value=\"[]\" \/><input type=\"hidden\" name=\"_wpcf7cf_steps\" value=\"{}\" \/><input type=\"hidden\" name=\"_wpcf7cf_options\" value=\"{&quot;form_id&quot;:12965,&quot;conditions&quot;:[{&quot;then_field&quot;:&quot;group-797&quot;,&quot;and_rules&quot;:[{&quot;if_field&quot;:&quot;radio-604&quot;,&quot;operator&quot;:&quot;equals&quot;,&quot;if_value&quot;:&quot;Suiza&quot;}]},{&quot;then_field&quot;:&quot;group-797&quot;,&quot;and_rules&quot;:[{&quot;if_field&quot;:&quot;radio-604&quot;,&quot;operator&quot;:&quot;equals&quot;,&quot;if_value&quot;:&quot;Principado de Liechtenstein&quot;}]},{&quot;then_field&quot;:&quot;group-637&quot;,&quot;and_rules&quot;:[{&quot;if_field&quot;:&quot;radio-608&quot;,&quot;operator&quot;:&quot;equals&quot;,&quot;if_value&quot;:&quot;S\\u00ed&quot;},{&quot;if_field&quot;:&quot;radio-604&quot;,&quot;operator&quot;:&quot;equals&quot;,&quot;if_value&quot;:&quot;Suiza&quot;}]},{&quot;then_field&quot;:&quot;group-637&quot;,&quot;and_rules&quot;:[{&quot;if_field&quot;:&quot;radio-608&quot;,&quot;operator&quot;:&quot;equals&quot;,&quot;if_value&quot;:&quot;S\\u00ed&quot;},{&quot;if_field&quot;:&quot;radio-604&quot;,&quot;operator&quot;:&quot;equals&quot;,&quot;if_value&quot;:&quot;Principado de Liechtenstein&quot;}]}],&quot;settings&quot;:{&quot;animation&quot;:&quot;yes&quot;,&quot;animation_intime&quot;:200,&quot;animation_outtime&quot;:200,&quot;conditions_ui&quot;:&quot;normal&quot;,&quot;notice_dismissed&quot;:false}}\" \/>\n<\/fieldset>\n<div class=\"bmg-contact-form-wrap\">\n\t<p><label><strong>Nombre del curso - Sus preguntas:<\/strong><\/label>\n\t<\/p>\n\t<div class=\"bmg-field\">\n\t\t<p><span class=\"wpcf7-form-control-wrap\" data-name=\"your-message\"><textarea cols=\"40\" rows=\"10\" maxlength=\"2000\" class=\"wpcf7-form-control wpcf7-textarea wpcf7-validates-as-required\" aria-required=\"true\" aria-invalid=\"false\" name=\"your-message\"><\/textarea><\/span>\n\t\t<\/p>\n\t<\/div>\n\t<p><label><strong>Localizaci\u00f3n:<\/strong><\/label>\n\t<\/p>\n\t<div class=\"bmg-field\">\n\t\t<p><span class=\"wpcf7-form-control-wrap\" data-name=\"radio-605\"><span class=\"wpcf7-form-control wpcf7-radio\"><span class=\"wpcf7-list-item first\"><input type=\"radio\" name=\"radio-605\" value=\"Z\u00farich (Suiza)\" \/><span class=\"wpcf7-list-item-label\">Z\u00farich (Suiza)<\/span><\/span><span class=\"wpcf7-list-item last\"><input type=\"radio\" name=\"radio-605\" value=\"Lausana (Suiza)\" \/><span class=\"wpcf7-list-item-label\">Lausana (Suiza)<\/span><\/span><\/span><\/span>\n\t\t<\/p>\n\t<\/div>\n\t<p><label><strong>Consulta y media jornada de prueba:<\/strong><\/label>\n\t<\/p>\n\t<div class=\"bmg-field\">\n\t\t<p><span class=\"wpcf7-form-control-wrap\" data-name=\"radio-607\"><span class=\"wpcf7-form-control wpcf7-radio\"><span class=\"wpcf7-list-item first\"><input type=\"radio\" name=\"radio-607\" value=\"Estoy interesado\" \/><span class=\"wpcf7-list-item-label\">Estoy interesado<\/span><\/span><span class=\"wpcf7-list-item last\"><input type=\"radio\" name=\"radio-607\" value=\"\u00a1No, gracias!\" \/><span class=\"wpcf7-list-item-label\">\u00a1No, gracias!<\/span><\/span><\/span><\/span>\n\t\t<\/p>\n\t<\/div>\n\t<p><label><strong>Pa\u00eds - Su domicilio:<\/strong><\/label>\n\t<\/p>\n\t<div class=\"bmg-field\">\n\t\t<p><span class=\"wpcf7-form-control-wrap\" data-name=\"radio-604\"><span class=\"wpcf7-form-control wpcf7-radio\"><span class=\"wpcf7-list-item first\"><input type=\"radio\" name=\"radio-604\" value=\"Suiza\" \/><span class=\"wpcf7-list-item-label\">Suiza<\/span><\/span><span class=\"wpcf7-list-item\"><input type=\"radio\" name=\"radio-604\" value=\"Principado de Liechtenstein\" \/><span class=\"wpcf7-list-item-label\">Principado de Liechtenstein<\/span><\/span><span class=\"wpcf7-list-item\"><input type=\"radio\" name=\"radio-604\" value=\"Alemania\" \/><span class=\"wpcf7-list-item-label\">Alemania<\/span><\/span><span class=\"wpcf7-list-item\"><input type=\"radio\" name=\"radio-604\" value=\"Austria\" \/><span class=\"wpcf7-list-item-label\">Austria<\/span><\/span><span class=\"wpcf7-list-item last\"><input type=\"radio\" name=\"radio-604\" value=\"Otro pa\u00eds\" \/><span class=\"wpcf7-list-item-label\">Otro pa\u00eds<\/span><\/span><\/span><\/span>\n\t\t<\/p>\n\t<\/div>\n\t<div data-id=\"group-797\" data-orig_data_id=\"group-797\"  class=\"\" data-class=\"wpcf7cf_group\">\n\t\t<p><label><strong>Recibir informaci\u00f3n por correo:<\/strong><\/label>\n\t\t<\/p>\n\t\t<div class=\"bmg-field\">\n\t\t\t<p><span class=\"wpcf7-form-control-wrap\" data-name=\"radio-608\"><span class=\"wpcf7-form-control wpcf7-radio\"><span class=\"wpcf7-list-item first\"><input type=\"radio\" name=\"radio-608\" value=\"S\u00ed\" \/><span class=\"wpcf7-list-item-label\">S\u00ed<\/span><\/span><span class=\"wpcf7-list-item last\"><input type=\"radio\" name=\"radio-608\" value=\"No\" \/><span class=\"wpcf7-list-item-label\">No<\/span><\/span><\/span><\/span>\n\t\t\t<\/p>\n\t\t<\/div>\n\t<\/div>\n\t<p><label><strong>Contacto:<\/strong><\/label>\n\t<\/p>\n\t<div class=\"bmg-field\">\n\t\t<p><span class=\"wpcf7-form-control-wrap\" data-name=\"radio-568\"><span class=\"wpcf7-form-control wpcf7-radio\"><span class=\"wpcf7-list-item first\"><input type=\"radio\" name=\"radio-568\" value=\"Do\u00f1a\" \/><span class=\"wpcf7-list-item-label\">Do\u00f1a<\/span><\/span><span class=\"wpcf7-list-item\"><input type=\"radio\" name=\"radio-568\" value=\"Don\" \/><span class=\"wpcf7-list-item-label\">Don<\/span><\/span><span class=\"wpcf7-list-item last\"><input type=\"radio\" name=\"radio-568\" value=\"otros\" \/><span class=\"wpcf7-list-item-label\">otros<\/span><\/span><\/span><\/span>\n\t\t<\/p>\n\t<\/div>\n\t<p><label>Nombre*<\/label>\n\t<\/p>\n\t<div class=\"bmg-field\">\n\t\t<p><span class=\"wpcf7-form-control-wrap\" data-name=\"Firstname\"><input size=\"40\" maxlength=\"400\" class=\"wpcf7-form-control wpcf7-text wpcf7-validates-as-required\" aria-required=\"true\" aria-invalid=\"false\" value=\"\" type=\"text\" name=\"Firstname\" \/><\/span>\n\t\t<\/p>\n\t<\/div>\n\t<p><label>Apellido*<\/label>\n\t<\/p>\n\t<div class=\"bmg-field\">\n\t\t<p><span class=\"wpcf7-form-control-wrap\" data-name=\"Lastname\"><input size=\"40\" maxlength=\"400\" class=\"wpcf7-form-control wpcf7-text wpcf7-validates-as-required\" aria-required=\"true\" aria-invalid=\"false\" value=\"\" type=\"text\" name=\"Lastname\" \/><\/span>\n\t\t<\/p>\n\t<\/div>\n\t<div data-id=\"group-637\" data-orig_data_id=\"group-637\"  class=\"\" data-class=\"wpcf7cf_group\">\n\t\t<p><label>Ruta con el n\u00famero*<\/label>\n\t\t<\/p>\n\t\t<div class=\"bmg-field\">\n\t\t\t<p><span class=\"wpcf7-form-control-wrap\" data-name=\"Street\"><input size=\"40\" maxlength=\"400\" class=\"wpcf7-form-control wpcf7-text wpcf7-validates-as-required\" aria-required=\"true\" aria-invalid=\"false\" value=\"\" type=\"text\" name=\"Street\" \/><\/span>\n\t\t\t<\/p>\n\t\t<\/div>\n\t\t<p><label>C\u00f3digo postal*<\/label>\n\t\t<\/p>\n\t\t<div class=\"bmg-field\">\n\t\t\t<p><span class=\"wpcf7-form-control-wrap\" data-name=\"ZipCode\"><input size=\"40\" maxlength=\"400\" class=\"wpcf7-form-control wpcf7-text wpcf7-validates-as-required\" aria-required=\"true\" aria-invalid=\"false\" value=\"\" type=\"text\" name=\"ZipCode\" \/><\/span>\n\t\t\t<\/p>\n\t\t<\/div>\n\t\t<p><label>ciudad*<\/label>\n\t\t<\/p>\n\t\t<div class=\"bmg-field\">\n\t\t\t<p><span class=\"wpcf7-form-control-wrap\" data-name=\"text-870\"><input size=\"40\" maxlength=\"400\" class=\"wpcf7-form-control wpcf7-text wpcf7-validates-as-required\" aria-required=\"true\" aria-invalid=\"false\" value=\"\" type=\"text\" name=\"text-870\" \/><\/span>\n\t\t\t<\/p>\n\t\t<\/div>\n\t<\/div>\n\t<p><label>E-Mail*<\/label>\n\t<\/p>\n\t<div class=\"bmg-field\">\n\t\t<p><span class=\"wpcf7-form-control-wrap\" data-name=\"email-930\"><input size=\"40\" maxlength=\"400\" class=\"wpcf7-form-control wpcf7-email wpcf7-validates-as-required wpcf7-text wpcf7-validates-as-email\" aria-required=\"true\" aria-invalid=\"false\" value=\"\" type=\"email\" name=\"email-930\" \/><\/span>\n\t\t<\/p>\n\t<\/div>\n\t<p><label>Tel\u00e9fono*<\/label>\n\t<\/p>\n\t<div class=\"bmg-field\">\n\t\t<p><span class=\"wpcf7-form-control-wrap\" data-name=\"tel-354\"><input size=\"40\" maxlength=\"400\" class=\"wpcf7-form-control wpcf7-tel wpcf7-validates-as-required wpcf7-text wpcf7-validates-as-tel\" aria-required=\"true\" aria-invalid=\"false\" value=\"\" type=\"tel\" name=\"tel-354\" \/><\/span>\n\t\t<\/p>\n\t<\/div>\n\t<div class=\"\"bmg-submit>\n\t\t<p><input class=\"wpcf7-form-control wpcf7-submit has-spinner\" type=\"submit\" value=\"Enviar\" \/>\n\t\t<\/p>\n\t<\/div>\n<\/div><div class=\"wpcf7-response-output\" aria-hidden=\"true\"><\/div>\n<\/form>\n<\/div>\n<\/div><\/div>\t\t\t\t<\/div>\n\t\t\t\t<\/div>\n\t\t\t\t<div class=\"elementor-element elementor-element-4f7e5d80 elementor-widget elementor-widget-text-editor\" data-id=\"4f7e5d80\" data-element_type=\"widget\" data-e-type=\"widget\" data-settings=\"{&quot;ekit_we_effect_on&quot;:&quot;none&quot;}\" data-widget_type=\"text-editor.default\">\n\t\t\t\t<div class=\"elementor-widget-container\">\n\t\t\t\t\t\t\t\t\t<p>Estaremos encantados de enviarle los documentos solicitados y el formulario de inscripci\u00f3n por correo electr\u00f3nico y, opcionalmente, por correo postal a los destinatarios de Suiza y Liechtenstein.<\/p>\n\t\t\t\t\t\t\t\t<\/div>\n\t\t\t\t<\/div>\n\t\t\t\t\t<\/div>\n\t\t<\/div>\n\t\t\t\t<div class=\"elementor-column elementor-col-33 elementor-top-column elementor-element elementor-element-7412c575\" data-id=\"7412c575\" data-element_type=\"column\" data-e-type=\"column\">\n\t\t\t<div class=\"elementor-widget-wrap\">\n\t\t\t\t\t\t\t<\/div>\n\t\t<\/div>\n\t\t\t\t\t<\/div>\n\t\t<\/section>\n\t\t\t\t<\/div>\n\t\t","protected":false},"excerpt":{"rendered":"<p>Formulario de contacto Para informaci\u00f3n, documentos y preguntas en relaci\u00f3n con los cursos, seminarios y la media jornada de prueba, utiliza el siguiente formulario de contacto: Nombre del curso &#8211; Sus preguntas: Localizaci\u00f3n: Z\u00farich (Suiza)Lausana (Suiza) Consulta y media jornada de prueba: Estoy interesado\u00a1No, gracias! Pa\u00eds &#8211; Su domicilio: SuizaPrincipado de LiechtensteinAlemaniaAustriaOtro pa\u00eds Recibir informaci\u00f3n [&hellip;]<\/p>\n","protected":false},"author":3,"featured_media":0,"parent":12569,"menu_order":0,"comment_status":"closed","ping_status":"open","template":"","meta":{"_seopress_robots_primary_cat":"","_seopress_titles_title":"","_seopress_titles_desc":"","_seopress_robots_index":"","site-sidebar-layout":"no-sidebar","site-content-layout":"page-builder","ast-site-content-layout":"full-width-container","site-content-style":"unboxed","site-sidebar-style":"unboxed","ast-global-header-display":"","ast-banner-title-visibility":"","ast-main-header-display":"","ast-hfb-above-header-display":"","ast-hfb-below-header-display":"","ast-hfb-mobile-header-display":"","site-post-title":"disabled","ast-breadcrumbs-content":"","ast-featured-img":"disabled","footer-sml-layout":"","ast-disable-related-posts":"","theme-transparent-header-meta":"default","adv-header-id-meta":"","stick-header-meta":"","header-above-stick-meta":"","header-main-stick-meta":"","header-below-stick-meta":"","astra-migrate-meta-layouts":"default","ast-page-background-enabled":"default","ast-page-background-meta":{"desktop":{"background-color":"var(--ast-global-color-4)","background-image":"","background-repeat":"repeat","background-position":"center center","background-size":"auto","background-attachment":"scroll","background-type":"","background-media":"","overlay-type":"","overlay-color":"","overlay-opacity":"","overlay-gradient":""},"tablet":{"background-color":"","background-image":"","background-repeat":"repeat","background-position":"center center","background-size":"auto","background-attachment":"scroll","background-type":"","background-media":"","overlay-type":"","overlay-color":"","overlay-opacity":"","overlay-gradient":""},"mobile":{"background-color":"","background-image":"","background-repeat":"repeat","background-position":"center center","background-size":"auto","background-attachment":"scroll","background-type":"","background-media":"","overlay-type":"","overlay-color":"","overlay-opacity":"","overlay-gradient":""}},"ast-content-background-meta":{"desktop":{"background-color":"var(--ast-global-color-5)","background-image":"","background-repeat":"repeat","background-position":"center center","background-size":"auto","background-attachment":"scroll","background-type":"","background-media":"","overlay-type":"","overlay-color":"","overlay-opacity":"","overlay-gradient":""},"tablet":{"background-color":"var(--ast-global-color-5)","background-image":"","background-repeat":"repeat","background-position":"center center","background-size":"auto","background-attachment":"scroll","background-type":"","background-media":"","overlay-type":"","overlay-color":"","overlay-opacity":"","overlay-gradient":""},"mobile":{"background-color":"var(--ast-global-color-5)","background-image":"","background-repeat":"repeat","background-position":"center center","background-size":"auto","background-attachment":"scroll","background-type":"","background-media":"","overlay-type":"","overlay-color":"","overlay-opacity":"","overlay-gradient":""}},"footnotes":""},"class_list":["post-12957","page","type-page","status-publish","hentry"],"_links":{"self":[{"href":"https:\/\/swiss-education-company.ch\/es\/wp-json\/wp\/v2\/pages\/12957","targetHints":{"allow":["GET"]}}],"collection":[{"href":"https:\/\/swiss-education-company.ch\/es\/wp-json\/wp\/v2\/pages"}],"about":[{"href":"https:\/\/swiss-education-company.ch\/es\/wp-json\/wp\/v2\/types\/page"}],"author":[{"embeddable":true,"href":"https:\/\/swiss-education-company.ch\/es\/wp-json\/wp\/v2\/users\/3"}],"replies":[{"embeddable":true,"href":"https:\/\/swiss-education-company.ch\/es\/wp-json\/wp\/v2\/comments?post=12957"}],"version-history":[{"count":3,"href":"https:\/\/swiss-education-company.ch\/es\/wp-json\/wp\/v2\/pages\/12957\/revisions"}],"predecessor-version":[{"id":12997,"href":"https:\/\/swiss-education-company.ch\/es\/wp-json\/wp\/v2\/pages\/12957\/revisions\/12997"}],"up":[{"embeddable":true,"href":"https:\/\/swiss-education-company.ch\/es\/wp-json\/wp\/v2\/pages\/12569"}],"wp:attachment":[{"href":"https:\/\/swiss-education-company.ch\/es\/wp-json\/wp\/v2\/media?parent=12957"}],"curies":[{"name":"wp","href":"https:\/\/api.w.org\/{rel}","templated":true}]}}